{"id":6494,"date":"2025-10-26T13:36:51","date_gmt":"2025-10-26T12:36:51","guid":{"rendered":"https:\/\/furzo-marketplace.com\/?post_type=product&#038;p=6494"},"modified":"2025-10-26T14:26:22","modified_gmt":"2025-10-26T13:26:22","slug":"queue-furry-cosplay-encore-plus-skull-%f0%9f%92%80","status":"publish","type":"product","link":"https:\/\/furzo-marketplace.com\/en\/boutique\/queue-furry-cosplay-encore-plus-skull-%f0%9f%92%80\/","title":{"rendered":"Tail Furry Cosplay - Even more Skull \ud83d\udc80"},"content":{"rendered":"<p>Perfectionne ton apparence de Skull de la t\u00eate \u00e0 la queue !<\/p>\n<p>Avec cette queue Skull mont\u00e9e sur \u00e9lastique, elle suivra tes mouvements et p\u00e9rip\u00e9ties !<\/p>\n<p>D\u2019une taille de 85 cm, elle est imposante et difficile \u00e0 manquer !<\/p>\n<p>Attachable with a dedicated belt hole, hang it on your waist easily \ud83d\udcab<\/p>\n<p>\ud83d\udcab (Ceinture non fournie)<\/p>\n<p>Le mod\u00e8le est de Noyra<\/p>\n<p>\ud83c\udfa8 Customizable printing colors available for the base and its elements.<\/p>\n<p>\ud83d\udce6\ud83d\udca8 Fast shipping from my workshop in France<\/p>\n<p>\ud83e\udd8a\ud83d\udc96 Made with care by a Furry world enthusiast<\/p>","protected":false},"excerpt":{"rendered":"<p>Perfect your Skull look from head to tail! With this elastic-mounted Skull tail, it'll follow your movements and adventures!<\/p>","protected":false},"featured_media":6513,"comment_status":"open","ping_status":"closed","template":"","meta":{"_acf_changed":false},"product_brand":[],"product_cat":[96],"product_tag":[208,178,265,266,220,255,264],"class_list":{"0":"post-6494","1":"product","2":"type-product","3":"status-publish","4":"has-post-thumbnail","6":"product_cat-accessoires","7":"product_tag-a-la-main","8":"product_tag-accessoires-furry","9":"product_tag-cosplays","10":"product_tag-dog","11":"product_tag-fursuit","12":"product_tag-queue","13":"product_tag-skull","15":"first","16":"instock","17":"purchasable","18":"product-type-simple"},"exclude_global_add_ons":[],"addons":[],"aioseo_notices":[],"acf":[],"_links":{"self":[{"href":"https:\/\/furzo-marketplace.com\/en\/wp-json\/wp\/v2\/product\/6494","targetHints":{"allow":["GET"]}}],"collection":[{"href":"https:\/\/furzo-marketplace.com\/en\/wp-json\/wp\/v2\/product"}],"about":[{"href":"https:\/\/furzo-marketplace.com\/en\/wp-json\/wp\/v2\/types\/product"}],"replies":[{"embeddable":true,"href":"https:\/\/furzo-marketplace.com\/en\/wp-json\/wp\/v2\/comments?post=6494"}],"wp:featuredmedia":[{"embeddable":true,"href":"https:\/\/furzo-marketplace.com\/en\/wp-json\/wp\/v2\/media\/6513"}],"wp:attachment":[{"href":"https:\/\/furzo-marketplace.com\/en\/wp-json\/wp\/v2\/media?parent=6494"}],"wp:term":[{"taxonomy":"product_brand","embeddable":true,"href":"https:\/\/furzo-marketplace.com\/en\/wp-json\/wp\/v2\/product_brand?post=6494"},{"taxonomy":"product_cat","embeddable":true,"href":"https:\/\/furzo-marketplace.com\/en\/wp-json\/wp\/v2\/product_cat?post=6494"},{"taxonomy":"product_tag","embeddable":true,"href":"https:\/\/furzo-marketplace.com\/en\/wp-json\/wp\/v2\/product_tag?post=6494"}],"curies":[{"name":"wp","href":"https:\/\/api.w.org\/{rel}","templated":true}]}}