{"id":7753,"date":"2026-04-09T17:03:18","date_gmt":"2026-04-09T16:03:18","guid":{"rendered":"https:\/\/furzo-marketplace.com\/boutique\/palico-custom\/"},"modified":"2026-04-09T17:03:18","modified_gmt":"2026-04-09T16:03:18","slug":"palico-custom","status":"publish","type":"product","link":"https:\/\/furzo-marketplace.com\/de\/boutique\/palico-custom\/","title":{"rendered":"Palico Custom"},"content":{"rendered":"","protected":false},"excerpt":{"rendered":"<p>D\u00e9sormais, je peux cr\u00e9er votre propre Palico sur commande ! L&rsquo;id\u00e9e est simple : vous m&rsquo;envoyez une capture d&rsquo;\u00e9cran de votre compagnon dans Monster Hunter, et je le fabrique pour vous en peluche. Ce sera un mod\u00e8le unique, avec ses propres couleurs et ses petits d\u00e9tails. \u2728<\/p>\n<p>Si vous voulez avoir votre partenaire de qu\u00eate \u00e0 vos c\u00f4t\u00e9s dans la vraie vie, envoyez-moi un petit message pour qu&rsquo;on en discute ! \ud83d\udc8c<\/p>","protected":false},"featured_media":7752,"comment_status":"open","ping_status":"closed","template":"","meta":{"_acf_changed":false},"product_brand":[],"product_cat":[99,98],"product_tag":[106,368,218],"class_list":{"0":"post-7753","1":"product","2":"type-product","3":"status-publish","4":"has-post-thumbnail","6":"product_cat-artisanat","7":"product_cat-peluches-jouets","8":"product_tag-custom","9":"product_tag-monsterhunter","10":"product_tag-peluche","12":"first","13":"instock","14":"sold-individually","15":"taxable","16":"shipping-taxable","17":"purchasable","18":"product-type-simple"},"exclude_global_add_ons":true,"addons":[{"name":"Ton Palico","type":"file_upload","position":0,"required":false,"title_format":"label","default":"","description_enable":false,"description":"","placeholder_enable":false,"placeholder":"","display":"select","restrictions_type":"any_text","adjust_price":false,"price":"0","price_type":"flat_fee","restrictions":false,"min":"","max":"","options":[]},{"name":"Des details \u00e0 ajouter ?","type":"custom_text","position":1,"required":false,"title_format":"label","default":"","description_enable":false,"description":"","placeholder_enable":false,"placeholder":"","display":"select","restrictions_type":"any_text","adjust_price":false,"price":"0","price_type":"flat_fee","restrictions":false,"min":"","max":"","options":[]}],"aioseo_notices":[],"acf":[],"_links":{"self":[{"href":"https:\/\/furzo-marketplace.com\/de\/wp-json\/wp\/v2\/product\/7753","targetHints":{"allow":["GET"]}}],"collection":[{"href":"https:\/\/furzo-marketplace.com\/de\/wp-json\/wp\/v2\/product"}],"about":[{"href":"https:\/\/furzo-marketplace.com\/de\/wp-json\/wp\/v2\/types\/product"}],"replies":[{"embeddable":true,"href":"https:\/\/furzo-marketplace.com\/de\/wp-json\/wp\/v2\/comments?post=7753"}],"wp:featuredmedia":[{"embeddable":true,"href":"https:\/\/furzo-marketplace.com\/de\/wp-json\/wp\/v2\/media\/7752"}],"wp:attachment":[{"href":"https:\/\/furzo-marketplace.com\/de\/wp-json\/wp\/v2\/media?parent=7753"}],"wp:term":[{"taxonomy":"product_brand","embeddable":true,"href":"https:\/\/furzo-marketplace.com\/de\/wp-json\/wp\/v2\/product_brand?post=7753"},{"taxonomy":"product_cat","embeddable":true,"href":"https:\/\/furzo-marketplace.com\/de\/wp-json\/wp\/v2\/product_cat?post=7753"},{"taxonomy":"product_tag","embeddable":true,"href":"https:\/\/furzo-marketplace.com\/de\/wp-json\/wp\/v2\/product_tag?post=7753"}],"curies":[{"name":"wp","href":"https:\/\/api.w.org\/{rel}","templated":true}]}}