{"id":7303,"date":"2026-02-18T14:08:26","date_gmt":"2026-02-18T13:08:26","guid":{"rendered":"https:\/\/furzo-marketplace.com\/boutique\/dragon-custom\/"},"modified":"2026-03-18T17:01:31","modified_gmt":"2026-03-18T16:01:31","slug":"dragon-custom","status":"publish","type":"product","link":"https:\/\/furzo-marketplace.com\/de\/boutique\/dragon-custom\/","title":{"rendered":"Dragon custom"},"content":{"rendered":"<p>Du kannst die Farben deines Drachen, die Form des Kopfes und der H\u00f6rner w\u00e4hlen. <\/p>\n<p>Die Fl\u00fcgel sind optional und das gestickte Muster ebenfalls.<br \/>\nZ\u00f6gern Sie nicht, mich \u00fcber meine Netzwerke zu kontaktieren, um weitere Informationen zu erhalten. <\/p>\n<p>Danke <\/p>","protected":false},"excerpt":{"rendered":"<p>Ich biete Ihnen an, Ihren pers\u00f6nlichen Drachen zu gestalten <\/p>","protected":false},"featured_media":7301,"comment_status":"open","ping_status":"closed","template":"","meta":{"_acf_changed":false},"product_brand":[],"product_cat":[99,98],"product_tag":[106,215,218],"class_list":{"0":"post-7303","1":"product","2":"type-product","3":"status-publish","4":"has-post-thumbnail","6":"product_cat-artisanat","7":"product_cat-peluches-jouets","8":"product_tag-custom","9":"product_tag-dragon","10":"product_tag-peluche","12":"first","13":"instock","14":"sold-individually","15":"taxable","16":"shipping-taxable","17":"purchasable","18":"product-type-simple"},"exclude_global_add_ons":true,"addons":[{"name":"Choisissez vos couleurs...","type":"custom_textarea","position":0,"required":true,"title_format":"label","default":"","description_enable":true,"description":"1- corp \n2- ventre \n3- cornes \n4- yeux","placeholder_enable":false,"placeholder":"","display":"select","restrictions_type":"any_text","adjust_price":false,"price":"0","price_type":"flat_fee","restrictions":false,"min":"","max":"","options":[]},{"name":"Kostenpflichtige Optionen","type":"checkbox","position":1,"required":true,"title_format":"label","default":"","description_enable":true,"description":"W\u00e4hlen Sie zus\u00e4tzliche Optionen f\u00fcr Ihr Pl\u00fcschtier.","placeholder_enable":false,"placeholder":"","display":"select","restrictions_type":"any_text","adjust_price":false,"price":"0","price_type":"flat_fee","restrictions":false,"min":"","max":"","options":[{"label":"Langue qui ressort","price":"5","price_type":"flat_fee","image":0,"visibility":true},{"label":"Bandana personnalis\u00e9","price":"10","price_type":"flat_fee","image":0,"visibility":true},{"label":"Ailes","price":"25","price_type":"flat_fee","image":0,"visibility":true},{"label":"Broderie motifs corp (me contacter)","price":"20","price_type":"flat_fee","image":0,"visibility":true},{"label":"Pas d'option suppl\u00e9mentaire","price":"0","price_type":"flat_fee","image":0,"visibility":true}]}],"aioseo_notices":[],"acf":[],"_links":{"self":[{"href":"https:\/\/furzo-marketplace.com\/de\/wp-json\/wp\/v2\/product\/7303","targetHints":{"allow":["GET"]}}],"collection":[{"href":"https:\/\/furzo-marketplace.com\/de\/wp-json\/wp\/v2\/product"}],"about":[{"href":"https:\/\/furzo-marketplace.com\/de\/wp-json\/wp\/v2\/types\/product"}],"replies":[{"embeddable":true,"href":"https:\/\/furzo-marketplace.com\/de\/wp-json\/wp\/v2\/comments?post=7303"}],"wp:featuredmedia":[{"embeddable":true,"href":"https:\/\/furzo-marketplace.com\/de\/wp-json\/wp\/v2\/media\/7301"}],"wp:attachment":[{"href":"https:\/\/furzo-marketplace.com\/de\/wp-json\/wp\/v2\/media?parent=7303"}],"wp:term":[{"taxonomy":"product_brand","embeddable":true,"href":"https:\/\/furzo-marketplace.com\/de\/wp-json\/wp\/v2\/product_brand?post=7303"},{"taxonomy":"product_cat","embeddable":true,"href":"https:\/\/furzo-marketplace.com\/de\/wp-json\/wp\/v2\/product_cat?post=7303"},{"taxonomy":"product_tag","embeddable":true,"href":"https:\/\/furzo-marketplace.com\/de\/wp-json\/wp\/v2\/product_tag?post=7303"}],"curies":[{"name":"wp","href":"https:\/\/api.w.org\/{rel}","templated":true}]}}