{"id":7136,"date":"2026-01-26T16:56:25","date_gmt":"2026-01-26T15:56:25","guid":{"rendered":"https:\/\/furzo-marketplace.com\/boutique\/porte-cle-et-ecusson-brode\/"},"modified":"2026-01-26T16:56:25","modified_gmt":"2026-01-26T15:56:25","slug":"porte-cle-et-ecusson-brode","status":"publish","type":"product","link":"https:\/\/furzo-marketplace.com\/de\/boutique\/porte-cle-et-ecusson-brode\/","title":{"rendered":"Schl\u00fcsselanh\u00e4nger und gestickter Aufn\u00e4her"},"content":{"rendered":"<p>Diese Schl\u00fcsselanh\u00e4nger oder Aufn\u00e4her werden in verschiedenen Farben gestickt und k\u00f6nnen mit Ihrem Fursona-Logo versehen werden, oder mit Modellen, die bereits in meiner Datenbank vorhanden sind, indem Sie einfach die Farben \u00e4ndern.<br \/>\nSie kann bis zu 10 cm gro\u00df sein. Sie k\u00f6nnen einen kleinen Henkel anbringen lassen, um sie wie einen Schl\u00fcsselanh\u00e4nger zu befestigen, oder Sie k\u00f6nnen nach den verschiedenen M\u00f6glichkeiten fragen, die Ihnen zur Verf\u00fcgung stehen, wie z. B. klebende Klettverschl\u00fcsse!<\/p>","protected":false},"excerpt":{"rendered":"<p>Schl\u00fcsselanh\u00e4nger oder Aufn\u00e4her, die mit Stickereien in verschiedenen Farben personalisiert werden k\u00f6nnen, mit einer Seitenl\u00e4nge von 10 cm.<\/p>","protected":false},"featured_media":7133,"comment_status":"open","ping_status":"closed","template":"","meta":{"_acf_changed":false},"product_brand":[],"product_cat":[99],"product_tag":[317,320,319,263],"class_list":{"0":"post-7136","1":"product","2":"type-product","3":"status-publish","4":"has-post-thumbnail","6":"product_cat-artisanat","7":"product_tag-broderie","8":"product_tag-ecusson","9":"product_tag-personnalisable","10":"product_tag-porte-cle","12":"first","13":"instock","14":"sold-individually","15":"taxable","16":"shipping-taxable","17":"purchasable","18":"product-type-simple"},"exclude_global_add_ons":true,"addons":[{"name":"Beschreibung Ihrer Pr\u00e4ferenzen","type":"custom_textarea","position":0,"required":false,"title_format":"label","default":"","description_enable":true,"description":"Vous pouvez demander \u00e0 ce qu'il y ai une anse pour en faire un porte-cl\u00e9 ou certaines couleurs, formes ou visage pour le personnage \u00e0 r\u00e9aliser.\nVeuillez renseigner vos r\u00e9seaux afin de pouvoir vous contacter sur l'avancement ou les \u00e9ventuelles modification \u00e0 apporter avant la production du produit final.","placeholder_enable":false,"placeholder":"","display":"select","restrictions_type":"any_text","adjust_price":false,"price":"0","price_type":"flat_fee","restrictions":false,"min":"","max":"","options":[]},{"name":"Referenz","type":"file_upload","position":1,"required":true,"title_format":"label","default":"","description_enable":true,"description":"Bitte senden Sie Referenzbilder oder -kunst, um Ihr Produkt bestm\u00f6glich zu realisieren.","placeholder_enable":false,"placeholder":"","display":"select","restrictions_type":"any_text","adjust_price":false,"price":"0","price_type":"flat_fee","restrictions":false,"min":"","max":"","options":[]}],"aioseo_notices":[],"acf":[],"_links":{"self":[{"href":"https:\/\/furzo-marketplace.com\/de\/wp-json\/wp\/v2\/product\/7136","targetHints":{"allow":["GET"]}}],"collection":[{"href":"https:\/\/furzo-marketplace.com\/de\/wp-json\/wp\/v2\/product"}],"about":[{"href":"https:\/\/furzo-marketplace.com\/de\/wp-json\/wp\/v2\/types\/product"}],"replies":[{"embeddable":true,"href":"https:\/\/furzo-marketplace.com\/de\/wp-json\/wp\/v2\/comments?post=7136"}],"wp:featuredmedia":[{"embeddable":true,"href":"https:\/\/furzo-marketplace.com\/de\/wp-json\/wp\/v2\/media\/7133"}],"wp:attachment":[{"href":"https:\/\/furzo-marketplace.com\/de\/wp-json\/wp\/v2\/media?parent=7136"}],"wp:term":[{"taxonomy":"product_brand","embeddable":true,"href":"https:\/\/furzo-marketplace.com\/de\/wp-json\/wp\/v2\/product_brand?post=7136"},{"taxonomy":"product_cat","embeddable":true,"href":"https:\/\/furzo-marketplace.com\/de\/wp-json\/wp\/v2\/product_cat?post=7136"},{"taxonomy":"product_tag","embeddable":true,"href":"https:\/\/furzo-marketplace.com\/de\/wp-json\/wp\/v2\/product_tag?post=7136"}],"curies":[{"name":"wp","href":"https:\/\/api.w.org\/{rel}","templated":true}]}}