{"id":7046,"date":"2026-01-11T18:16:02","date_gmt":"2026-01-11T17:16:02","guid":{"rendered":"https:\/\/furzo-marketplace.com\/boutique\/doudou-custom\/"},"modified":"2026-03-18T17:08:26","modified_gmt":"2026-03-18T16:08:26","slug":"doudou-custom","status":"publish","type":"product","link":"https:\/\/furzo-marketplace.com\/de\/boutique\/doudou-custom\/","title":{"rendered":"Kuscheltier Custom"},"content":{"rendered":"<p>Ich fertige aus einem Refsheet ein Kuscheltier aus deinem Fursona an.<br \/>\nDu musst wissen, dass nicht alle Details realisierbar sind, aber ich werde mich mit deiner Zustimmung so weit wie m\u00f6glich deinem Furso ann\u00e4hern. ^^ <\/p>","protected":false},"excerpt":{"rendered":"<p>Bestelle hier dein personalisiertes Kuscheltier <\/p>","protected":false},"featured_media":7042,"comment_status":"open","ping_status":"closed","template":"","meta":{"_acf_changed":false},"product_brand":[],"product_cat":[98],"product_tag":[106,310,228],"class_list":{"0":"post-7046","1":"product","2":"type-product","3":"status-publish","4":"has-post-thumbnail","6":"product_cat-peluches-jouets","7":"product_tag-custom","8":"product_tag-doudou","9":"product_tag-furry","11":"first","12":"instock","13":"sold-individually","14":"taxable","15":"shipping-taxable","16":"purchasable","17":"product-type-simple"},"exclude_global_add_ons":true,"addons":[{"name":"Hinweis auf Ihr Fursona","type":"file_upload","position":0,"required":true,"title_format":"label","default":"","description_enable":true,"description":"Laden Sie ein klares Bild Ihres Charakters herunter.","placeholder_enable":false,"placeholder":"","display":"select","restrictions_type":"any_text","adjust_price":false,"price":"0","price_type":"flat_fee","restrictions":false,"min":"","max":"","options":[]},{"name":"Kostenpflichtige Optionen","type":"checkbox","position":1,"required":false,"title_format":"label","default":"","description_enable":true,"description":"W\u00e4hlen Sie zus\u00e4tzliche Optionen f\u00fcr Ihr Pl\u00fcschtier.","placeholder_enable":false,"placeholder":"","display":"select","restrictions_type":"any_text","adjust_price":false,"price":"0","price_type":"flat_fee","restrictions":false,"min":"","max":"","options":[{"label":"Langue qui ressort","price":"5","price_type":"flat_fee","image":0,"visibility":true},{"label":"Ailes","price":"10","price_type":"flat_fee","image":0,"visibility":true}]}],"aioseo_notices":[],"acf":[],"_links":{"self":[{"href":"https:\/\/furzo-marketplace.com\/de\/wp-json\/wp\/v2\/product\/7046","targetHints":{"allow":["GET"]}}],"collection":[{"href":"https:\/\/furzo-marketplace.com\/de\/wp-json\/wp\/v2\/product"}],"about":[{"href":"https:\/\/furzo-marketplace.com\/de\/wp-json\/wp\/v2\/types\/product"}],"replies":[{"embeddable":true,"href":"https:\/\/furzo-marketplace.com\/de\/wp-json\/wp\/v2\/comments?post=7046"}],"wp:featuredmedia":[{"embeddable":true,"href":"https:\/\/furzo-marketplace.com\/de\/wp-json\/wp\/v2\/media\/7042"}],"wp:attachment":[{"href":"https:\/\/furzo-marketplace.com\/de\/wp-json\/wp\/v2\/media?parent=7046"}],"wp:term":[{"taxonomy":"product_brand","embeddable":true,"href":"https:\/\/furzo-marketplace.com\/de\/wp-json\/wp\/v2\/product_brand?post=7046"},{"taxonomy":"product_cat","embeddable":true,"href":"https:\/\/furzo-marketplace.com\/de\/wp-json\/wp\/v2\/product_cat?post=7046"},{"taxonomy":"product_tag","embeddable":true,"href":"https:\/\/furzo-marketplace.com\/de\/wp-json\/wp\/v2\/product_tag?post=7046"}],"curies":[{"name":"wp","href":"https:\/\/api.w.org\/{rel}","templated":true}]}}