{"id":6952,"date":"2026-01-05T16:00:51","date_gmt":"2026-01-05T15:00:51","guid":{"rendered":"https:\/\/furzo-marketplace.com\/boutique\/full-body-with-simple-background\/"},"modified":"2026-03-03T09:23:05","modified_gmt":"2026-03-03T08:23:05","slug":"full-body-with-simple-background","status":"publish","type":"product","link":"https:\/\/furzo-marketplace.com\/de\/boutique\/full-body-with-simple-background\/","title":{"rendered":"Full body (mit einfachem Hintergrund)"},"content":{"rendered":"<p>Inbegriffen:<\/p>\n<p>Eine Zeichnung, die ich im traditionellen Stil mit Alkoholfilz und einigen Details angefertigt habe.<\/p>\n<p>Was ich brauche:<\/p>\n<p>Alle Referenzen Ihres Charakters. Wenn es sich um eine v\u00f6llig neue OK handelt, die von Grund auf neu erstellt werden soll, schicken Sie mir bitte alle Referenzen, die Sie einbauen m\u00f6chten, und seien Sie so deutlich wie m\u00f6glich, damit ich Ihre Erwartungen richtig verstehe.<\/p>\n<p>Ich stimme zu :<\/p>\n<p>All-Age-Zeichnungen (SFW) und die meisten reifen Zeichnungen, anthropomorphe, humanoide und menschliche Figuren (auch wenn dies nicht mein Spezialgebiet ist).<\/p>\n<p>Ich akzeptiere nicht :<\/p>\n<p>digitale Kunst (ich lerne gerade wieder digitale Kunst, ich bin noch nicht gut genug), Fetische, Gore (standardm\u00e4\u00dfig, sagen Sie sich, dass ich sie nicht akzeptiere), Kinder und \u00e4ltere Menschen (bitte ... fragen Sie mich das nicht, wenn Sie das tun, holen Sie sich Hilfe von einem Psychiater), Animationen (ich mache das einfach nicht, ich habe nicht die F\u00e4higkeiten dazu).<\/p>","protected":false},"excerpt":{"rendered":"<p>Full-body mit einfachem Hintergrund traditionell mit Alkoholfilz ausgef\u00fchrt<\/p>","protected":false},"featured_media":6951,"comment_status":"open","ping_status":"closed","template":"","meta":{"_acf_changed":false},"product_brand":[],"product_cat":[189,94],"product_tag":[108,207,228,214],"class_list":{"0":"post-6952","1":"product","2":"type-product","3":"status-publish","4":"has-post-thumbnail","6":"product_cat-dessin","7":"product_cat-illustrations","8":"product_tag-commission","9":"product_tag-dessin","10":"product_tag-furry","11":"product_tag-traditionnel","13":"first","14":"instock","15":"virtual","16":"sold-individually","17":"taxable","18":"purchasable","19":"product-type-simple"},"exclude_global_add_ons":true,"addons":[{"name":"Referenz Ihres Charakters","type":"file_upload","position":0,"required":true,"title_format":"label","default":"","description_enable":true,"description":"d\u00e9posez l'image de r\u00e9f\u00e9rence de votre personnage.","placeholder_enable":false,"placeholder":"","display":"select","restrictions_type":"any_text","adjust_price":false,"price":"0","price_type":"flat_fee","restrictions":false,"min":"","max":"","options":[]},{"name":"Beschreibung der Bestellung","type":"custom_textarea","position":1,"required":true,"title_format":"label","default":"","description_enable":true,"description":"D\u00e9crivez la pose, l'expression, l'ambiance, etc. que vous d\u00e9sirez.","placeholder_enable":false,"placeholder":"","display":"select","restrictions_type":"any_text","adjust_price":false,"price":"0","price_type":"flat_fee","restrictions":false,"min":"","max":"","options":[]},{"name":"Zus\u00e4tzlicher Charakter","type":"multiple_choice","position":2,"required":false,"title_format":"label","default":"","description_enable":true,"description":"Wie viele zus\u00e4tzliche Charaktere w\u00fcnschen Sie sich?","placeholder_enable":false,"placeholder":"","display":"select","restrictions_type":"any_text","adjust_price":false,"price":"0","price_type":"flat_fee","restrictions":false,"min":"","max":"","options":[{"label":"1 personnage","price":"20","price_type":"flat_fee","image":0,"visibility":true},{"label":"2 personnages","price":"40","price_type":"flat_fee","image":0,"visibility":true},{"label":"3 personnages","price":"60","price_type":"flat_fee","image":0,"visibility":true}]}],"aioseo_notices":[],"acf":[],"_links":{"self":[{"href":"https:\/\/furzo-marketplace.com\/de\/wp-json\/wp\/v2\/product\/6952","targetHints":{"allow":["GET"]}}],"collection":[{"href":"https:\/\/furzo-marketplace.com\/de\/wp-json\/wp\/v2\/product"}],"about":[{"href":"https:\/\/furzo-marketplace.com\/de\/wp-json\/wp\/v2\/types\/product"}],"replies":[{"embeddable":true,"href":"https:\/\/furzo-marketplace.com\/de\/wp-json\/wp\/v2\/comments?post=6952"}],"wp:featuredmedia":[{"embeddable":true,"href":"https:\/\/furzo-marketplace.com\/de\/wp-json\/wp\/v2\/media\/6951"}],"wp:attachment":[{"href":"https:\/\/furzo-marketplace.com\/de\/wp-json\/wp\/v2\/media?parent=6952"}],"wp:term":[{"taxonomy":"product_brand","embeddable":true,"href":"https:\/\/furzo-marketplace.com\/de\/wp-json\/wp\/v2\/product_brand?post=6952"},{"taxonomy":"product_cat","embeddable":true,"href":"https:\/\/furzo-marketplace.com\/de\/wp-json\/wp\/v2\/product_cat?post=6952"},{"taxonomy":"product_tag","embeddable":true,"href":"https:\/\/furzo-marketplace.com\/de\/wp-json\/wp\/v2\/product_tag?post=6952"}],"curies":[{"name":"wp","href":"https:\/\/api.w.org\/{rel}","templated":true}]}}