{"id":6540,"date":"2025-10-26T15:32:03","date_gmt":"2025-10-26T14:32:03","guid":{"rendered":"https:\/\/furzo-marketplace.com\/?post_type=product&#038;p=6540"},"modified":"2025-10-26T15:44:39","modified_gmt":"2025-10-26T14:44:39","slug":"base-masque-therian-loup%f0%9f%90%ba","status":"publish","type":"product","link":"https:\/\/furzo-marketplace.com\/de\/boutique\/base-masque-therian-loup%f0%9f%90%ba\/","title":{"rendered":"Therian Mask Base - Wolf\ud83d\udc3a."},"content":{"rendered":"<p>Entdecken Sie diese Basis f\u00fcr die Therian Wolf-Maske, die vollst\u00e4ndig aus PLA 3D-gedruckt wurde.<\/p>\n<p>Ideal f\u00fcr deine Cosplay-, Therian- oder Kunstprojekte. Diese Basis ist stabil, leicht und einfach zu bearbeiten. \ud83c\udfa8\ud83d\udd8c\ufe0f<\/p>\n<p>\ud83d\udca1 Eigenschaften: Materialien: PLA (andere festere Materialien sind auf Anfrage erh\u00e4ltlich)<\/p>\n<p>Oberfl\u00e4che, die bereit ist, geschliffen, gestrichen oder mit Schaumstoff\/Pelz bedeckt zu werden<\/p>\n<p>Sorgf\u00e4ltige Details f\u00fcr eine realistische und harmonische Form<\/p>\n<p>Gr\u00f6\u00dfe nach Bedarf anpassbar (individuelle Bestellungen m\u00f6glich)<\/p>\n<p>\ud83d\udce6 Verf\u00fcgbare Optionen: Anpassen der Kunststofffarbe vor dem Drucken Bestellung in Chargen f\u00fcr Ihre Workshops oder kollaborativen Projekte<\/p>\n<p>Kopfbasis modelliert durch <a href=\"http:\/\/Maim.itch.io\">Maim.itch.io <\/a><\/p>\n<p>\ud83d\udce6\ud83d\udca8 Schneller Versand aus meiner Werkstatt in Frankreich.<\/p>\n<p>\ud83e\udd8a\ud83d\udc96 Mit Liebe gemacht von einem leidenschaftlichen Furry World &amp; Cosplay.<\/p>","protected":false},"excerpt":{"rendered":"<p>Entdecken Sie diese Basis f\u00fcr die Therian Wolf-Maske, die vollst\u00e4ndig aus PLA 3D-gedruckt wurde.<\/p>\n<p>Ideal f\u00fcr deine Cosplay-, Therian- oder Kunstprojekte. Diese Basis ist stabil, leicht und einfach zu bearbeiten. \ud83c\udfa8\ud83d\udd8c\ufe0f<\/p>","protected":false},"featured_media":6542,"comment_status":"open","ping_status":"closed","template":"","meta":{"_acf_changed":false},"product_brand":[],"product_cat":[198],"product_tag":[208,111,257,259,265,266,228,220,216,271,274,261,268,270],"class_list":{"0":"post-6540","1":"product","2":"type-product","3":"status-publish","4":"has-post-thumbnail","6":"product_cat-base-de-tete","7":"product_tag-a-la-main","8":"product_tag-artisanat","9":"product_tag-base","10":"product_tag-base-de-tete","11":"product_tag-cosplays","12":"product_tag-dog","13":"product_tag-furry","14":"product_tag-fursuit","15":"product_tag-loup","16":"product_tag-masque","17":"product_tag-pla","18":"product_tag-tete","19":"product_tag-thelair3d","20":"product_tag-therian","22":"first","23":"instock","24":"purchasable","25":"product-type-simple"},"exclude_global_add_ons":[],"addons":[],"aioseo_notices":[],"acf":[],"_links":{"self":[{"href":"https:\/\/furzo-marketplace.com\/de\/wp-json\/wp\/v2\/product\/6540","targetHints":{"allow":["GET"]}}],"collection":[{"href":"https:\/\/furzo-marketplace.com\/de\/wp-json\/wp\/v2\/product"}],"about":[{"href":"https:\/\/furzo-marketplace.com\/de\/wp-json\/wp\/v2\/types\/product"}],"replies":[{"embeddable":true,"href":"https:\/\/furzo-marketplace.com\/de\/wp-json\/wp\/v2\/comments?post=6540"}],"wp:featuredmedia":[{"embeddable":true,"href":"https:\/\/furzo-marketplace.com\/de\/wp-json\/wp\/v2\/media\/6542"}],"wp:attachment":[{"href":"https:\/\/furzo-marketplace.com\/de\/wp-json\/wp\/v2\/media?parent=6540"}],"wp:term":[{"taxonomy":"product_brand","embeddable":true,"href":"https:\/\/furzo-marketplace.com\/de\/wp-json\/wp\/v2\/product_brand?post=6540"},{"taxonomy":"product_cat","embeddable":true,"href":"https:\/\/furzo-marketplace.com\/de\/wp-json\/wp\/v2\/product_cat?post=6540"},{"taxonomy":"product_tag","embeddable":true,"href":"https:\/\/furzo-marketplace.com\/de\/wp-json\/wp\/v2\/product_tag?post=6540"}],"curies":[{"name":"wp","href":"https:\/\/api.w.org\/{rel}","templated":true}]}}