{"id":6462,"date":"2025-10-20T10:59:17","date_gmt":"2025-10-20T09:59:17","guid":{"rendered":"https:\/\/furzo-marketplace.com\/?post_type=product&#038;p=6462"},"modified":"2025-10-20T11:04:36","modified_gmt":"2025-10-20T10:04:36","slug":"porte-cles-dragon-fesses-%f0%9f%8d%91","status":"publish","type":"product","link":"https:\/\/furzo-marketplace.com\/de\/boutique\/porte-cles-dragon-fesses-%f0%9f%8d%91\/","title":{"rendered":"Schl\u00fcsselanh\u00e4nger Dragon Po \ud83c\udf51."},"content":{"rendered":"<p>Der Dragon Po Schl\u00fcsselanh\u00e4nger ist da! \ud83c\udf51<\/p>\n<p>Hier kommt der neueste K\u00e4fer direkt aus dem Bau des Roten Drachen: der Dragon Po Schl\u00fcsselanh\u00e4nger! \ud83d\udc09\ud83c\udf51<\/p>\n<p>Im Terrier ist die gegenseitige Unterst\u00fctzung von K\u00fcnstlern ein wesentlicher Wert. Deshalb haben wir uns daf\u00fcr entschieden, direkt mit talentierten Designern zusammenzuarbeiten, um Ihnen diese Art von kleinen Nuggets anbieten zu k\u00f6nnen!<\/p>\n<p>Diese Zeichnung wurde von der talentierten Kitjune-plush angefertigt! Sie fertigt ihre eigenen Pl\u00fcschtiere an, zeichnet aber auch wunderbare kleine Figuren, wie den ber\u00fchmten Drachen Po, der nur darauf wartet, adoptiert zu werden \ud83d\udc96.<\/p>\n<p>Jeder Verkauf wird gerecht zwischen dem K\u00fcnstler und dem Terrier aufgeteilt. Ein Kauf = eine direkte Unterst\u00fctzung f\u00fcr die K\u00fcnstler des Fandoms!<\/p>\n<p>\u2728 Aufruf an die K\u00fcnstler! Wenn du ein K\u00fcnstler bist und auch du m\u00f6chtest, dass deine Zeichnungen zum Leben erweckt werden, dann schick uns eine Nachricht! \ud83d\udc09\ud83d\udc4d<\/p>","protected":false},"excerpt":{"rendered":"<p>Der Dragon Po Schl\u00fcsselanh\u00e4nger ist da! \ud83c\udf51<\/p>\n<p>Hier kommt der neueste K\u00e4fer direkt aus dem Bau des Roten Drachen: der Dragon Po Schl\u00fcsselanh\u00e4nger! \ud83d\udc09\ud83c\udf51<\/p>","protected":false},"featured_media":6463,"comment_status":"open","ping_status":"closed","template":"","meta":{"_acf_changed":false},"product_brand":[],"product_cat":[99],"product_tag":[208,178,263],"class_list":{"0":"post-6462","1":"product","2":"type-product","3":"status-publish","4":"has-post-thumbnail","6":"product_cat-artisanat","7":"product_tag-a-la-main","8":"product_tag-accessoires-furry","9":"product_tag-porte-cle","11":"first","12":"instock","13":"taxable","14":"shipping-taxable","15":"purchasable","16":"product-type-simple"},"exclude_global_add_ons":[],"addons":[],"aioseo_notices":[],"acf":[],"_links":{"self":[{"href":"https:\/\/furzo-marketplace.com\/de\/wp-json\/wp\/v2\/product\/6462","targetHints":{"allow":["GET"]}}],"collection":[{"href":"https:\/\/furzo-marketplace.com\/de\/wp-json\/wp\/v2\/product"}],"about":[{"href":"https:\/\/furzo-marketplace.com\/de\/wp-json\/wp\/v2\/types\/product"}],"replies":[{"embeddable":true,"href":"https:\/\/furzo-marketplace.com\/de\/wp-json\/wp\/v2\/comments?post=6462"}],"wp:featuredmedia":[{"embeddable":true,"href":"https:\/\/furzo-marketplace.com\/de\/wp-json\/wp\/v2\/media\/6463"}],"wp:attachment":[{"href":"https:\/\/furzo-marketplace.com\/de\/wp-json\/wp\/v2\/media?parent=6462"}],"wp:term":[{"taxonomy":"product_brand","embeddable":true,"href":"https:\/\/furzo-marketplace.com\/de\/wp-json\/wp\/v2\/product_brand?post=6462"},{"taxonomy":"product_cat","embeddable":true,"href":"https:\/\/furzo-marketplace.com\/de\/wp-json\/wp\/v2\/product_cat?post=6462"},{"taxonomy":"product_tag","embeddable":true,"href":"https:\/\/furzo-marketplace.com\/de\/wp-json\/wp\/v2\/product_tag?post=6462"}],"curies":[{"name":"wp","href":"https:\/\/api.w.org\/{rel}","templated":true}]}}