{"id":6447,"date":"2025-10-16T19:42:30","date_gmt":"2025-10-16T18:42:30","guid":{"rendered":"https:\/\/furzo-marketplace.com\/?post_type=product&#038;p=6447"},"modified":"2025-10-20T10:23:33","modified_gmt":"2025-10-20T09:23:33","slug":"base-de-tete-fursuit-cheval","status":"publish","type":"product","link":"https:\/\/furzo-marketplace.com\/de\/boutique\/base-de-tete-fursuit-cheval\/","title":{"rendered":"Kopfbasis Fursuit Pferd"},"content":{"rendered":"<p>Eigenschaften :<\/p>\n<p>- Augenlider, die am 3D-Modell f\u00fcr einen ausdrucksstarken Effekt hinzugef\u00fcgt wurden \ud83d\udc85.<\/p>\n<p>- Sofort nach Erhalt verwendbar<\/p>\n<p>Verf\u00fcgbare Gr\u00f6\u00dfen :<\/p>\n<p>- F\u00fcr eine individuelle Gr\u00f6\u00dfe sende mir nach deiner Bestellung eine Nachricht und gib die gew\u00fcnschte Gr\u00f6\u00dfe an. Keine zus\u00e4tzlichen Kosten!<\/p>\n<p>Farboptionen :<\/p>\n<p>- Schwarz und Wei\u00df optional enthalten<\/p>\n<p>- F\u00fcr jede andere Farbe, kontaktieren Sie mich nach der Bestellung, um Ihre Basis zu personalisieren<\/p>\n<p>Hast du ein Fursuit- oder Cosplay-Projekt? Wir erstellen es gemeinsam, wenn du m\u00f6chtest! \ud83d\ude3a\ud83d\udc4d<\/p>\n<p>Individuelle Gestaltung der Druckfarben f\u00fcr die Basis und ihre Elemente m\u00f6glich. \ud83d\udce6\ud83d\udca8<\/p>\n<p>Schneller Versand aus meiner Werkstatt in Frankreich \ud83e\udd8a\ud83d\udc96 Sorgf\u00e4ltig hergestellt von einem leidenschaftlichen Furry Welt.<\/p>","protected":false},"excerpt":{"rendered":"<p>Spirit, der wilde Hengst aus dem amerikanischen Westen oder die Inspiration von My Little Pony in der Welt von Equestria. \ud83d\udc34\u2728<\/p>\n<p>So viele Cartoons, die unsere Kindheit zum Tr\u00e4umen gebracht haben... Heute bietet dir Le Terrier mit dieser Basis f\u00fcr den Pferdekopf Furry von Mugiwara die Chance, wieder zu tr\u00e4umen.<\/p>","protected":false},"featured_media":6448,"comment_status":"open","ping_status":"closed","template":"","meta":{"_acf_changed":false},"product_brand":[],"product_cat":[198],"product_tag":[257,259,258,228,220,260],"class_list":{"0":"post-6447","1":"product","2":"type-product","3":"status-publish","4":"has-post-thumbnail","6":"product_cat-base-de-tete","7":"product_tag-base","8":"product_tag-base-de-tete","9":"product_tag-creation","10":"product_tag-furry","11":"product_tag-fursuit","12":"product_tag-impresion","14":"first","15":"instock","16":"taxable","17":"shipping-taxable","18":"purchasable","19":"product-type-simple"},"exclude_global_add_ons":false,"addons":[{"name":"Farbe","type":"checkbox","position":0,"required":true,"title_format":"label","default":"","description_enable":true,"description":"Choix de couleurs pour la base. \r\nPour d'autres couleurs, envoyez-moi un message.","placeholder_enable":false,"placeholder":"","display":"select","restrictions_type":"any_text","adjust_price":false,"price":"","price_type":"flat_fee","restrictions":false,"min":"0","max":"0","options":[{"label":"Noir","price":"","price_type":"flat_fee","image":0,"visibility":true},{"label":"Blanc","price":"","price_type":"flat_fee","image":0,"visibility":true},{"label":"Autre","price":"","price_type":"flat_fee","image":0,"visibility":true}],"id":0}],"aioseo_notices":[],"acf":[],"_links":{"self":[{"href":"https:\/\/furzo-marketplace.com\/de\/wp-json\/wp\/v2\/product\/6447","targetHints":{"allow":["GET"]}}],"collection":[{"href":"https:\/\/furzo-marketplace.com\/de\/wp-json\/wp\/v2\/product"}],"about":[{"href":"https:\/\/furzo-marketplace.com\/de\/wp-json\/wp\/v2\/types\/product"}],"replies":[{"embeddable":true,"href":"https:\/\/furzo-marketplace.com\/de\/wp-json\/wp\/v2\/comments?post=6447"}],"wp:featuredmedia":[{"embeddable":true,"href":"https:\/\/furzo-marketplace.com\/de\/wp-json\/wp\/v2\/media\/6448"}],"wp:attachment":[{"href":"https:\/\/furzo-marketplace.com\/de\/wp-json\/wp\/v2\/media?parent=6447"}],"wp:term":[{"taxonomy":"product_brand","embeddable":true,"href":"https:\/\/furzo-marketplace.com\/de\/wp-json\/wp\/v2\/product_brand?post=6447"},{"taxonomy":"product_cat","embeddable":true,"href":"https:\/\/furzo-marketplace.com\/de\/wp-json\/wp\/v2\/product_cat?post=6447"},{"taxonomy":"product_tag","embeddable":true,"href":"https:\/\/furzo-marketplace.com\/de\/wp-json\/wp\/v2\/product_tag?post=6447"}],"curies":[{"name":"wp","href":"https:\/\/api.w.org\/{rel}","templated":true}]}}