{"id":6398,"date":"2025-09-04T17:38:58","date_gmt":"2025-09-04T16:38:58","guid":{"rendered":"https:\/\/furzo-marketplace.com\/?post_type=product&#038;p=6398"},"modified":"2025-09-04T17:44:47","modified_gmt":"2025-09-04T16:44:47","slug":"aubergine-en-peluche","status":"publish","type":"product","link":"https:\/\/furzo-marketplace.com\/de\/boutique\/aubergine-en-peluche\/","title":{"rendered":"Aubergine aus Pl\u00fcsch"},"content":{"rendered":"<p>Ca. 20 cm gro\u00dfer Pl\u00fcsch-Aubergine aus Fleece mit Wattierung und einem Puschel.<\/p>","protected":false},"excerpt":{"rendered":"<p>Aubergine aus Pl\u00fcsch - ca. 20cm<\/p>","protected":false},"featured_media":6400,"comment_status":"open","ping_status":"closed","template":"","meta":{"_acf_changed":false},"product_brand":[],"product_cat":[96],"product_tag":[254,218,236],"class_list":{"0":"post-6398","1":"product","2":"type-product","3":"status-publish","4":"has-post-thumbnail","6":"product_cat-accessoires","7":"product_tag-aubergine","8":"product_tag-peluche","9":"product_tag-props","11":"first","12":"instock","13":"taxable","14":"shipping-taxable","15":"purchasable","16":"product-type-simple"},"exclude_global_add_ons":[],"addons":[],"aioseo_notices":[],"acf":[],"_links":{"self":[{"href":"https:\/\/furzo-marketplace.com\/de\/wp-json\/wp\/v2\/product\/6398","targetHints":{"allow":["GET"]}}],"collection":[{"href":"https:\/\/furzo-marketplace.com\/de\/wp-json\/wp\/v2\/product"}],"about":[{"href":"https:\/\/furzo-marketplace.com\/de\/wp-json\/wp\/v2\/types\/product"}],"replies":[{"embeddable":true,"href":"https:\/\/furzo-marketplace.com\/de\/wp-json\/wp\/v2\/comments?post=6398"}],"wp:featuredmedia":[{"embeddable":true,"href":"https:\/\/furzo-marketplace.com\/de\/wp-json\/wp\/v2\/media\/6400"}],"wp:attachment":[{"href":"https:\/\/furzo-marketplace.com\/de\/wp-json\/wp\/v2\/media?parent=6398"}],"wp:term":[{"taxonomy":"product_brand","embeddable":true,"href":"https:\/\/furzo-marketplace.com\/de\/wp-json\/wp\/v2\/product_brand?post=6398"},{"taxonomy":"product_cat","embeddable":true,"href":"https:\/\/furzo-marketplace.com\/de\/wp-json\/wp\/v2\/product_cat?post=6398"},{"taxonomy":"product_tag","embeddable":true,"href":"https:\/\/furzo-marketplace.com\/de\/wp-json\/wp\/v2\/product_tag?post=6398"}],"curies":[{"name":"wp","href":"https:\/\/api.w.org\/{rel}","templated":true}]}}