{"id":6346,"date":"2025-08-25T21:02:13","date_gmt":"2025-08-25T20:02:13","guid":{"rendered":"https:\/\/furzo-marketplace.com\/?post_type=product&#038;p=6346"},"modified":"2025-11-01T00:03:02","modified_gmt":"2025-10-31T23:03:02","slug":"badge-plastifiee-a5-peint-a-aquarelle","status":"publish","type":"product","link":"https:\/\/furzo-marketplace.com\/de\/boutique\/badge-plastifiee-a5-peint-a-aquarelle\/","title":{"rendered":"Namensschild laminiert A5 mit Wasserfarben bemalt"},"content":{"rendered":"<p>Handgemalte Bilder auf hochwertigem Papier. Das Aquarell kann mit Glitter versehen werden, ein Glanzeffekt kann z. B. auf die Augen oder die Nase gelegt werden.<\/p>\n<p>Sie k\u00f6nnen einen Hintergrund, Gegenst\u00e4nde oder alles, was Ihre Fursona repr\u00e4sentiert, beantragen.<\/p>\n<p>Wir diskutieren gemeinsam \u00fcber die Polizei, den leichten Ausdruck...<\/p>","protected":false},"excerpt":{"rendered":"<p>Mit Wasserfarben bemalter Headshot in A5-Gr\u00f6\u00dfe, laminiert und mit Schutz\u00f6se<\/p>\n<p>Mehrere Optionen m\u00f6glich<\/p>","protected":false},"featured_media":6342,"comment_status":"open","ping_status":"closed","template":"","meta":{"_acf_changed":false},"product_brand":[],"product_cat":[94],"product_tag":[208,205,250,206],"class_list":{"0":"post-6346","1":"product","2":"type-product","3":"status-publish","4":"has-post-thumbnail","6":"product_cat-illustrations","7":"product_tag-a-la-main","8":"product_tag-badge","9":"product_tag-peint","10":"product_tag-peinture","12":"first","13":"instock","14":"taxable","15":"shipping-taxable","16":"purchasable","17":"product-type-simple"},"exclude_global_add_ons":[],"addons":[],"aioseo_notices":[],"acf":[],"_links":{"self":[{"href":"https:\/\/furzo-marketplace.com\/de\/wp-json\/wp\/v2\/product\/6346","targetHints":{"allow":["GET"]}}],"collection":[{"href":"https:\/\/furzo-marketplace.com\/de\/wp-json\/wp\/v2\/product"}],"about":[{"href":"https:\/\/furzo-marketplace.com\/de\/wp-json\/wp\/v2\/types\/product"}],"replies":[{"embeddable":true,"href":"https:\/\/furzo-marketplace.com\/de\/wp-json\/wp\/v2\/comments?post=6346"}],"wp:featuredmedia":[{"embeddable":true,"href":"https:\/\/furzo-marketplace.com\/de\/wp-json\/wp\/v2\/media\/6342"}],"wp:attachment":[{"href":"https:\/\/furzo-marketplace.com\/de\/wp-json\/wp\/v2\/media?parent=6346"}],"wp:term":[{"taxonomy":"product_brand","embeddable":true,"href":"https:\/\/furzo-marketplace.com\/de\/wp-json\/wp\/v2\/product_brand?post=6346"},{"taxonomy":"product_cat","embeddable":true,"href":"https:\/\/furzo-marketplace.com\/de\/wp-json\/wp\/v2\/product_cat?post=6346"},{"taxonomy":"product_tag","embeddable":true,"href":"https:\/\/furzo-marketplace.com\/de\/wp-json\/wp\/v2\/product_tag?post=6346"}],"curies":[{"name":"wp","href":"https:\/\/api.w.org\/{rel}","templated":true}]}}