{"id":6215,"date":"2025-07-11T16:36:41","date_gmt":"2025-07-11T15:36:41","guid":{"rendered":"https:\/\/furzo-marketplace.com\/?post_type=product&#038;p=6215"},"modified":"2025-07-11T17:04:53","modified_gmt":"2025-07-11T16:04:53","slug":"tete-de-fursuit-doiseau-theme-printemps","status":"publish","type":"product","link":"https:\/\/furzo-marketplace.com\/de\/boutique\/tete-de-fursuit-doiseau-theme-printemps\/","title":{"rendered":"Vogel-Fursuit-Kopf - Fr\u00fchlingsthema"},"content":{"rendered":"<p><strong>D\u00e9tails de la t\u00eate :<\/strong><\/p>\n<ul>\n<li>Fursuit enti\u00e8rement doubl\u00e9<\/li>\n<li>une fermeture \u00e9claireau dos<\/li>\n<li>un \u00e9lastique pour le maintient de la tete<\/li>\n<\/ul>\n<p>&nbsp;<\/p>\n<p><strong>Gr\u00f6\u00dfe :<\/strong> tour de t\u00eate conseill\u00e9 &#8211; petite \u00e0 moyenne (taille a renseigner)<\/p>\n<p>&nbsp;<\/p>\n<p>Fournis avec :<\/p>\n<p>&#8211; une paire de paupi\u00e8re magn\u00e9tique<\/p>\n<p>-une r\u00e9f\u00e9rence compl\u00e8te ( ajout du nom \u00e0 l&rsquo;achat)<\/p>","protected":false},"excerpt":{"rendered":"<p><strong>T\u00eate de Fursuit d&rsquo;oiseau du printemps<\/strong><\/p>\n<p>Theme 4 saisons<\/p>\n<p>Premade &#8211; Enti\u00e8rement neuve<\/p>\n<p><strong>________________________<\/strong><\/p>\n<p>D\u00e9couvrez cette t\u00eate d&rsquo;oiseau, sur le th\u00e8me du printemps. Elle fait partie d&rsquo;une s\u00e9rie de 4 fursuits pour les 4 saisons.<\/p>","protected":false},"featured_media":6221,"comment_status":"open","ping_status":"closed","template":"","meta":{"_acf_changed":false},"product_brand":[],"product_cat":[197],"product_tag":[],"class_list":{"0":"post-6215","1":"product","2":"type-product","3":"status-publish","4":"has-post-thumbnail","6":"product_cat-premade","8":"first","9":"instock","10":"sold-individually","11":"taxable","12":"shipping-taxable","13":"purchasable","14":"product-type-simple"},"exclude_global_add_ons":[],"addons":[],"aioseo_notices":[],"acf":[],"_links":{"self":[{"href":"https:\/\/furzo-marketplace.com\/de\/wp-json\/wp\/v2\/product\/6215","targetHints":{"allow":["GET"]}}],"collection":[{"href":"https:\/\/furzo-marketplace.com\/de\/wp-json\/wp\/v2\/product"}],"about":[{"href":"https:\/\/furzo-marketplace.com\/de\/wp-json\/wp\/v2\/types\/product"}],"replies":[{"embeddable":true,"href":"https:\/\/furzo-marketplace.com\/de\/wp-json\/wp\/v2\/comments?post=6215"}],"wp:featuredmedia":[{"embeddable":true,"href":"https:\/\/furzo-marketplace.com\/de\/wp-json\/wp\/v2\/media\/6221"}],"wp:attachment":[{"href":"https:\/\/furzo-marketplace.com\/de\/wp-json\/wp\/v2\/media?parent=6215"}],"wp:term":[{"taxonomy":"product_brand","embeddable":true,"href":"https:\/\/furzo-marketplace.com\/de\/wp-json\/wp\/v2\/product_brand?post=6215"},{"taxonomy":"product_cat","embeddable":true,"href":"https:\/\/furzo-marketplace.com\/de\/wp-json\/wp\/v2\/product_cat?post=6215"},{"taxonomy":"product_tag","embeddable":true,"href":"https:\/\/furzo-marketplace.com\/de\/wp-json\/wp\/v2\/product_tag?post=6215"}],"curies":[{"name":"wp","href":"https:\/\/api.w.org\/{rel}","templated":true}]}}