{"id":5947,"date":"2025-06-11T13:45:19","date_gmt":"2025-06-11T12:45:19","guid":{"rendered":"https:\/\/furzo-marketplace.com\/?post_type=product&#038;p=5947"},"modified":"2025-06-11T14:01:07","modified_gmt":"2025-06-11T13:01:07","slug":"commission-headshot-a6","status":"publish","type":"product","link":"https:\/\/furzo-marketplace.com\/de\/boutique\/commission-headshot-a6\/","title":{"rendered":"Headshot-Kommission A6"},"content":{"rendered":"","protected":false},"excerpt":{"rendered":"<p>Ein von mir durchgef\u00fchrter A6-Fullrender-Headshot!<\/p>\n<p>M\u00f6glichkeit, alle Arten (Tiere, Fantasiewesen, Pok\u00e9mon..) au\u00dfer Menschen und Mechas zu zeichnen<\/p>\n<p>Der Fortschritt Ihrer Kommission wird \u00fcber Trello erfolgen und ich werde Ihnen WIPs schicken, wenn Sie es w\u00fcnschen!<\/p>\n<p>Versand (1,90\u20ac) zus\u00e4tzlich einplanen<\/p>","protected":false},"featured_media":5948,"comment_status":"open","ping_status":"closed","template":"","meta":{"_acf_changed":false},"product_brand":[],"product_cat":[94],"product_tag":[217,215,213,214],"class_list":{"0":"post-5947","1":"product","2":"type-product","3":"status-publish","4":"has-post-thumbnail","6":"product_cat-illustrations","7":"product_tag-aquarelle","8":"product_tag-dragon","9":"product_tag-feral","10":"product_tag-traditionnel","12":"first","13":"instock","14":"taxable","15":"shipping-taxable","16":"product-type-external"},"exclude_global_add_ons":[],"addons":[],"aioseo_notices":[],"acf":[],"_links":{"self":[{"href":"https:\/\/furzo-marketplace.com\/de\/wp-json\/wp\/v2\/product\/5947","targetHints":{"allow":["GET"]}}],"collection":[{"href":"https:\/\/furzo-marketplace.com\/de\/wp-json\/wp\/v2\/product"}],"about":[{"href":"https:\/\/furzo-marketplace.com\/de\/wp-json\/wp\/v2\/types\/product"}],"replies":[{"embeddable":true,"href":"https:\/\/furzo-marketplace.com\/de\/wp-json\/wp\/v2\/comments?post=5947"}],"wp:featuredmedia":[{"embeddable":true,"href":"https:\/\/furzo-marketplace.com\/de\/wp-json\/wp\/v2\/media\/5948"}],"wp:attachment":[{"href":"https:\/\/furzo-marketplace.com\/de\/wp-json\/wp\/v2\/media?parent=5947"}],"wp:term":[{"taxonomy":"product_brand","embeddable":true,"href":"https:\/\/furzo-marketplace.com\/de\/wp-json\/wp\/v2\/product_brand?post=5947"},{"taxonomy":"product_cat","embeddable":true,"href":"https:\/\/furzo-marketplace.com\/de\/wp-json\/wp\/v2\/product_cat?post=5947"},{"taxonomy":"product_tag","embeddable":true,"href":"https:\/\/furzo-marketplace.com\/de\/wp-json\/wp\/v2\/product_tag?post=5947"}],"curies":[{"name":"wp","href":"https:\/\/api.w.org\/{rel}","templated":true}]}}