{"id":5887,"date":"2025-06-01T16:46:34","date_gmt":"2025-06-01T15:46:34","guid":{"rendered":"https:\/\/furzo-marketplace.com\/?post_type=product&#038;p=5887"},"modified":"2025-06-01T16:55:52","modified_gmt":"2025-06-01T15:55:52","slug":"eclaire","status":"publish","type":"product","link":"https:\/\/furzo-marketplace.com\/de\/boutique\/eclaire\/","title":{"rendered":"Blitz"},"content":{"rendered":"","protected":false},"excerpt":{"rendered":"<p data-start=\"\u201d\u201d133\u2033\u201d\" data-end=\"\u201d\u201d350\u2033\u201d\">Verlieben Sie sich in unser Pl\u00fcschtier in Form eines Blitzes \u26a1, ganz weich aus Fleece \ud83e\uddf8! Perfekt, um Ihrer Dekoration einen lustigen und originellen Touch zu verleihen oder um eine energiegeladene Umarmung zu verschenken \ud83d\udc9b.<\/p>\n<p data-start=\"\u201d\u201d352\u2033\u201d\" data-end=\"\u201d\u201d481\u2033\u201d\">\u2728 Mit Liebe handgemacht<br data-start=\"\u201d\u201d374\u2033\u201d\" data-end=\"\u201d\u201d377\u2033\u201d\" \/>\u2728 Ultraweich und flauschig<br data-start=\"\u201d\u201d403\u2033\u201d\" data-end=\"\u201d\u201d406\u2033\u201d\" \/>\u2728 Ideal f\u00fcr kleine und gro\u00dfe Tr\u00e4umer<\/p>\n<p data-start=\"\u201d\u201d483\u2033\u201d\" data-end=\"\u201d\u201d618\u2033\u201d\">Bring mit diesem einzigartigen Pl\u00fcschtier eine Portion gute Laune und Kuscheligkeit mit! \ud83d\udca5<\/p>","protected":false},"featured_media":5888,"comment_status":"open","ping_status":"closed","template":"","meta":{"_acf_changed":false},"product_brand":[],"product_cat":[98],"product_tag":[178,110],"class_list":{"0":"post-5887","1":"product","2":"type-product","3":"status-publish","4":"has-post-thumbnail","6":"product_cat-peluches-jouets","7":"product_tag-accessoires-furry","8":"product_tag-peluches","10":"first","11":"instock","12":"taxable","13":"shipping-taxable","14":"purchasable","15":"product-type-simple"},"exclude_global_add_ons":[],"addons":[],"aioseo_notices":[],"acf":[],"_links":{"self":[{"href":"https:\/\/furzo-marketplace.com\/de\/wp-json\/wp\/v2\/product\/5887","targetHints":{"allow":["GET"]}}],"collection":[{"href":"https:\/\/furzo-marketplace.com\/de\/wp-json\/wp\/v2\/product"}],"about":[{"href":"https:\/\/furzo-marketplace.com\/de\/wp-json\/wp\/v2\/types\/product"}],"replies":[{"embeddable":true,"href":"https:\/\/furzo-marketplace.com\/de\/wp-json\/wp\/v2\/comments?post=5887"}],"wp:featuredmedia":[{"embeddable":true,"href":"https:\/\/furzo-marketplace.com\/de\/wp-json\/wp\/v2\/media\/5888"}],"wp:attachment":[{"href":"https:\/\/furzo-marketplace.com\/de\/wp-json\/wp\/v2\/media?parent=5887"}],"wp:term":[{"taxonomy":"product_brand","embeddable":true,"href":"https:\/\/furzo-marketplace.com\/de\/wp-json\/wp\/v2\/product_brand?post=5887"},{"taxonomy":"product_cat","embeddable":true,"href":"https:\/\/furzo-marketplace.com\/de\/wp-json\/wp\/v2\/product_cat?post=5887"},{"taxonomy":"product_tag","embeddable":true,"href":"https:\/\/furzo-marketplace.com\/de\/wp-json\/wp\/v2\/product_tag?post=5887"}],"curies":[{"name":"wp","href":"https:\/\/api.w.org\/{rel}","templated":true}]}}