{"id":5877,"date":"2025-05-31T09:43:40","date_gmt":"2025-05-31T08:43:40","guid":{"rendered":"https:\/\/furzo-marketplace.com\/?post_type=product&#038;p=5877"},"modified":"2025-07-02T18:09:19","modified_gmt":"2025-07-02T17:09:19","slug":"head-dryer","status":"publish","type":"product","link":"https:\/\/furzo-marketplace.com\/de\/boutique\/head-dryer\/","title":{"rendered":"Head dryer"},"content":{"rendered":"","protected":false},"excerpt":{"rendered":"<p data-start=\"\u201d122\u2033\" data-end=\"\u201d266\u2033\">Neu! Bel\u00fcftete Halterung f\u00fcr Fursuitkopf \ud83d\udd25.<br data-start=\"\u201d174\u2033\" data-end=\"\u201d177\u2033\" \/>Halte deinen Fursuit nach einer anstrengenden Sitzung k\u00fchl oder hilf, ihn schnell zu trocknen!<\/p>\n<p data-start=\"\u201d268\u2033\" data-end=\"\u201d329\u2033\">\u2728 Zwei Modi :<br data-start=\"\u201d282\u2033\" data-end=\"\u201d285\u2033\" \/>\ud83c\udf00 Trocknen Kopf<br data-start=\"\u201d300\u2033\" data-end=\"\u201d303\u2033\" \/>\ud83d\udd90\ufe0f Hand-\/Pfadtrocknung<\/p>\n<p data-start=\"\u201d331\u2033\" data-end=\"\u201d451\u2033\">\ud83d\udd0c Funktioniert \u00fcber die Steckdose (12-V-L\u00fcfter) - Ladeger\u00e4t im Lieferumfang enthalten.<br data-start=\"\u201d391\u2033\" data-end=\"\u201d394\u2033\" \/>Perfekt f\u00fcr Tagungen, im Hotel oder zu Hause \ud83d\udc3e.<\/p>","protected":false},"featured_media":5878,"comment_status":"open","ping_status":"closed","template":"","meta":{"_acf_changed":false},"product_brand":[],"product_cat":[99],"product_tag":[178],"class_list":{"0":"post-5877","1":"product","2":"type-product","3":"status-publish","4":"has-post-thumbnail","6":"product_cat-artisanat","7":"product_tag-accessoires-furry","9":"first","10":"instock","11":"taxable","12":"shipping-taxable","13":"purchasable","14":"product-type-simple"},"exclude_global_add_ons":[],"addons":[],"aioseo_notices":[],"acf":[],"_links":{"self":[{"href":"https:\/\/furzo-marketplace.com\/de\/wp-json\/wp\/v2\/product\/5877","targetHints":{"allow":["GET"]}}],"collection":[{"href":"https:\/\/furzo-marketplace.com\/de\/wp-json\/wp\/v2\/product"}],"about":[{"href":"https:\/\/furzo-marketplace.com\/de\/wp-json\/wp\/v2\/types\/product"}],"replies":[{"embeddable":true,"href":"https:\/\/furzo-marketplace.com\/de\/wp-json\/wp\/v2\/comments?post=5877"}],"wp:featuredmedia":[{"embeddable":true,"href":"https:\/\/furzo-marketplace.com\/de\/wp-json\/wp\/v2\/media\/5878"}],"wp:attachment":[{"href":"https:\/\/furzo-marketplace.com\/de\/wp-json\/wp\/v2\/media?parent=5877"}],"wp:term":[{"taxonomy":"product_brand","embeddable":true,"href":"https:\/\/furzo-marketplace.com\/de\/wp-json\/wp\/v2\/product_brand?post=5877"},{"taxonomy":"product_cat","embeddable":true,"href":"https:\/\/furzo-marketplace.com\/de\/wp-json\/wp\/v2\/product_cat?post=5877"},{"taxonomy":"product_tag","embeddable":true,"href":"https:\/\/furzo-marketplace.com\/de\/wp-json\/wp\/v2\/product_tag?post=5877"}],"curies":[{"name":"wp","href":"https:\/\/api.w.org\/{rel}","templated":true}]}}