{"id":5848,"date":"2025-05-29T12:02:39","date_gmt":"2025-05-29T11:02:39","guid":{"rendered":"https:\/\/furzo-marketplace.com\/?post_type=product&#038;p=5848"},"modified":"2025-05-29T13:26:22","modified_gmt":"2025-05-29T12:26:22","slug":"badge-peint-a-la-main","status":"publish","type":"product","link":"https:\/\/furzo-marketplace.com\/de\/boutique\/badge-peint-a-la-main\/","title":{"rendered":"Namensschild (handgemalt)"},"content":{"rendered":"<p data-start=\"\u201d\u201d\u201d\u201d\u201d\u201d\u201d\u201d\u201d\u201d445\u2033\u201d\u201d\u201d\u201d\u201d\u201d\u201d\u201d\u201d\" data-end=\"\u201d\u201d\u201d\u201d\u201d\u201d\u201d\u201d\u201d\u201d780\u2033\u201d\u201d\u201d\u201d\u201d\u201d\u201d\u201d\u201d\">\ud83c\udfa8 <strong data-start=\"\u201d\u201d\u201d\u201d\u201d\u201d\u201d\u201d\u201d\u201d448\u2033\u201d\u201d\u201d\u201d\u201d\u201d\u201d\u201d\u201d\" data-end=\"\u201d\u201d\u201d\u201d\u201d\u201d\u201d\u201d\u201d\u201d489\u2033\u201d\u201d\u201d\u201d\u201d\u201d\u201d\u201d\u201d\">Mischtechnik &amp; leidenschaftliches Kunsthandwerk<\/strong><br data-start=\"\u201d\u201d\u201d\u201d\u201d\u201d\u201d\u201d\u201d\u201d489\u2033\u201d\u201d\u201d\u201d\u201d\u201d\u201d\u201d\u201d\" data-end=\"\u201d\u201d\u201d\u201d\u201d\u201d\u201d\u201d\u201d\u201d492\u2033\u201d\u201d\u201d\u201d\u201d\u201d\u201d\u201d\u201d\" \/>Alle Abzeichen werden von Hand gezeichnet und dann mit Aquarellfarben, Bleistiften, Filzstiften... oder mit allen Techniken, die du m\u00f6chtest, koloriert: Glitter, Shines, Relief...<br data-start=\"\u201d\u201d\u201d\u201d\u201d\u201d\u201d\u201d\u201d\u201d662\u2033\u201d\u201d\u201d\u201d\u201d\u201d\u201d\u201d\u201d\" data-end=\"\u201d\u201d\u201d\u201d\u201d\u201d\u201d\u201d\u201d\u201d665\u2033\u201d\u201d\u201d\u201d\u201d\u201d\u201d\u201d\u201d\" \/><strong data-start=\"\u201d\u201d\u201d\u201d\u201d\u201d\u201d\u201d\u201d\u201d665\u2033\u201d\u201d\u201d\u201d\u201d\u201d\u201d\u201d\u201d\" data-end=\"\u201d\u201d\u201d\u201d\u201d\u201d\u201d\u201d\u201d\u201d686\u2033\u201d\u201d\u201d\u201d\u201d\u201d\u201d\u201d\u201d\">Alles ist m\u00f6glich<\/strong> Wir besprechen das gemeinsam und ich passe mich deinen W\u00fcnschen mit den Mitteln an, die mir zur Verf\u00fcgung stehen.<\/p>\n<p data-start=\"\u201d\u201d\u201d\u201d\u201d\u201d\u201d\u201d\u201d\u201d782\u2033\u201d\u201d\u201d\u201d\u201d\u201d\u201d\u201d\u201d\" data-end=\"\u201d\u201d\u201d\u201d\u201d\u201d\u201d\u201d\u201d\u201d899\u2033\u201d\u201d\u201d\u201d\u201d\u201d\u201d\u201d\u201d\">Jeder Ausweis ist <strong data-start=\"\u201d\u201d\u201d\u201d\u201d\u201d\u201d\u201d\u201d\u201d799\u2033\u201d\u201d\u201d\u201d\u201d\u201d\u201d\u201d\u201d\" data-end=\"\u201d\u201d\u201d\u201d\u201d\u201d\u201d\u201d\u201d\u201d809\u2033\u201d\u201d\u201d\u201d\u201d\u201d\u201d\u201d\u201d\">einzigartig<\/strong> und kann eigene Details deines Charakters oder sogar Originalmaterialien integrieren.<\/p>\n<blockquote data-start=\"\u201d\u201d\u201d\u201d\u201d\u201d\u201d\u201d\u201d\u201d900\u2033\u201d\u201d\u201d\u201d\u201d\u201d\u201d\u201d\u201d\" data-end=\"\u201d\u201d\u201d\u201d\u201d\u201d\u201d\u201d\u201d\u201d1023\u2033\u201d\u201d\u201d\u201d\u201d\u201d\u201d\u201d\u201d\">\n<p data-start=\"\u201d\u201d\u201d\u201d\u201d\u201d\u201d\u201d\u201d\u201d902\u2033\u201d\u201d\u201d\u201d\u201d\u201d\u201d\u201d\u201d\" data-end=\"\u201d\u201d\u201d\u201d\u201d\u201d\u201d\u201d\u201d\u201d1023\u2033\u201d\u201d\u201d\u201d\u201d\u201d\u201d\u201d\u201d\"><strong><em>Die Grundlage ist immer eine Zeichnung, die auf einem sch\u00f6nen, dicken Papier gemacht und von Hand koloriert wird. Den Rest stellst du dir selbst vor \u2728.<\/em><\/strong><\/p>\n<\/blockquote>\n<p data-start=\"\u201d\u201d\u201d\u201d\u201d\u201d\u201d\u201d\u201d\u201d1030\u2033\u201d\u201d\u201d\u201d\u201d\u201d\u201d\u201d\u201d\" data-end=\"\u201d\u201d\u201d\u201d\u201d\u201d\u201d\u201d\u201d\u201d1116\u2033\u201d\u201d\u201d\u201d\u201d\u201d\u201d\u201d\u201d\">\ud83d\udcd0 <strong data-start=\"\u201d\u201d\u201d\u201d\u201d\u201d\u201d\u201d\u201d\u201d1033\u2033\u201d\u201d\u201d\u201d\u201d\u201d\u201d\u201d\u201d\" data-end=\"\u201d\u201d\u201d\u201d\u201d\u201d\u201d\u201d\u201d\u201d1056\u2033\u201d\u201d\u201d\u201d\u201d\u201d\u201d\u201d\u201d\">Verf\u00fcgbare Formate<\/strong><br data-start=\"\u201d\u201d\u201d\u201d\u201d\u201d\u201d\u201d\u201d\u201d1056\u2033\u201d\u201d\u201d\u201d\u201d\u201d\u201d\u201d\u201d\" data-end=\"\u201d\u201d\u201d\u201d\u201d\u201d\u201d\u201d\u201d\u201d1059\u2033\u201d\u201d\u201d\u201d\u201d\u201d\u201d\u201d\u201d\" \/>\ud83d\udd38 <strong data-start=\"\u201d\u201d\u201d\u201d\u201d\u201d\u201d\u201d\u201d\u201d1062\u2033\u201d\u201d\u201d\u201d\u201d\u201d\u201d\u201d\u201d\" data-end=\"\u201d\u201d\u201d\u201d\u201d\u201d\u201d\u201d\u201d\u201d1074\u2033\u201d\u201d\u201d\u201d\u201d\u201d\u201d\u201d\u201d\">Portr\u00e4t<\/strong><br data-start=\"\u201d\u201d\u201d\u201d\u201d\u201d\u201d\u201d\u201d\u201d1074\u2033\u201d\u201d\u201d\u201d\u201d\u201d\u201d\u201d\u201d\" data-end=\"\u201d\u201d\u201d\u201d\u201d\u201d\u201d\u201d\u201d\u201d1077\u2033\u201d\u201d\u201d\u201d\u201d\u201d\u201d\u201d\u201d\" \/>- Smol: 5 bis 8 cm<br data-start=\"\u201d\u201d\u201d\u201d\u201d\u201d\u201d\u201d\u201d\u201d1094\u2033\u201d\u201d\u201d\u201d\u201d\u201d\u201d\u201d\u201d\" data-end=\"\u201d\u201d\u201d\u201d\u201d\u201d\u201d\u201d\u201d\u201d1097\u2033\u201d\u201d\u201d\u201d\u201d\u201d\u201d\u201d\u201d\" \/>- Big: 8 bis 15 cm<\/p>\n<p data-start=\"\u201d\u201d\u201d\u201d\u201d\u201d\u201d\u201d\u201d\u201d1118\u2033\u201d\u201d\u201d\u201d\u201d\u201d\u201d\u201d\u201d\" data-end=\"\u201d\u201d\u201d\u201d\u201d\u201d\u201d\u201d\u201d\u201d1205\u2033\u201d\u201d\u201d\u201d\u201d\u201d\u201d\u201d\u201d\">\ud83d\udd38 <strong data-start=\"\u201d\u201d\u201d\u201d\u201d\u201d\u201d\u201d\u201d\u201d1121\u2033\u201d\u201d\u201d\u201d\u201d\u201d\u201d\u201d\u201d\" data-end=\"\u201d\u201d\u201d\u201d\u201d\u201d\u201d\u201d\u201d\u201d1134\u2033\u201d\u201d\u201d\u201d\u201d\u201d\u201d\u201d\u201d\">Half-body<\/strong><br data-start=\"\u201d\u201d\u201d\u201d\u201d\u201d\u201d\u201d\u201d\u201d1134\u2033\u201d\u201d\u201d\u201d\u201d\u201d\u201d\u201d\u201d\" data-end=\"\u201d\u201d\u201d\u201d\u201d\u201d\u201d\u201d\u201d\u201d1137\u2033\u201d\u201d\u201d\u201d\u201d\u201d\u201d\u201d\u201d\" \/>- Smol: 10 bis 15 cm<br data-start=\"\u201d\u201d\u201d\u201d\u201d\u201d\u201d\u201d\u201d\u201d1156\u2033\u201d\u201d\u201d\u201d\u201d\u201d\u201d\u201d\u201d\" data-end=\"\u201d\u201d\u201d\u201d\u201d\u201d\u201d\u201d\u201d\u201d1159\u2033\u201d\u201d\u201d\u201d\u201d\u201d\u201d\u201d\u201d\" \/>- Big: 15 bis 20 cm<br data-start=\"\u201d\u201d\u201d\u201d\u201d\u201d\u201d\u201d\u201d\u201d1177\u2033\u201d\u201d\u201d\u201d\u201d\u201d\u201d\u201d\u201d\" data-end=\"\u201d\u201d\u201d\u201d\u201d\u201d\u201d\u201d\u201d\u201d1180\u2033\u201d\u201d\u201d\u201d\u201d\u201d\u201d\u201d\u201d\" \/>- Very big: 20 bis 25 cm<\/p>\n<p data-start=\"\u201d\u201d\u201d\u201d\u201d\u201d\u201d\u201d\u201d\u201d1207\u2033\u201d\u201d\u201d\u201d\u201d\u201d\u201d\u201d\u201d\" data-end=\"\u201d\u201d\u201d\u201d\u201d\u201d\u201d\u201d\u201d\u201d1328\u2033\u201d\u201d\u201d\u201d\u201d\u201d\u201d\u201d\u201d\">\ud83d\udc49 <em data-start=\"\u201d\u201d\u201d\u201d\u201d\u201d\u201d\u201d\u201d\u201d1210\u2033\u201d\u201d\u201d\u201d\u201d\u201d\u201d\u201d\u201d\" data-end=\"\u201d\u201d\u201d\u201d\u201d\u201d\u201d\u201d\u201d\u201d1328\u2033\u201d\u201d\u201d\u201d\u201d\u201d\u201d\u201d\u201d\">Wenn du spezielle Zus\u00e4tze (Materialien, Effekte, Texturen ...) m\u00f6chtest, sprechen wir vorher dar\u00fcber, und das kann den Preis ein wenig ver\u00e4ndern (siehe Geb\u00fchrenordnung).<\/em><\/p>\n<p data-start=\"\u201d\u201d\u201d\u201d\u201d\u201d\u201d\u201d\u201d\u201d1335\u2033\u201d\u201d\u201d\u201d\u201d\u201d\u201d\u201d\u201d\" data-end=\"\u201d\u201d\u201d\u201d\u201d\u201d\u201d\u201d\u201d\u201d1537\u2033\u201d\u201d\u201d\u201d\u201d\u201d\u201d\u201d\u201d\">\ud83e\uddb4 <strong data-start=\"\u201d\u201d\u201d\u201d\u201d\u201d\u201d\u201d\u201d\u201d1338\u2033\u201d\u201d\u201d\u201d\u201d\u201d\u201d\u201d\u201d\" data-end=\"\u201d\u201d\u201d\u201d\u201d\u201d\u201d\u201d\u201d\u201d1380\u2033\u201d\u201d\u201d\u201d\u201d\u201d\u201d\u201d\u201d\">Alle Arten sind willkommen<\/strong> : Caniden, Katzen, Drachen, Aliens, stellaren Hybriden oder was auch immer deine Fantasie erschaffen hat \ud83d\udcab.<br data-start=\"\u201d\u201d\u201d\u201d\u201d\u201d\u201d\u201d\u201d\u201d1477\u2033\u201d\u201d\u201d\u201d\u201d\u201d\u201d\u201d\u201d\" data-end=\"\u201d\u201d\u201d\u201d\u201d\u201d\u201d\u201d\u201d\u201d1480\u2033\u201d\u201d\u201d\u201d\u201d\u201d\u201d\u201d\u201d\" \/>Ich brauche nur eine <strong data-start=\"\u201d\u201d\u201d\u201d\u201d\u201d\u201d\u201d\u201d\u201d1501\u2033\u201d\u201d\u201d\u201d\u201d\u201d\u201d\u201d\u201d\" data-end=\"\u201d\u201d\u201d\u201d\u201d\u201d\u201d\u201d\u201d\u201d1521\u2033\u201d\u201d\u201d\u201d\u201d\u201d\u201d\u201d\u201d\">klare Referenz<\/strong> deiner Fursona.<\/p>\n<hr data-start=\"\u201d\u201d\u201d\u201d\u201d\u201d\u201d\u201d\u201d\u201d1539\u2033\u201d\u201d\u201d\u201d\u201d\u201d\u201d\u201d\u201d\" data-end=\"\u201d\u201d\u201d\u201d\u201d\u201d\u201d\u201d\u201d\u201d1542\u2033\u201d\u201d\u201d\u201d\u201d\u201d\u201d\u201d\u201d\" \/>\n<p data-start=\"\u201d\u201d\u201d\u201d\u201d\u201d\u201d\u201d\u201d\u201d1544\u2033\u201d\u201d\u201d\u201d\u201d\u201d\u201d\u201d\u201d\" data-end=\"\u201d\u201d\u201d\u201d\u201d\u201d\u201d\u201d\u201d\u201d1778\u2033\u201d\u201d\u201d\u201d\u201d\u201d\u201d\u201d\u201d\">\u270d\ufe0f <strong data-start=\"\u201d\u201d\u201d\u201d\u201d\u201d\u201d\u201d\u201d\u201d1547\u2033\u201d\u201d\u201d\u201d\u201d\u201d\u201d\u201d\u201d\" data-end=\"\u201d\u201d\u201d\u201d\u201d\u201d\u201d\u201d\u201d\u201d1558\u2033\u201d\u201d\u201d\u201d\u201d\u201d\u201d\u201d\u201d\">Dein Name<\/strong><br data-start=\"\u201d\u201d\u201d\u201d\u201d\u201d\u201d\u201d\u201d\u201d1558\u2033\u201d\u201d\u201d\u201d\u201d\u201d\u201d\u201d\u201d\" data-end=\"\u201d\u201d\u201d\u201d\u201d\u201d\u201d\u201d\u201d\u201d1561\u2033\u201d\u201d\u201d\u201d\u201d\u201d\u201d\u201d\u201d\" \/>Die Beispiele hier haben nicht den angezeigten Namen, sondern <strong data-start=\"\u201d\u201d\u201d\u201d\u201d\u201d\u201d\u201d\u201d\u201d1605\u2033\u201d\u201d\u201d\u201d\u201d\u201d\u201d\u201d\u201d\" data-end=\"\u201d\u201d\u201d\u201d\u201d\u201d\u201d\u201d\u201d\u201d1627\u2033\u201d\u201d\u201d\u201d\u201d\u201d\u201d\u201d\u201d\">deine ist enthalten<\/strong> ! Wir w\u00e4hlen gemeinsam eine Schriftart aus, ich fertige sie separat an und schneide sie auch aus. <strong data-start=\"\u201d\u201d\u201d\u201d\u201d\u201d\u201d\u201d\u201d\u201d1718\u2033\u201d\u201d\u201d\u201d\u201d\u201d\u201d\u201d\u201d\" data-end=\"\u201d\u201d\u201d\u201d\u201d\u201d\u201d\u201d\u201d\u201d1763\u2033\u201d\u201d\u201d\u201d\u201d\u201d\u201d\u201d\u201d\">es kleben oder positionieren, wie du willst<\/strong> auf deinem Namensschild.<\/p>\n<hr data-start=\"\u201d\u201d\u201d\u201d\u201d\u201d\u201d\u201d\u201d\u201d1780\u2033\u201d\u201d\u201d\u201d\u201d\u201d\u201d\u201d\u201d\" data-end=\"\u201d\u201d\u201d\u201d\u201d\u201d\u201d\u201d\u201d\u201d1783\u2033\u201d\u201d\u201d\u201d\u201d\u201d\u201d\u201d\u201d\" \/>\n<p data-start=\"\u201d\u201d\u201d\u201d\u201d\u201d\u201d\u201d\u201d\u201d1785\u2033\u201d\u201d\u201d\u201d\u201d\u201d\u201d\u201d\u201d\" data-end=\"\u201d\u201d\u201d\u201d\u201d\u201d\u201d\u201d\u201d\u201d1993\u2033\u201d\u201d\u201d\u201d\u201d\u201d\u201d\u201d\u201d\">\ud83d\udce6 <strong data-start=\"\u201d\u201d\u201d\u201d\u201d\u201d\u201d\u201d\u201d\u201d1788\u2033\u201d\u201d\u201d\u201d\u201d\u201d\u201d\u201d\u201d\" data-end=\"\u201d\u201d\u201d\u201d\u201d\u201d\u201d\u201d\u201d\u201d1818\u2033\u201d\u201d\u201d\u201d\u201d\u201d\u201d\u201d\u201d\">Versand und Pr\u00e4sentation<\/strong><br data-start=\"\u201d\u201d\u201d\u201d\u201d\u201d\u201d\u201d\u201d\u201d1818\u2033\u201d\u201d\u201d\u201d\u201d\u201d\u201d\u201d\u201d\" data-end=\"\u201d\u201d\u201d\u201d\u201d\u201d\u201d\u201d\u201d\u201d1821\u2033\u201d\u201d\u201d\u201d\u201d\u201d\u201d\u201d\u201d\" \/>Bisher sind die Abzeichen nur <strong data-start=\"\u201d\u201d\u201d\u201d\u201d\u201d\u201d\u201d\u201d\u201d1856\u2033\u201d\u201d\u201d\u201d\u201d\u201d\u201d\u201d\u201d\" data-end=\"\u201d\u201d\u201d\u201d\u201d\u201d\u201d\u201d\u201d\u201d1874\u2033\u201d\u201d\u201d\u201d\u201d\u201d\u201d\u201d\u201d\">nicht plastifiziert<\/strong> (die laminierte Version mit Halsband kommt bald!), aber sie sind immer noch gut <strong data-start=\"\u201d\u201d\u201d\u201d\u201d\u201d\u201d\u201d\u201d\u201d1962\u2033\u201d\u201d\u201d\u201d\u201d\u201d\u201d\u201d\u201d\" data-end=\"\u201d\u201d\u201d\u201d\u201d\u201d\u201d\u201d\u201d\u201d1992\u2033\u201d\u201d\u201d\u201d\u201d\u201d\u201d\u201d\u201d\">f\u00fcr den Transport gesch\u00fctzt<\/strong>.<\/p>\n<hr data-start=\"\u201d\u201d\u201d\u201d\u201d\u201d\u201d\u201d\u201d\u201d633\u2033\u201d\u201d\u201d\u201d\u201d\u201d\u201d\u201d\u201d\" data-end=\"\u201d\u201d\u201d\u201d\u201d\u201d\u201d\u201d\u201d\u201d636\u2033\u201d\u201d\u201d\u201d\u201d\u201d\u201d\u201d\u201d\" \/>\n<p data-start=\"\u201d\u201d\u201d\u201d\u201d\u201d\u201d\u201d\u201d\u201d638\u2033\u201d\u201d\u201d\u201d\u201d\u201d\u201d\u201d\u201d\" data-end=\"\u201d\u201d\u201d\u201d\u201d\u201d\u201d\u201d\u201d\u201d672\u2033\u201d\u201d\u201d\u201d\u201d\u201d\u201d\u201d\u201d\">\ud83d\udd27 <strong data-start=\"\u201d\u201d\u201d\u201d\u201d\u201d\u201d\u201d\u201d\u201d645\u2033\u201d\u201d\u201d\u201d\u201d\u201d\u201d\u201d\u201d\" data-end=\"\u201d\u201d\u201d\u201d\u201d\u201d\u201d\u201d\u201d\u201d672\u2033\u201d\u201d\u201d\u201d\u201d\u201d\u201d\u201d\u201d\">Zus\u00e4tzliche Optionen<br \/>\n<\/strong><strong data-start=\"\u201d\u201d\u201d\u201d\u201d\u201d\u201d\u201d\u201d\u201d675\u2033\u201d\u201d\u201d\u201d\u201d\u201d\u201d\u201d\u201d\" data-end=\"\u201d\u201d\u201d\u201d\u201d\u201d\u201d\u201d\u201d\u201d704\u2033\u201d\u201d\u201d\u201d\u201d\u201d\u201d\u201d\u201d\">Hinzuf\u00fcgen von speziellem Material<\/strong> (Glitter, strukturiertes Papier, Reliefeffekt...): +2 bis +5 \u20ac je nach Komplexit\u00e4t<br \/>\n<strong data-start=\"\u201d\u201d\u201d\u201d\u201d\u201d\u201d\u201d\u201d\u201d785\u2033\u201d\u201d\u201d\u201d\u201d\u201d\u201d\u201d\u201d\" data-end=\"\u201d\u201d\u201d\u201d\u201d\u201d\u201d\u201d\u201d\u201d836\u2033\u201d\u201d\u201d\u201d\u201d\u201d\u201d\u201d\u201d\">Dringende Anfrage (vorrangige Erstellung innerhalb von 72 Stunden)<\/strong> : +8 \u20ac<br \/>\n<strong data-start=\"\u201d\u201d\u201d\u201d\u201d\u201d\u201d\u201d\u201d\u201d848\u2033\u201d\u201d\u201d\u201d\u201d\u201d\u201d\u201d\u201d\" data-end=\"\u201d\u201d\u201d\u201d\u201d\u201d\u201d\u201d\u201d\u201d895\u2033\u201d\u201d\u201d\u201d\u201d\u201d\u201d\u201d\u201d\">Namensschild mit ausgeschnittenem Namen + personalisierte Typo<\/strong> : enthalten<\/p>","protected":false},"excerpt":{"rendered":"<h3 data-start=\"\u201d\u201d\u201d\u201d\u201d\u201d\u201d\u201d\u201d\u201d114\u2033\u201d\u201d\u201d\u201d\u201d\u201d\u201d\u201d\u201d\" data-end=\"\u201d\u201d\u201d\u201d\u201d\u201d\u201d\u201d\u201d\u201d178\u2033\u201d\u201d\u201d\u201d\u201d\u201d\u201d\u201d\u201d\">\ud83e\udd8a Personalisierte, handgefertigte Namensschilder - Dein fursona in Ehren!<\/h3>\n<p data-start=\"\u201d\u201d\u201d\u201d\u201d\u201d\u201d\u201d\u201d\u201d180\u2033\u201d\u201d\u201d\u201d\u201d\u201d\u201d\u201d\u201d\" data-end=\"\u201d\u201d\u201d\u201d\u201d\u201d\u201d\u201d\u201d\u201d438\u2033\u201d\u201d\u201d\u201d\u201d\u201d\u201d\u201d\u201d\"><strong data-start=\"\u201d\u201d\u201d\u201d\u201d\u201d\u201d\u201d\u201d\u201d180\u2033\u201d\u201d\u201d\u201d\u201d\u201d\u201d\u201d\u201d\" data-end=\"\u201d\u201d\u201d\u201d\u201d\u201d\u201d\u201d\u201d\u201d223\u2033\u201d\u201d\u201d\u201d\u201d\u201d\u201d\u201d\u201d\">Welcher Furry hat (noch) kein Abzeichen?<\/strong><br data-start=\"\u201d\u201d\u201d\u201d\u201d\u201d\u201d\u201d\u201d\u201d223\u2033\u201d\u201d\u201d\u201d\u201d\u201d\u201d\u201d\u201d\" data-end=\"\u201d\u201d\u201d\u201d\u201d\u201d\u201d\u201d\u201d\u201d226\u2033\u201d\u201d\u201d\u201d\u201d\u201d\u201d\u201d\u201d\" \/>Mach deine Fursona bekannt mit einem einzigartigen, handgefertigten Abzeichen auf 260g\/m\u00b2 Aquarellpapier. Jede Kreation ist wie ein kleines Portr\u00e4t deiner Welt gedacht: Sie spiegelt deine Identit\u00e4t, deine Farben und deinen Vibe wider.<\/p>","protected":false},"featured_media":5852,"comment_status":"open","ping_status":"closed","template":"","meta":{"_acf_changed":false},"product_brand":[],"product_cat":[195],"product_tag":[208,205,207,206],"class_list":{"0":"post-5848","1":"product","2":"type-product","3":"status-publish","4":"has-post-thumbnail","6":"product_cat-badge","7":"product_tag-a-la-main","8":"product_tag-badge","9":"product_tag-dessin","10":"product_tag-peinture","12":"first","13":"instock","14":"shipping-taxable","15":"purchasable","16":"product-type-variable","17":"has-default-attributes"},"exclude_global_add_ons":[],"addons":[],"aioseo_notices":[],"acf":[],"_links":{"self":[{"href":"https:\/\/furzo-marketplace.com\/de\/wp-json\/wp\/v2\/product\/5848","targetHints":{"allow":["GET"]}}],"collection":[{"href":"https:\/\/furzo-marketplace.com\/de\/wp-json\/wp\/v2\/product"}],"about":[{"href":"https:\/\/furzo-marketplace.com\/de\/wp-json\/wp\/v2\/types\/product"}],"replies":[{"embeddable":true,"href":"https:\/\/furzo-marketplace.com\/de\/wp-json\/wp\/v2\/comments?post=5848"}],"wp:featuredmedia":[{"embeddable":true,"href":"https:\/\/furzo-marketplace.com\/de\/wp-json\/wp\/v2\/media\/5852"}],"wp:attachment":[{"href":"https:\/\/furzo-marketplace.com\/de\/wp-json\/wp\/v2\/media?parent=5848"}],"wp:term":[{"taxonomy":"product_brand","embeddable":true,"href":"https:\/\/furzo-marketplace.com\/de\/wp-json\/wp\/v2\/product_brand?post=5848"},{"taxonomy":"product_cat","embeddable":true,"href":"https:\/\/furzo-marketplace.com\/de\/wp-json\/wp\/v2\/product_cat?post=5848"},{"taxonomy":"product_tag","embeddable":true,"href":"https:\/\/furzo-marketplace.com\/de\/wp-json\/wp\/v2\/product_tag?post=5848"}],"curies":[{"name":"wp","href":"https:\/\/api.w.org\/{rel}","templated":true}]}}