{"id":4752,"date":"2025-01-04T09:19:40","date_gmt":"2025-01-04T08:19:40","guid":{"rendered":"https:\/\/furzo-marketplace.com\/?post_type=product&#038;p=4752"},"modified":"2025-01-24T17:37:01","modified_gmt":"2025-01-24T16:37:01","slug":"pile-coussin","status":"publish","type":"product","link":"https:\/\/furzo-marketplace.com\/de\/boutique\/pile-coussin\/","title":{"rendered":"Kissenbatterie"},"content":{"rendered":"<p>Seine Batterieform ist perfekt f\u00fcr Gadget-Liebhaber, Fans von schr\u00e4gen Dekorationen oder einfach f\u00fcr alle, die ihrem Alltag gerne eine Prise Humor verleihen.<\/p>\n<p>Hergestellt aus weichen, flauschigen Materialien, ist es ideal, um sich nach einem anstrengenden Tag zu entspannen oder Ihre Batterien aufzuladen - im \u00fcbertragenen Sinne!<\/p>","protected":false},"excerpt":{"rendered":"<p>Kissenstapel 35 cm x 11 cm aus Fleece.<\/p>","protected":false},"featured_media":4753,"comment_status":"open","ping_status":"closed","template":"","meta":{"_acf_changed":false},"product_brand":[],"product_cat":[99,98],"product_tag":[178,111,110],"class_list":{"0":"post-4752","1":"product","2":"type-product","3":"status-publish","4":"has-post-thumbnail","6":"product_cat-artisanat","7":"product_cat-peluches-jouets","8":"product_tag-accessoires-furry","9":"product_tag-artisanat","10":"product_tag-peluches","12":"first","13":"instock","14":"purchasable","15":"product-type-simple"},"exclude_global_add_ons":[],"addons":[],"aioseo_notices":[],"acf":[],"_links":{"self":[{"href":"https:\/\/furzo-marketplace.com\/de\/wp-json\/wp\/v2\/product\/4752","targetHints":{"allow":["GET"]}}],"collection":[{"href":"https:\/\/furzo-marketplace.com\/de\/wp-json\/wp\/v2\/product"}],"about":[{"href":"https:\/\/furzo-marketplace.com\/de\/wp-json\/wp\/v2\/types\/product"}],"replies":[{"embeddable":true,"href":"https:\/\/furzo-marketplace.com\/de\/wp-json\/wp\/v2\/comments?post=4752"}],"wp:featuredmedia":[{"embeddable":true,"href":"https:\/\/furzo-marketplace.com\/de\/wp-json\/wp\/v2\/media\/4753"}],"wp:attachment":[{"href":"https:\/\/furzo-marketplace.com\/de\/wp-json\/wp\/v2\/media?parent=4752"}],"wp:term":[{"taxonomy":"product_brand","embeddable":true,"href":"https:\/\/furzo-marketplace.com\/de\/wp-json\/wp\/v2\/product_brand?post=4752"},{"taxonomy":"product_cat","embeddable":true,"href":"https:\/\/furzo-marketplace.com\/de\/wp-json\/wp\/v2\/product_cat?post=4752"},{"taxonomy":"product_tag","embeddable":true,"href":"https:\/\/furzo-marketplace.com\/de\/wp-json\/wp\/v2\/product_tag?post=4752"}],"curies":[{"name":"wp","href":"https:\/\/api.w.org\/{rel}","templated":true}]}}