{"id":4628,"date":"2024-12-20T11:12:24","date_gmt":"2024-12-20T09:12:24","guid":{"rendered":"https:\/\/furzo-marketplace.com\/?post_type=product&#038;p=4628"},"modified":"2025-10-26T16:52:23","modified_gmt":"2025-10-26T15:52:23","slug":"ice-fan","status":"publish","type":"product","link":"https:\/\/furzo-marketplace.com\/de\/boutique\/ice-fan\/","title":{"rendered":"ICE FAN"},"content":{"rendered":"<h5>Eisventilator Hier ist ein Eis, das in den Mund Ihres Fursuit gesteckt werden kann, um Sie unter allen Umst\u00e4nden zu erfrischen. 5 Stunden Betriebszeit, und das Aufladen erfolgt \u00fcber USB Typ C. Das Ladeger\u00e4t wird mitgeliefert!<br \/>\nArtikelfarben: gr\u00fcn, rot, pink<br \/>\nKunststoff: PLA<\/h5>\n<p>Ice fan here is an ice cream to put in the mouth of your fursuit that will allow you to cool down in any circumstance autonomy 5 h 00 works on battery, and this, recharged via USB Type C the charger is provided!<\/p>\n<p>Item colors: green, red, pink<\/p>\n<p>Kunststoff: PLA<\/p>","protected":false},"excerpt":{"rendered":"<h5>Eisventilator Hier ist ein Eis, das du in den Mund deines Fursuit stecken kannst und das dich in jeder Situation erfrischen wird.<\/h5>\n<h5 id=\"tw-target-text\" class=\"tw-data-text tw-text-large tw-ta\" dir=\"ltr\" data-placeholder=\"Traduction\" data-ved=\"2ahUKEwjYuKSDgraKAxULVqQEHb0nLWYQ3ewLegQICRAU\" aria-label=\"Translated text: Ice Fan Here is an ice cream to put in the mouth of your fursuit which will allow you to cool down in any circumstance\"><span class=\"Y2IQFc\" lang=\"en\">Ice Fan Here is an ice cream to put in the mouth of your fursuit which will allow you to cool down in any circumstance<\/span><\/h5>","protected":false},"featured_media":0,"comment_status":"open","ping_status":"closed","template":"","meta":{"_acf_changed":false},"product_brand":[],"product_cat":[96],"product_tag":[178,111],"class_list":{"0":"post-4628","1":"product","2":"type-product","3":"status-publish","5":"product_cat-accessoires","6":"product_tag-accessoires-furry","7":"product_tag-artisanat","9":"first","10":"instock","11":"purchasable","12":"product-type-simple"},"exclude_global_add_ons":[],"addons":[],"aioseo_notices":[],"acf":[],"_links":{"self":[{"href":"https:\/\/furzo-marketplace.com\/de\/wp-json\/wp\/v2\/product\/4628","targetHints":{"allow":["GET"]}}],"collection":[{"href":"https:\/\/furzo-marketplace.com\/de\/wp-json\/wp\/v2\/product"}],"about":[{"href":"https:\/\/furzo-marketplace.com\/de\/wp-json\/wp\/v2\/types\/product"}],"replies":[{"embeddable":true,"href":"https:\/\/furzo-marketplace.com\/de\/wp-json\/wp\/v2\/comments?post=4628"}],"wp:attachment":[{"href":"https:\/\/furzo-marketplace.com\/de\/wp-json\/wp\/v2\/media?parent=4628"}],"wp:term":[{"taxonomy":"product_brand","embeddable":true,"href":"https:\/\/furzo-marketplace.com\/de\/wp-json\/wp\/v2\/product_brand?post=4628"},{"taxonomy":"product_cat","embeddable":true,"href":"https:\/\/furzo-marketplace.com\/de\/wp-json\/wp\/v2\/product_cat?post=4628"},{"taxonomy":"product_tag","embeddable":true,"href":"https:\/\/furzo-marketplace.com\/de\/wp-json\/wp\/v2\/product_tag?post=4628"}],"curies":[{"name":"wp","href":"https:\/\/api.w.org\/{rel}","templated":true}]}}