{"id":5553,"date":"2025-04-15T08:21:23","date_gmt":"2025-04-15T07:21:23","guid":{"rendered":"https:\/\/furzo-marketplace.com\/docs\/"},"modified":"2025-04-15T08:21:23","modified_gmt":"2025-04-15T07:21:23","slug":"docs","status":"publish","type":"page","link":"https:\/\/furzo-marketplace.com\/de\/docs\/","title":{"rendered":"Dokumentation"},"content":{"rendered":"<div class=\"wedocs-shortcode-wrap\">\n\n    <style>\n.wedocs-single-search-input .search-submit {\n    left: auto !important;\n    right: 0 !important;\n}\n.wedocs-single-search-input .search-field {\n    padding-right: 50px !important;\n    padding-left: 22px !important;\n}\n<\/style>\n<form role='search' method='get' class='search-form wedocs-search-form wedocs-single-search-input' action='https:\/\/furzo-marketplace.com\/de\/' data-trp-original-action=\"https:\/\/furzo-marketplace.com\/de\/\">\n    <div class='wedocs-search-input'>\n        <input\n            name='s'\n            type='search'\n            class='search-field'\n            value=''\n            aria-label='Search the documentation'\n            title='Suche nach:'\n            placeholder='Search for a topic or question'\n        \/>\n        <input type='hidden' name='post_type' value='docs' \/>\n        <button\n            type='submit'\n            class='search-submit'\n            aria-haspopup='dialog'\n            aria-controls='wedocs-single-doc-search-modal'\n            aria-expanded='false'\n        >\n            <svg width='15' height='16' fill='none'>\n                <path\n                    fill-rule='evenodd'\n                    d='M11.856 10.847l2.883 2.883a.89.89 0 0 1 0 1.257c-.173.174-.401.261-.629.261s-.455-.087-.629-.261l-2.883-2.883c-1.144.874-2.532 1.353-3.996 1.353a6.56 6.56 0 0 1-4.671-1.935c-2.576-2.575-2.576-6.765 0-9.341C3.179.934 4.839.247 6.603.247s3.424.687 4.671 1.935a6.56 6.56 0 0 1 1.935 4.67 6.55 6.55 0 0 1-1.353 3.995zM3.189 3.439c-1.882 1.882-1.882 4.945 0 6.827.912.912 2.124 1.414 3.414 1.414s2.502-.502 3.414-1.414 1.414-2.124 1.414-3.413-.502-2.502-1.414-3.413-2.124-1.414-3.414-1.414-2.502.502-3.414 1.414z'\n                    fill='#fff'\n                \/>\n            <\/svg>\n        <\/button>\n    <\/div>\n<input type=\"hidden\" name=\"trp-form-language\" value=\"de\"\/><\/form>\n    <ul class=\"wedocs-docs-list col-2\">\n\n                    <li class=\"wedocs-docs-single\">\n                <h3>\n                    <a href=\"https:\/\/furzo-marketplace.com\/de\/docs\/demarrer-rapidement\/\" target='_blank'>\n                        K\u00fcnstlerf\u00fchrer (Verk\u00e4ufer)                    <\/a>\n                <\/h3>\n\n                <div class=\"inside\">\n                                            <ul class=\"wedocs-doc-sections\">\n                                                            <li>\n                                    <a class='icon-view' href=\"https:\/\/furzo-marketplace.com\/de\/docs\/demarrer-rapidement\/premier-pas-sur-furzo\/\" target='_blank'>\n                                        Erster Schritt auf Furzo                                    <\/a>\n                                                                            <svg\n                                            fill=\"none\"\n                                            viewbox=\"0 0 24 24\"\n                                            stroke-width=\"2\"\n                                            stroke=\"#acb8c4\"\n                                            class='active'\n                                        >\n                                            <path stroke-linecap=\"round\" stroke-linejoin=\"round\" d=\"M19.5 8.25l-7.5 7.5-7.5-7.5\" \/>\n                                        <\/svg>\n                                                                    <\/li>\n                                                                    <ul\n                                        class='children has-icon active'\n                                    >\n                                                                                    <li>\n                                                <a href=\"https:\/\/furzo-marketplace.com\/de\/docs\/demarrer-rapidement\/premier-pas-sur-furzo\/creation-de-compte\/\" target='_blank'>\n                                                    Einloggen und Erstellen eines Kontos auf Furzo                                                <\/a>\n                                            <\/li>\n                                                                                    <li>\n                                                <a href=\"https:\/\/furzo-marketplace.com\/de\/docs\/demarrer-rapidement\/premier-pas-sur-furzo\/remplir-les-informations-de-sa-boutique\/\" target='_blank'>\n                                                    Ihren Shop einrichten                                                <\/a>\n                                            <\/li>\n                                                                                    <li>\n                                                <a href=\"https:\/\/furzo-marketplace.com\/de\/docs\/demarrer-rapidement\/premier-pas-sur-furzo\/ajouter-un-moyen-de-paiement\/\" target='_blank'>\n                                                    Stripe einrichten, um Ihre Zahlungen zu erhalten                                                <\/a>\n                                            <\/li>\n                                                                                    <li>\n                                                <a href=\"https:\/\/furzo-marketplace.com\/de\/docs\/demarrer-rapidement\/premier-pas-sur-furzo\/choisir-son-abonnement\/\" target='_blank'>\n                                                    Wie w\u00e4hle ich mein Abonnement?                                                <\/a>\n                                            <\/li>\n                                                                                    <li>\n                                                <a href=\"https:\/\/furzo-marketplace.com\/de\/docs\/demarrer-rapidement\/premier-pas-sur-furzo\/creer-un-produit\/\" target='_blank'>\n                                                    Erstellen und Bearbeiten eines Produkts auf Furzo                                                <\/a>\n                                            <\/li>\n                                                                                    <li>\n                                                <a href=\"https:\/\/furzo-marketplace.com\/de\/docs\/demarrer-rapidement\/premier-pas-sur-furzo\/devenir-vendeur-verifie\/\" target='_blank'>\n                                                    Erhalten Sie Ihr Verifiziertes Verk\u00e4uferabzeichen auf Furzo!                                                <\/a>\n                                            <\/li>\n                                                                                    <li>\n                                                <a href=\"https:\/\/furzo-marketplace.com\/de\/docs\/demarrer-rapidement\/premier-pas-sur-furzo\/frais-de-port-remplir-son-tableau-dexpedition\/\" target='_blank'>\n                                                    Konfigurieren Sie Ihre Versandkosten auf Furzo                                                <\/a>\n                                            <\/li>\n                                                                            <\/ul>\n                                                                                            <li>\n                                    <a class='icon-view' href=\"https:\/\/furzo-marketplace.com\/de\/docs\/demarrer-rapidement\/gestion-des-produits\/\" target='_blank'>\n                                        Verwaltung von Produkten                                    <\/a>\n                                                                            <svg\n                                            fill=\"none\"\n                                            viewbox=\"0 0 24 24\"\n                                            stroke-width=\"2\"\n                                            stroke=\"#acb8c4\"\n                                            class='active'\n                                        >\n                                            <path stroke-linecap=\"round\" stroke-linejoin=\"round\" d=\"M19.5 8.25l-7.5 7.5-7.5-7.5\" \/>\n                                        <\/svg>\n                                                                    <\/li>\n                                                                    <ul\n                                        class='children has-icon active'\n                                    >\n                                                                                    <li>\n                                                <a href=\"https:\/\/furzo-marketplace.com\/de\/docs\/demarrer-rapidement\/gestion-des-produits\/creer-un-produit-sur-furzo\/\" target='_blank'>\n                                                    Ein Produkt auf Furzo erstellen                                                <\/a>\n                                            <\/li>\n                                                                                    <li>\n                                                <a href=\"https:\/\/furzo-marketplace.com\/de\/docs\/demarrer-rapidement\/gestion-des-produits\/bien-remplir-les-informations-du-produit\/\" target='_blank'>\n                                                    F\u00fcllen Sie die Produktinformationen gut aus                                                <\/a>\n                                            <\/li>\n                                                                                    <li>\n                                                <a href=\"https:\/\/furzo-marketplace.com\/de\/docs\/demarrer-rapidement\/gestion-des-produits\/vendre-directement-sur-furzo\/\" target='_blank'>\n                                                    Direkt auf Furzo verkaufen                                                <\/a>\n                                            <\/li>\n                                                                                    <li>\n                                                <a href=\"https:\/\/furzo-marketplace.com\/de\/docs\/demarrer-rapidement\/gestion-des-produits\/redirection-vers-un-site-externe-sur-furzo\/\" target='_blank'>\n                                                    Weiterleitung auf eine externe Seite auf Furzo                                                <\/a>\n                                            <\/li>\n                                                                                    <li>\n                                                <a href=\"https:\/\/furzo-marketplace.com\/de\/docs\/demarrer-rapidement\/gestion-des-produits\/creer-un-formulaire-de-commission-sur-furzo\/\" target='_blank'>\n                                                    Erstellen eines Kommissionsformulars auf Furzo                                                <\/a>\n                                            <\/li>\n                                                                                    <li>\n                                                <a href=\"https:\/\/furzo-marketplace.com\/de\/docs\/demarrer-rapidement\/gestion-des-produits\/creer-des-produits-avec-attribut-variable\/\" target='_blank'>\n                                                    Produkte mit Variablem Attribut erstellen                                                <\/a>\n                                            <\/li>\n                                                                                    <li>\n                                                <a href=\"https:\/\/furzo-marketplace.com\/de\/docs\/demarrer-rapidement\/gestion-des-produits\/comment-gerer-son-stock-sur-furzo\/\" target='_blank'>\n                                                    Wie man seinen Bestand auf Furzo verwaltet                                                <\/a>\n                                            <\/li>\n                                                                                    <li>\n                                                <a href=\"https:\/\/furzo-marketplace.com\/de\/docs\/demarrer-rapidement\/gestion-des-produits\/comprendre-les-limites-des-offres-furzo\/\" target='_blank'>\n                                                    Die Grenzen der Furzo-Angebote verstehen                                                <\/a>\n                                            <\/li>\n                                                                            <\/ul>\n                                                                                            <li>\n                                    <a class='icon-view' href=\"https:\/\/furzo-marketplace.com\/de\/docs\/demarrer-rapidement\/gestion-des-ventes-et-commandes\/\" target='_blank'>\n                                        Verwaltung von Verk\u00e4ufen und Bestellungen                                    <\/a>\n                                                                            <svg\n                                            fill=\"none\"\n                                            viewbox=\"0 0 24 24\"\n                                            stroke-width=\"2\"\n                                            stroke=\"#acb8c4\"\n                                            class='active'\n                                        >\n                                            <path stroke-linecap=\"round\" stroke-linejoin=\"round\" d=\"M19.5 8.25l-7.5 7.5-7.5-7.5\" \/>\n                                        <\/svg>\n                                                                    <\/li>\n                                                                    <ul\n                                        class='children has-icon active'\n                                    >\n                                                                                    <li>\n                                                <a href=\"https:\/\/furzo-marketplace.com\/de\/docs\/demarrer-rapidement\/gestion-des-ventes-et-commandes\/comment-voir-et-gerer-vos-commandes\/\" target='_blank'>\n                                                    Wie Sie Ihre Bestellungen einsehen und verwalten k\u00f6nnen                                                <\/a>\n                                            <\/li>\n                                                                                    <li>\n                                                <a href=\"https:\/\/furzo-marketplace.com\/de\/docs\/demarrer-rapidement\/gestion-des-ventes-et-commandes\/gerer-les-expeditions-et-configurer-les-frais-de-port\/\" target='_blank'>\n                                                    Versand verwalten und Versandkosten einrichten                                                <\/a>\n                                            <\/li>\n                                                                                    <li>\n                                                <a href=\"https:\/\/furzo-marketplace.com\/de\/docs\/demarrer-rapidement\/gestion-des-ventes-et-commandes\/communiquer-avec-lacheteur-via-la-messagerie-interne\/\" target='_blank'>\n                                                    Mit dem K\u00e4ufer \u00fcber den internen Messenger kommunizieren                                                <\/a>\n                                            <\/li>\n                                                                                    <li>\n                                                <a href=\"https:\/\/furzo-marketplace.com\/de\/docs\/demarrer-rapidement\/gestion-des-ventes-et-commandes\/gerez-vos-remboursement-et-demande-de-retour\/\" target='_blank'>\n                                                    Verwalten Sie Ihre R\u00fcckerstattungen und R\u00fcckgabeantr\u00e4ge                                                <\/a>\n                                            <\/li>\n                                                                            <\/ul>\n                                                                                    <\/ul>\n                                    <\/div>\n\n                <hr class='divider' \/>\n\n                <div class=\"wedocs-doc-link\">\n                    <a href=\"https:\/\/furzo-marketplace.com\/de\/docs\/demarrer-rapidement\/\" target='_blank'>Details anzeigen<\/a>\n                <\/div>\n            <\/li>\n                    <li class=\"wedocs-docs-single\">\n                <h3>\n                    <a href=\"https:\/\/furzo-marketplace.com\/de\/docs\/fonctionnalite\/\" target='_blank'>\n                        Funktionalit\u00e4t und Sicherheit                    <\/a>\n                <\/h3>\n\n                <div class=\"inside\">\n                                            <ul class=\"wedocs-doc-sections\">\n                                                            <li>\n                                    <a class='icon-view' href=\"https:\/\/furzo-marketplace.com\/de\/docs\/fonctionnalite\/securite\/\" target='_blank'>\n                                        Sicherheit                                    <\/a>\n                                                                            <svg\n                                            fill=\"none\"\n                                            viewbox=\"0 0 24 24\"\n                                            stroke-width=\"2\"\n                                            stroke=\"#acb8c4\"\n                                            class='active'\n                                        >\n                                            <path stroke-linecap=\"round\" stroke-linejoin=\"round\" d=\"M19.5 8.25l-7.5 7.5-7.5-7.5\" \/>\n                                        <\/svg>\n                                                                    <\/li>\n                                                                    <ul\n                                        class='children has-icon active'\n                                    >\n                                                                                    <li>\n                                                <a href=\"https:\/\/furzo-marketplace.com\/de\/docs\/fonctionnalite\/securite\/comprendre-la-securite-de-furzo\/\" target='_blank'>\n                                                    Die Sicherheit von Furzo verstehen                                                <\/a>\n                                            <\/li>\n                                                                                    <li>\n                                                <a href=\"https:\/\/furzo-marketplace.com\/de\/docs\/fonctionnalite\/securite\/rgpd\/\" target='_blank'>\n                                                    Die DSGVO in Furzo                                                <\/a>\n                                            <\/li>\n                                                                            <\/ul>\n                                                                                            <li>\n                                    <a class='icon-view' href=\"https:\/\/furzo-marketplace.com\/de\/docs\/fonctionnalite\/fonctionnalite-generale\/\" target='_blank'>\n                                        Allgemeine Funktionalit\u00e4t                                    <\/a>\n                                                                            <svg\n                                            fill=\"none\"\n                                            viewbox=\"0 0 24 24\"\n                                            stroke-width=\"2\"\n                                            stroke=\"#acb8c4\"\n                                            class='active'\n                                        >\n                                            <path stroke-linecap=\"round\" stroke-linejoin=\"round\" d=\"M19.5 8.25l-7.5 7.5-7.5-7.5\" \/>\n                                        <\/svg>\n                                                                    <\/li>\n                                                                    <ul\n                                        class='children has-icon active'\n                                    >\n                                                                                    <li>\n                                                <a href=\"https:\/\/furzo-marketplace.com\/de\/docs\/fonctionnalite\/fonctionnalite-generale\/liste-de-souhait\/\" target='_blank'>\n                                                    Wunschliste                                                <\/a>\n                                            <\/li>\n                                                                                    <li>\n                                                <a href=\"https:\/\/furzo-marketplace.com\/de\/docs\/fonctionnalite\/fonctionnalite-generale\/fursonapass\/\" target='_blank'>\n                                                    \ud83d\udc3eFursonaPass                                                <\/a>\n                                            <\/li>\n                                                                                    <li>\n                                                <a href=\"https:\/\/furzo-marketplace.com\/de\/docs\/fonctionnalite\/fonctionnalite-generale\/gerer-vos-conditions-de-vente-cgv-et-votre-politique-de-retour-rma\/\" target='_blank'>\n                                                    Verwalten Sie Ihre Verkaufsbedingungen (AGB) und Ihre Re...                                                <\/a>\n                                            <\/li>\n                                                                            <\/ul>\n                                                                                    <\/ul>\n                                    <\/div>\n\n                <hr class='divider' \/>\n\n                <div class=\"wedocs-doc-link\">\n                    <a href=\"https:\/\/furzo-marketplace.com\/de\/docs\/fonctionnalite\/\" target='_blank'>Details anzeigen<\/a>\n                <\/div>\n            <\/li>\n            <\/ul>\n\n    \n<\/div>","protected":false},"excerpt":{"rendered":"","protected":false},"author":1,"featured_media":0,"parent":0,"menu_order":0,"comment_status":"closed","ping_status":"closed","template":"","meta":{"_acf_changed":false,"footnotes":""},"class_list":["post-5553","page","type-page","status-publish"],"aioseo_notices":[],"acf":[],"_links":{"self":[{"href":"https:\/\/furzo-marketplace.com\/de\/wp-json\/wp\/v2\/pages\/5553","targetHints":{"allow":["GET"]}}],"collection":[{"href":"https:\/\/furzo-marketplace.com\/de\/wp-json\/wp\/v2\/pages"}],"about":[{"href":"https:\/\/furzo-marketplace.com\/de\/wp-json\/wp\/v2\/types\/page"}],"author":[{"embeddable":true,"href":"https:\/\/furzo-marketplace.com\/de\/wp-json\/wp\/v2\/users\/1"}],"replies":[{"embeddable":true,"href":"https:\/\/furzo-marketplace.com\/de\/wp-json\/wp\/v2\/comments?post=5553"}],"version-history":[{"count":0,"href":"https:\/\/furzo-marketplace.com\/de\/wp-json\/wp\/v2\/pages\/5553\/revisions"}],"wp:attachment":[{"href":"https:\/\/furzo-marketplace.com\/de\/wp-json\/wp\/v2\/media?parent=5553"}],"curies":[{"name":"wp","href":"https:\/\/api.w.org\/{rel}","templated":true}]}}