{"id":4914,"date":"2025-02-03T12:40:37","date_gmt":"2025-02-03T11:40:37","guid":{"rendered":"https:\/\/furzo-marketplace.com\/?page_id=4914"},"modified":"2025-05-21T09:19:48","modified_gmt":"2025-05-21T08:19:48","slug":"mentions-legales","status":"publish","type":"page","link":"https:\/\/furzo-marketplace.com\/de\/mentions-legales\/","title":{"rendered":"Rechtliche Hinweise"},"content":{"rendered":"<div data-elementor-type=\"wp-page\" data-elementor-id=\"4914\" class=\"elementor elementor-4914\" data-elementor-post-type=\"page\">\n\t\t\t\t<div class=\"elementor-element elementor-element-3c52636 e-flex e-con-boxed e-con e-parent\" data-id=\"3c52636\" data-element_type=\"container\" data-e-type=\"container\">\n\t\t\t\t\t<div class=\"e-con-inner\">\n\t\t\t\t<div class=\"elementor-element elementor-element-dc2e678 elementor-widget elementor-widget-heading\" data-id=\"dc2e678\" data-element_type=\"widget\" data-e-type=\"widget\" data-widget_type=\"heading.default\">\n\t\t\t\t<div class=\"elementor-widget-container\">\n\t\t\t\t\t<h2 class=\"elementor-heading-title elementor-size-default\">Rechtliche Hinweise<\/h2>\t\t\t\t<\/div>\n\t\t\t\t<\/div>\n\t\t\t\t\t<\/div>\n\t\t\t\t<\/div>\n\t\t<div class=\"elementor-element elementor-element-f5001ae e-flex e-con-boxed e-con e-parent\" data-id=\"f5001ae\" data-element_type=\"container\" data-e-type=\"container\">\n\t\t\t\t\t<div class=\"e-con-inner\">\n\t\t\t\t<div class=\"elementor-element elementor-element-fed898a elementor-widget elementor-widget-text-editor\" data-id=\"fed898a\" data-element_type=\"widget\" data-e-type=\"widget\" data-widget_type=\"text-editor.default\">\n\t\t\t\t<div class=\"elementor-widget-container\">\n\t\t\t\t\t\t\t\t\t<h3 data-sourcepos=\"7:1-7:19\"><strong>Herausgeber der Seite<\/strong><\/h3><ul data-sourcepos=\"9:1-14:0\"><li data-sourcepos=\"9:1-9:22\">Name: DATCHY Quentin<\/li><li data-sourcepos=\"10:1-10:47\">Adresse: 324 rue Rosa Bonheur, 76360 Barentin<\/li><li data-sourcepos=\"11:1-11:36\">E-Mail: support@furzo-marketplace.com<\/li><li data-sourcepos=\"12:1-14:0\">SIRET-Nummer: 94243344200012<\/li><\/ul><h3 data-sourcepos=\"15:1-15:21\"><strong>Webhoster der Seite<\/strong><\/h3><ul data-sourcepos=\"17:1-21:0\"><li data-sourcepos=\"17:1-17:36\">Name: Hostinger International Ltd.<\/li><li data-sourcepos=\"18:1-18:58\">Adresse: 61 Lordou Vironos Street, 6023 Larnaca, Zypern<\/li><li data-sourcepos=\"19:1-21:0\">Website: www.hostinger.fr<\/li><\/ul><h3 data-sourcepos=\"22:1-22:44\"><strong>Allgemeine Nutzungsbedingungen (ANB)<\/strong><\/h3><p data-sourcepos=\"24:1-24:157\">Die allgemeinen Nutzungsbedingungen der Website sind unter folgender Adresse abrufbar: <a href=\"https:\/\/furzo-marketplace.com\/de\/cgu\/\" target=\"_blank\" rel=\"noopener\">https:\/\/furzo-marketplace.com\/cgu<\/a><\/p><h3 data-sourcepos=\"27:1-27:39\"><strong>Schutz von pers\u00f6nlichen Daten<\/strong><\/h3><p data-sourcepos=\"29:1-29:170\">Furzo und seine Partner sammeln die Daten der Nutzer f\u00fcr den ordnungsgem\u00e4\u00dfen Betrieb und die Sicherheit der Website. Die gesammelten Daten werden von Furzo nicht verkauft.<\/p><p data-sourcepos=\"31:1-31:180\">Sie k\u00f6nnen die Datenschutzrichtlinie von Furzo unter der folgenden Adresse einsehen: <a href=\"https:\/\/furzo-marketplace.com\/de\/privacy-policy\/\" target=\"_blank\" rel=\"noopener\">https:\/\/furzo-marketplace.com\/privacy-policy\/<\/a><\/p><h3 data-sourcepos=\"34:1-34:28\"><strong>Geistiges Eigentum<\/strong><\/h3><p data-sourcepos=\"36:1-36:195\">Alle Elemente, aus denen die Furzo-Website besteht (Texte, Bilder, Logos, Grafiken usw.), sind ausschlie\u00dfliches Eigentum von Furzo oder seinen Partnern.<span class=\"citation-0 interactive-span-selected-v2\">.<\/span><\/p><p data-sourcepos=\"38:1-38:226\"><span class=\"citation-0 citation-end-0 interactive-span-selected-v2\">Jede Reproduktion, Darstellung, \u00c4nderung, Ver\u00f6ffentlichung, Anpassung aller oder eines Teils der Elemente<sup class=\"superscript visible highlight\" data-turn-source-index=\"1\">\u00a0<\/sup><\/span>der Website, unabh\u00e4ngig von den verwendeten Mitteln oder Verfahren, ist untersagt, es sei denn, es liegt eine vorherige schriftliche Genehmigung von Furzo vor.<\/p>\t\t\t\t\t\t\t\t<\/div>\n\t\t\t\t<\/div>\n\t\t\t\t\t<\/div>\n\t\t\t\t<\/div>\n\t\t\t\t<\/div>","protected":false},"excerpt":{"rendered":"<p>Mentions l\u00e9gales Editeur du site Nom : DATCHY Quentin Adresse : 324 rue Rosa Bonheur, 76360 Barentin Email : support@furzo-marketplace.com Num\u00e9ro de SIRET : 94243344200012 H\u00e9bergeur du site Nom : Hostinger International Ltd. Adresse : 61 Lordou Vironos Street, 6023 Larnaca, Chypre Site web : www.hostinger.fr Conditions G\u00e9n\u00e9rales d&rsquo;Utilisation (CGU) Les conditions g\u00e9n\u00e9rales d&rsquo;utilisation du &#8230; <a title=\"Rechtliche Hinweise\" class=\"read-more\" href=\"https:\/\/furzo-marketplace.com\/de\/mentions-legales\/\">Read more<span class=\"screen-reader-text\">Rechtliche Hinweise<\/span><\/a><\/p>","protected":false},"author":1,"featured_media":0,"parent":0,"menu_order":0,"comment_status":"closed","ping_status":"closed","template":"","meta":{"_acf_changed":false,"footnotes":""},"class_list":["post-4914","page","type-page","status-publish"],"aioseo_notices":[],"acf":[],"_links":{"self":[{"href":"https:\/\/furzo-marketplace.com\/de\/wp-json\/wp\/v2\/pages\/4914","targetHints":{"allow":["GET"]}}],"collection":[{"href":"https:\/\/furzo-marketplace.com\/de\/wp-json\/wp\/v2\/pages"}],"about":[{"href":"https:\/\/furzo-marketplace.com\/de\/wp-json\/wp\/v2\/types\/page"}],"author":[{"embeddable":true,"href":"https:\/\/furzo-marketplace.com\/de\/wp-json\/wp\/v2\/users\/1"}],"replies":[{"embeddable":true,"href":"https:\/\/furzo-marketplace.com\/de\/wp-json\/wp\/v2\/comments?post=4914"}],"version-history":[{"count":0,"href":"https:\/\/furzo-marketplace.com\/de\/wp-json\/wp\/v2\/pages\/4914\/revisions"}],"wp:attachment":[{"href":"https:\/\/furzo-marketplace.com\/de\/wp-json\/wp\/v2\/media?parent=4914"}],"curies":[{"name":"wp","href":"https:\/\/api.w.org\/{rel}","templated":true}]}}