{"id":3695,"date":"2024-10-22T12:38:02","date_gmt":"2024-10-22T10:38:02","guid":{"rendered":"https:\/\/furzo-marketplace.com\/?page_id=3695"},"modified":"2025-03-07T10:26:12","modified_gmt":"2025-03-07T09:26:12","slug":"guide","status":"publish","type":"page","link":"https:\/\/furzo-marketplace.com\/de\/guide\/","title":{"rendered":"Leitfaden"},"content":{"rendered":"<div data-elementor-type=\"wp-post\" data-elementor-id=\"3695\" class=\"elementor elementor-3695\" data-elementor-post-type=\"page\">\n\t\t\t\t<div class=\"elementor-element elementor-element-49c4508 e-grid e-con-boxed e-con e-parent\" data-id=\"49c4508\" data-element_type=\"container\" data-e-type=\"container\">\n\t\t\t\t\t<div class=\"e-con-inner\">\n\t\t<div class=\"elementor-element elementor-element-42e086e e-con-full e-flex e-con e-child\" data-id=\"42e086e\" data-element_type=\"container\" data-e-type=\"container\">\n\t\t\t\t<div class=\"elementor-element elementor-element-30ad07d elementor-widget elementor-widget-search\" data-id=\"30ad07d\" data-element_type=\"widget\" data-e-type=\"widget\" data-settings=\"{&quot;submit_trigger&quot;:&quot;both&quot;,&quot;pagination_type_options&quot;:&quot;numbers&quot;,&quot;page_limit_settings&quot;:5}\" data-widget_type=\"search.default\">\n\t\t\t\t<div class=\"elementor-widget-container\">\n\t\t\t\t\t\t\t<search class=\"e-search hidden\" role=\"search\">\n\t\t\t<form class=\"e-search-form\" action=\"https:\/\/furzo-marketplace.com\/de\/\" method=\"get\" data-trp-original-action=\"https:\/\/furzo-marketplace.com\/de\">\n\n\t\t\t\t\n\t\t\t\t<label class=\"e-search-label\" for=\"search-30ad07d\">\n\t\t\t\t\t<span class=\"elementor-screen-only\">\n\t\t\t\t\t\tSearch\t\t\t\t\t<\/span>\n\t\t\t\t\t\t\t\t\t<\/label>\n\n\t\t\t\t<div class=\"e-search-input-wrapper\">\n\t\t\t\t\t<input id=\"search-30ad07d\" placeholder=\"Geben Sie Ihre Suche ein\" class=\"e-search-input\" type=\"search\" name=\"s\" value=\"\" autocomplete=\"on\" role=\"combobox\" aria-autocomplete=\"list\" aria-expanded=\"false\" aria-controls=\"results-30ad07d\" aria-haspopup=\"listbox\">\n\t\t\t\t\t<svg aria-hidden=\"true\" class=\"e-font-icon-svg e-fas-times\" viewbox=\"0 0 352 512\" xmlns=\"http:\/\/www.w3.org\/2000\/svg\"><path d=\"M242.72 256l100.07-100.07c12.28-12.28 12.28-32.19 0-44.48l-22.24-22.24c-12.28-12.28-32.19-12.28-44.48 0L176 189.28 75.93 89.21c-12.28-12.28-32.19-12.28-44.48 0L9.21 111.45c-12.28 12.28-12.28 32.19 0 44.48L109.28 256 9.21 356.07c-12.28 12.28-12.28 32.19 0 44.48l22.24 22.24c12.28 12.28 32.2 12.28 44.48 0L176 322.72l100.07 100.07c12.28 12.28 32.2 12.28 44.48 0l22.24-22.24c12.28-12.28 12.28-32.19 0-44.48L242.72 256z\"><\/path><\/svg>\t\t\t\t\t\t\t\t\t\t<output id=\"results-30ad07d\" class=\"e-search-results-container hide-loader\" aria-live=\"polite\" aria-atomic=\"true\" aria-label=\"Results for search\" tabindex=\"0\">\n\t\t\t\t\t\t<div class=\"e-search-results\"><\/div>\n\t\t\t\t\t\t\t\t\t\t\t<\/output>\n\t\t\t\t\t\t\t\t\t<\/div>\n\t\t\t\t\n\t\t\t\t\n\t\t\t\t<button class=\"e-search-submit\" type=\"submit\">\n\t\t\t\t\t\n\t\t\t\t\t\t\t\t\t\t<span class=\"\">\n\t\t\t\t\t\tSuche\t\t\t\t\t<\/span>\n\t\t\t\t\t\t\t\t\t<\/button>\n\t\t\t\t<input type=\"hidden\" name=\"e_search_props\" value=\"30ad07d-3695\">\n\t\t\t<input type=\"hidden\" name=\"trp-form-language\" value=\"de\"\/><\/form>\n\t\t<\/search>\n\t\t\t\t\t\t<\/div>\n\t\t\t\t<\/div>\n\t\t\t\t<div class=\"elementor-element elementor-element-dbd098a elementor-nav-menu__align-center elementor-widget-tablet__width-inherit elementor-nav-menu--dropdown-tablet elementor-nav-menu__text-align-aside elementor-nav-menu--toggle elementor-nav-menu--burger elementor-widget elementor-widget-nav-menu\" data-id=\"dbd098a\" data-element_type=\"widget\" data-e-type=\"widget\" data-settings=\"{&quot;layout&quot;:&quot;horizontal&quot;,&quot;submenu_icon&quot;:{&quot;value&quot;:&quot;&lt;svg aria-hidden=\\&quot;true\\&quot; class=\\&quot;e-font-icon-svg e-fas-caret-down\\&quot; viewBox=\\&quot;0 0 320 512\\&quot; xmlns=\\&quot;http:\\\/\\\/www.w3.org\\\/2000\\\/svg\\&quot;&gt;&lt;path d=\\&quot;M31.3 192h257.3c17.8 0 26.7 21.5 14.1 34.1L174.1 354.8c-7.8 7.8-20.5 7.8-28.3 0L17.2 226.1C4.6 213.5 13.5 192 31.3 192z\\&quot;&gt;&lt;\\\/path&gt;&lt;\\\/svg&gt;&quot;,&quot;library&quot;:&quot;fa-solid&quot;},&quot;toggle&quot;:&quot;burger&quot;}\" data-widget_type=\"nav-menu.default\">\n\t\t\t\t<div class=\"elementor-widget-container\">\n\t\t\t\t\t\t\t\t<nav aria-label=\"Men\u00fc\" class=\"elementor-nav-menu--main elementor-nav-menu__container elementor-nav-menu--layout-horizontal e--pointer-text e--animation-grow\">\n\t\t\t\t<ul id=\"menu-1-dbd098a\" class=\"elementor-nav-menu\"><li class=\"menu-item menu-item-type-taxonomy menu-item-object-category menu-item-has-children menu-item-5026\"><a href=\"https:\/\/furzo-marketplace.com\/de\/category\/vendeur\/\" class=\"elementor-item\">Verk\u00e4ufer<\/a>\n<ul class=\"sub-menu elementor-nav-menu--dropdown\">\n\t<li class=\"menu-item menu-item-type-taxonomy menu-item-object-category menu-item-5027\"><a href=\"https:\/\/furzo-marketplace.com\/de\/category\/vendeur\/dashboard\/\" class=\"elementor-sub-item\">Anzeiger<\/a><\/li>\n\t<li class=\"menu-item menu-item-type-taxonomy menu-item-object-category menu-item-5028\"><a href=\"https:\/\/furzo-marketplace.com\/de\/category\/vendeur\/vente\/\" class=\"elementor-sub-item\">Verkauf<\/a><\/li>\n\t<li class=\"menu-item menu-item-type-taxonomy menu-item-object-category menu-item-5029\"><a href=\"https:\/\/furzo-marketplace.com\/de\/category\/vendeur\/argent\/\" class=\"elementor-sub-item\">Silber<\/a><\/li>\n<\/ul>\n<\/li>\n<li class=\"menu-item menu-item-type-taxonomy menu-item-object-category menu-item-5030\"><a href=\"https:\/\/furzo-marketplace.com\/de\/category\/acheteur\/\" class=\"elementor-item\">K\u00e4ufer<\/a><\/li>\n<\/ul>\t\t\t<\/nav>\n\t\t\t\t\t<div class=\"elementor-menu-toggle\" role=\"button\" tabindex=\"0\" aria-label=\"Menu Toggle\" aria-expanded=\"false\">\n\t\t\t<svg aria-hidden=\"true\" role=\"presentation\" class=\"elementor-menu-toggle__icon--open e-font-icon-svg e-eicon-menu-bar\" viewbox=\"0 0 1000 1000\" xmlns=\"http:\/\/www.w3.org\/2000\/svg\"><path d=\"M104 333H896C929 333 958 304 958 271S929 208 896 208H104C71 208 42 237 42 271S71 333 104 333ZM104 583H896C929 583 958 554 958 521S929 458 896 458H104C71 458 42 487 42 521S71 583 104 583ZM104 833H896C929 833 958 804 958 771S929 708 896 708H104C71 708 42 737 42 771S71 833 104 833Z\"><\/path><\/svg><svg aria-hidden=\"true\" role=\"presentation\" class=\"elementor-menu-toggle__icon--close e-font-icon-svg e-eicon-close\" viewbox=\"0 0 1000 1000\" xmlns=\"http:\/\/www.w3.org\/2000\/svg\"><path d=\"M742 167L500 408 258 167C246 154 233 150 217 150 196 150 179 158 167 167 154 179 150 196 150 212 150 229 154 242 171 254L408 500 167 742C138 771 138 800 167 829 196 858 225 858 254 829L496 587 738 829C750 842 767 846 783 846 800 846 817 842 829 829 842 817 846 804 846 783 846 767 842 750 829 737L588 500 833 258C863 229 863 200 833 171 804 137 775 137 742 167Z\"><\/path><\/svg>\t\t<\/div>\n\t\t\t\t\t<nav class=\"elementor-nav-menu--dropdown elementor-nav-menu__container\" aria-hidden=\"true\">\n\t\t\t\t<ul id=\"menu-2-dbd098a\" class=\"elementor-nav-menu\"><li class=\"menu-item menu-item-type-taxonomy menu-item-object-category menu-item-has-children menu-item-5026\"><a href=\"https:\/\/furzo-marketplace.com\/de\/category\/vendeur\/\" class=\"elementor-item\" tabindex=\"-1\">Verk\u00e4ufer<\/a>\n<ul class=\"sub-menu elementor-nav-menu--dropdown\">\n\t<li class=\"menu-item menu-item-type-taxonomy menu-item-object-category menu-item-5027\"><a href=\"https:\/\/furzo-marketplace.com\/de\/category\/vendeur\/dashboard\/\" class=\"elementor-sub-item\" tabindex=\"-1\">Anzeiger<\/a><\/li>\n\t<li class=\"menu-item menu-item-type-taxonomy menu-item-object-category menu-item-5028\"><a href=\"https:\/\/furzo-marketplace.com\/de\/category\/vendeur\/vente\/\" class=\"elementor-sub-item\" tabindex=\"-1\">Verkauf<\/a><\/li>\n\t<li class=\"menu-item menu-item-type-taxonomy menu-item-object-category menu-item-5029\"><a href=\"https:\/\/furzo-marketplace.com\/de\/category\/vendeur\/argent\/\" class=\"elementor-sub-item\" tabindex=\"-1\">Silber<\/a><\/li>\n<\/ul>\n<\/li>\n<li class=\"menu-item menu-item-type-taxonomy menu-item-object-category menu-item-5030\"><a href=\"https:\/\/furzo-marketplace.com\/de\/category\/acheteur\/\" class=\"elementor-item\" tabindex=\"-1\">K\u00e4ufer<\/a><\/li>\n<\/ul>\t\t\t<\/nav>\n\t\t\t\t\t\t<\/div>\n\t\t\t\t<\/div>\n\t\t\t\t<div class=\"elementor-element elementor-element-d30b01d elementor-posts--thumbnail-none elementor-grid-3 elementor-grid-tablet-2 elementor-grid-mobile-1 elementor-card-shadow-yes elementor-posts__hover-gradient elementor-widget elementor-widget-posts\" data-id=\"d30b01d\" data-element_type=\"widget\" data-e-type=\"widget\" data-settings=\"{&quot;pagination_type&quot;:&quot;numbers&quot;,&quot;cards_columns&quot;:&quot;3&quot;,&quot;cards_columns_tablet&quot;:&quot;2&quot;,&quot;cards_columns_mobile&quot;:&quot;1&quot;,&quot;cards_row_gap&quot;:{&quot;unit&quot;:&quot;px&quot;,&quot;size&quot;:35,&quot;sizes&quot;:[]},&quot;cards_row_gap_tablet&quot;:{&quot;unit&quot;:&quot;px&quot;,&quot;size&quot;:&quot;&quot;,&quot;sizes&quot;:[]},&quot;cards_row_gap_mobile&quot;:{&quot;unit&quot;:&quot;px&quot;,&quot;size&quot;:&quot;&quot;,&quot;sizes&quot;:[]}}\" data-widget_type=\"posts.cards\">\n\t\t\t\t<div class=\"elementor-widget-container\">\n\t\t\t\t\t\t\t<div class=\"elementor-posts-container elementor-posts elementor-posts--skin-cards elementor-grid\" role=\"list\">\n\t\t\t\t<article class=\"elementor-post elementor-grid-item post-5266 post type-post status-publish format-standard hentry category-acheteur category-vendeur\" role=\"listitem\">\n\t\t\t<div class=\"elementor-post__card\">\n\t\t\t\t<div class=\"elementor-post__text\">\n\t\t\t\t<h3 class=\"elementor-post__title\">\n\t\t\t<a href=\"https:\/\/furzo-marketplace.com\/de\/comment-recuperer-et-supprimer-vos-donnees-personnelles-sur-furzo-marketplace\/\" >\n\t\t\t\tWie Sie Ihre pers\u00f6nlichen Daten auf Furzo Marketplace wiederherstellen und l\u00f6schen k\u00f6nnen\t\t\t<\/a>\n\t\t<\/h3>\n\t\t\t\t<div class=\"elementor-post__excerpt\">\n\t\t\t<p>Wie Sie Ihre pers\u00f6nlichen Daten auf Furzo Marketplace wiederherstellen und l\u00f6schen k\u00f6nnen Furzo Marketplace respektiert Ihr Recht auf Privatsph\u00e4re und erm\u00f6glicht Ihnen, Ihre Daten zu kontrollieren<\/p>\n\t\t<\/div>\n\t\t\t\t\t<div class=\"elementor-post__read-more-wrapper\">\n\t\t\n\t\t<a class=\"elementor-post__read-more\" href=\"https:\/\/furzo-marketplace.com\/de\/comment-recuperer-et-supprimer-vos-donnees-personnelles-sur-furzo-marketplace\/\" aria-label=\"Read more about Comment r\u00e9cup\u00e9rer et supprimer vos donn\u00e9es personnelles sur Furzo Marketplace\" tabindex=\"-1\" >\n\t\t\tMehr erfahren \u00bb\t\t<\/a>\n\n\t\t\t\t\t<\/div>\n\t\t\t\t<\/div>\n\t\t\t\t<div class=\"elementor-post__meta-data\">\n\t\t\t\t\t<span class=\"elementor-post-date\">\n\t\t\t21. M\u00e4rz 2025\t\t<\/span>\n\t\t\t\t<span class=\"elementor-post-time\">\n\t\t\t12h35\t\t<\/span>\n\t\t\t\t<\/div>\n\t\t\t\t\t<\/div>\n\t\t<\/article>\n\t\t\t\t<article class=\"elementor-post elementor-grid-item post-4663 post type-post status-publish format-standard hentry category-dashboard category-vendeur\" role=\"listitem\">\n\t\t\t<div class=\"elementor-post__card\">\n\t\t\t\t<div class=\"elementor-post__text\">\n\t\t\t\t<h3 class=\"elementor-post__title\">\n\t\t\t<a href=\"https:\/\/furzo-marketplace.com\/de\/obtenez-le-badge-de-vendeur-verifie-sur-furzo\/\" >\n\t\t\t\tErhalten Sie das Abzeichen \"Verifizierter Verk\u00e4ufer\" auf Furzo!\t\t\t<\/a>\n\t\t<\/h3>\n\t\t\t\t<div class=\"elementor-post__excerpt\">\n\t\t\t<p>Holen Sie sich das Abzeichen Verifizierter Verk\u00e4ufer auf Furzo! Die Verk\u00e4uferzertifizierung auf Furzo ist eine Gelegenheit, die Sie nicht verpassen sollten, um die<\/p>\n\t\t<\/div>\n\t\t\t\t\t<div class=\"elementor-post__read-more-wrapper\">\n\t\t\n\t\t<a class=\"elementor-post__read-more\" href=\"https:\/\/furzo-marketplace.com\/de\/obtenez-le-badge-de-vendeur-verifie-sur-furzo\/\" aria-label=\"Read more about Obtenez le badge de vendeur v\u00e9rifi\u00e9 sur Furzo !\" tabindex=\"-1\" >\n\t\t\tMehr erfahren \u00bb\t\t<\/a>\n\n\t\t\t\t\t<\/div>\n\t\t\t\t<\/div>\n\t\t\t\t<div class=\"elementor-post__meta-data\">\n\t\t\t\t\t<span class=\"elementor-post-date\">\n\t\t\t23. Dezember 2024\t\t<\/span>\n\t\t\t\t<span class=\"elementor-post-time\">\n\t\t\t14h23\t\t<\/span>\n\t\t\t\t<\/div>\n\t\t\t\t\t<\/div>\n\t\t<\/article>\n\t\t\t\t<article class=\"elementor-post elementor-grid-item post-4659 post type-post status-publish format-standard hentry category-dashboard category-vendeur\" role=\"listitem\">\n\t\t\t<div class=\"elementor-post__card\">\n\t\t\t\t<div class=\"elementor-post__text\">\n\t\t\t\t<h3 class=\"elementor-post__title\">\n\t\t\t<a href=\"https:\/\/furzo-marketplace.com\/de\/boostez-votre-visibilite-avec-la-publicite-sur-furzo\/\" >\n\t\t\t\tSteigern Sie Ihre Sichtbarkeit mit Werbung auf Furzo!\t\t\t<\/a>\n\t\t<\/h3>\n\t\t\t\t<div class=\"elementor-post__excerpt\">\n\t\t\t<p>Boosten Sie Ihre Sichtbarkeit mit Werbung auf Furzo! \u2728 Wussten Sie, dass Sie Ihre Produkte und Ihren Shop mit dem Angebot<\/p>\n\t\t<\/div>\n\t\t\t\t\t<div class=\"elementor-post__read-more-wrapper\">\n\t\t\n\t\t<a class=\"elementor-post__read-more\" href=\"https:\/\/furzo-marketplace.com\/de\/boostez-votre-visibilite-avec-la-publicite-sur-furzo\/\" aria-label=\"Read more about Boostez votre visibilit\u00e9 avec la publicit\u00e9 sur Furzo !\" tabindex=\"-1\" >\n\t\t\tMehr erfahren \u00bb\t\t<\/a>\n\n\t\t\t\t\t<\/div>\n\t\t\t\t<\/div>\n\t\t\t\t<div class=\"elementor-post__meta-data\">\n\t\t\t\t\t<span class=\"elementor-post-date\">\n\t\t\t23. Dezember 2024\t\t<\/span>\n\t\t\t\t<span class=\"elementor-post-time\">\n\t\t\t13h00\t\t<\/span>\n\t\t\t\t<\/div>\n\t\t\t\t\t<\/div>\n\t\t<\/article>\n\t\t\t\t<article class=\"elementor-post elementor-grid-item post-4544 post type-post status-publish format-standard hentry category-dashboard category-vendeur\" role=\"listitem\">\n\t\t\t<div class=\"elementor-post__card\">\n\t\t\t\t<div class=\"elementor-post__text\">\n\t\t\t\t<h3 class=\"elementor-post__title\">\n\t\t\t<a href=\"https:\/\/furzo-marketplace.com\/de\/comprendre-et-utiliser-les-tableaux-dexpedition\/\" >\n\t\t\t\tVersandtabellen verstehen und verwenden\t\t\t<\/a>\n\t\t<\/h3>\n\t\t\t\t<div class=\"elementor-post__excerpt\">\n\t\t\t<p>Versandtabellen verstehen und verwenden Dieser Leitfaden ist speziell f\u00fcr Furzo-Verk\u00e4ufer gedacht, die noch nie zuvor eine Versandtabelle ausgef\u00fcllt haben. Wir<\/p>\n\t\t<\/div>\n\t\t\t\t\t<div class=\"elementor-post__read-more-wrapper\">\n\t\t\n\t\t<a class=\"elementor-post__read-more\" href=\"https:\/\/furzo-marketplace.com\/de\/comprendre-et-utiliser-les-tableaux-dexpedition\/\" aria-label=\"Read more about Comprendre et Utiliser les Tableaux d&rsquo;Exp\u00e9dition\" tabindex=\"-1\" >\n\t\t\tMehr erfahren \u00bb\t\t<\/a>\n\n\t\t\t\t\t<\/div>\n\t\t\t\t<\/div>\n\t\t\t\t<div class=\"elementor-post__meta-data\">\n\t\t\t\t\t<span class=\"elementor-post-date\">\n\t\t\t13. Dezember 2024\t\t<\/span>\n\t\t\t\t<span class=\"elementor-post-time\">\n\t\t\t16h52\t\t<\/span>\n\t\t\t\t<\/div>\n\t\t\t\t\t<\/div>\n\t\t<\/article>\n\t\t\t\t<article class=\"elementor-post elementor-grid-item post-4539 post type-post status-publish format-standard hentry category-dashboard category-vendeur\" role=\"listitem\">\n\t\t\t<div class=\"elementor-post__card\">\n\t\t\t\t<div class=\"elementor-post__text\">\n\t\t\t\t<h3 class=\"elementor-post__title\">\n\t\t\t<a href=\"https:\/\/furzo-marketplace.com\/de\/comprendre-et-gerer-les-abonnements-sur-furzo\/\" >\n\t\t\t\tAbonnements auf Furzo verstehen und verwalten\t\t\t<\/a>\n\t\t<\/h3>\n\t\t\t\t<div class=\"elementor-post__excerpt\">\n\t\t\t<p>Willkommen bei Furzo, deiner Plattform, die dem Verkauf von Furry-Kreationen gewidmet ist! Um die Entwicklung deiner Aktivit\u00e4t zu unterst\u00fctzen, bieten wir verschiedene Verk\u00e4ufer-Abonnements an,<\/p>\n\t\t<\/div>\n\t\t\t\t\t<div class=\"elementor-post__read-more-wrapper\">\n\t\t\n\t\t<a class=\"elementor-post__read-more\" href=\"https:\/\/furzo-marketplace.com\/de\/comprendre-et-gerer-les-abonnements-sur-furzo\/\" aria-label=\"Read more about Comprendre et G\u00e9rer les Abonnements sur Furzo\" tabindex=\"-1\" >\n\t\t\tMehr erfahren \u00bb\t\t<\/a>\n\n\t\t\t\t\t<\/div>\n\t\t\t\t<\/div>\n\t\t\t\t<div class=\"elementor-post__meta-data\">\n\t\t\t\t\t<span class=\"elementor-post-date\">\n\t\t\t12. Dezember 2024\t\t<\/span>\n\t\t\t\t<span class=\"elementor-post-time\">\n\t\t\t12h02\t\t<\/span>\n\t\t\t\t<\/div>\n\t\t\t\t\t<\/div>\n\t\t<\/article>\n\t\t\t\t<article class=\"elementor-post elementor-grid-item post-4382 post type-post status-publish format-standard hentry category-acheteur category-vendeur\" role=\"listitem\">\n\t\t\t<div class=\"elementor-post__card\">\n\t\t\t\t<div class=\"elementor-post__text\">\n\t\t\t\t<h3 class=\"elementor-post__title\">\n\t\t\t<a href=\"https:\/\/furzo-marketplace.com\/de\/comment-contacter-furzo\/\" >\n\t\t\t\tWie kann ich Furzo kontaktieren?\t\t\t<\/a>\n\t\t<\/h3>\n\t\t\t\t<div class=\"elementor-post__excerpt\">\n\t\t\t<p>Wie kann ich Furzo kontaktieren? Wir wissen, dass jederzeit Fragen oder Probleme auftauchen k\u00f6nnen. Bei Furzo setzen wir alles daran, um<\/p>\n\t\t<\/div>\n\t\t\t\t\t<div class=\"elementor-post__read-more-wrapper\">\n\t\t\n\t\t<a class=\"elementor-post__read-more\" href=\"https:\/\/furzo-marketplace.com\/de\/comment-contacter-furzo\/\" aria-label=\"Read more about Comment contacter Furzo ?\" tabindex=\"-1\" >\n\t\t\tMehr erfahren \u00bb\t\t<\/a>\n\n\t\t\t\t\t<\/div>\n\t\t\t\t<\/div>\n\t\t\t\t<div class=\"elementor-post__meta-data\">\n\t\t\t\t\t<span class=\"elementor-post-date\">\n\t\t\t27. November 2024\t\t<\/span>\n\t\t\t\t<span class=\"elementor-post-time\">\n\t\t\t15h04\t\t<\/span>\n\t\t\t\t<\/div>\n\t\t\t\t\t<\/div>\n\t\t<\/article>\n\t\t\t\t<article class=\"elementor-post elementor-grid-item post-4380 post type-post status-publish format-standard hentry category-vendeur\" role=\"listitem\">\n\t\t\t<div class=\"elementor-post__card\">\n\t\t\t\t<div class=\"elementor-post__text\">\n\t\t\t\t<h3 class=\"elementor-post__title\">\n\t\t\t<a href=\"https:\/\/furzo-marketplace.com\/de\/les-abonnements-sur-furzo-choisissez-ce-qui-vous-convient\/\" >\n\t\t\t\tAbonnements auf Furzo: W\u00e4hlen Sie, was Ihnen gef\u00e4llt\t\t\t<\/a>\n\t\t<\/h3>\n\t\t\t\t<div class=\"elementor-post__excerpt\">\n\t\t\t<p>Abonnements auf Furzo: W\u00e4hlen Sie, was Ihnen passt Auf Furzo haben wir zwei Arten von Abonnements entwickelt, um den Bed\u00fcrfnissen der Verk\u00e4ufer gerecht zu werden:<\/p>\n\t\t<\/div>\n\t\t\t\t\t<div class=\"elementor-post__read-more-wrapper\">\n\t\t\n\t\t<a class=\"elementor-post__read-more\" href=\"https:\/\/furzo-marketplace.com\/de\/les-abonnements-sur-furzo-choisissez-ce-qui-vous-convient\/\" aria-label=\"Read more about Les abonnements sur Furzo : Choisissez ce qui vous convient\" tabindex=\"-1\" >\n\t\t\tMehr erfahren \u00bb\t\t<\/a>\n\n\t\t\t\t\t<\/div>\n\t\t\t\t<\/div>\n\t\t\t\t<div class=\"elementor-post__meta-data\">\n\t\t\t\t\t<span class=\"elementor-post-date\">\n\t\t\t27. November 2024\t\t<\/span>\n\t\t\t\t<span class=\"elementor-post-time\">\n\t\t\t13h56\t\t<\/span>\n\t\t\t\t<\/div>\n\t\t\t\t\t<\/div>\n\t\t<\/article>\n\t\t\t\t<article class=\"elementor-post elementor-grid-item post-4378 post type-post status-publish format-standard hentry category-vendeur category-vente\" role=\"listitem\">\n\t\t\t<div class=\"elementor-post__card\">\n\t\t\t\t<div class=\"elementor-post__text\">\n\t\t\t\t<h3 class=\"elementor-post__title\">\n\t\t\t<a href=\"https:\/\/furzo-marketplace.com\/de\/regles-sur-la-vente-de-produits-crees-par-intelligence-artificielle-ia-sur-furzo\/\" >\n\t\t\t\tRegeln f\u00fcr den Verkauf von Produkten, die durch k\u00fcnstliche Intelligenz (KI) erstellt wurden, auf Furzo\t\t\t<\/a>\n\t\t<\/h3>\n\t\t\t\t<div class=\"elementor-post__excerpt\">\n\t\t\t<p>Bei Furzo ist es unser Ziel, die K\u00fcnstler und Sch\u00f6pfer des Furry Fandom zu unterst\u00fctzen und aufzuwerten, indem wir ihre Arbeit und ihre<\/p>\n\t\t<\/div>\n\t\t\t\t\t<div class=\"elementor-post__read-more-wrapper\">\n\t\t\n\t\t<a class=\"elementor-post__read-more\" href=\"https:\/\/furzo-marketplace.com\/de\/regles-sur-la-vente-de-produits-crees-par-intelligence-artificielle-ia-sur-furzo\/\" aria-label=\"Read more about R\u00e8gles sur la vente de produits cr\u00e9\u00e9s par intelligence artificielle (IA) sur Furzo\" tabindex=\"-1\" >\n\t\t\tMehr erfahren \u00bb\t\t<\/a>\n\n\t\t\t\t\t<\/div>\n\t\t\t\t<\/div>\n\t\t\t\t<div class=\"elementor-post__meta-data\">\n\t\t\t\t\t<span class=\"elementor-post-date\">\n\t\t\t27. November 2024\t\t<\/span>\n\t\t\t\t<span class=\"elementor-post-time\">\n\t\t\t13h45\t\t<\/span>\n\t\t\t\t<\/div>\n\t\t\t\t\t<\/div>\n\t\t<\/article>\n\t\t\t\t<article class=\"elementor-post elementor-grid-item post-4374 post type-post status-publish format-standard hentry category-acheteur category-vendeur\" role=\"listitem\">\n\t\t\t<div class=\"elementor-post__card\">\n\t\t\t\t<div class=\"elementor-post__text\">\n\t\t\t\t<h3 class=\"elementor-post__title\">\n\t\t\t<a href=\"https:\/\/furzo-marketplace.com\/de\/fonctionnement-de-furzo-la-marketplace-furry\/\" >\n\t\t\t\tFunktionsweise von Furzo: Der Furry-Marktplatz\t\t\t<\/a>\n\t\t<\/h3>\n\t\t\t\t<div class=\"elementor-post__excerpt\">\n\t\t\t<p>Willkommen bei Furzo, dem Marktplatz f\u00fcr K\u00fcnstler und Liebhaber des Furry Fandoms! Furzo ist darauf ausgelegt, flexibel zu sein, egal ob du deine<\/p>\n\t\t<\/div>\n\t\t\t\t\t<div class=\"elementor-post__read-more-wrapper\">\n\t\t\n\t\t<a class=\"elementor-post__read-more\" href=\"https:\/\/furzo-marketplace.com\/de\/fonctionnement-de-furzo-la-marketplace-furry\/\" aria-label=\"Read more about Fonctionnement de Furzo : La Marketplace Furry\" tabindex=\"-1\" >\n\t\t\tMehr erfahren \u00bb\t\t<\/a>\n\n\t\t\t\t\t<\/div>\n\t\t\t\t<\/div>\n\t\t\t\t<div class=\"elementor-post__meta-data\">\n\t\t\t\t\t<span class=\"elementor-post-date\">\n\t\t\t27. November 2024\t\t<\/span>\n\t\t\t\t<span class=\"elementor-post-time\">\n\t\t\t13h29\t\t<\/span>\n\t\t\t\t<\/div>\n\t\t\t\t\t<\/div>\n\t\t<\/article>\n\t\t\t\t<article class=\"elementor-post elementor-grid-item post-4370 post type-post status-publish format-standard hentry category-dashboard category-vendeur category-vente\" role=\"listitem\">\n\t\t\t<div class=\"elementor-post__card\">\n\t\t\t\t<div class=\"elementor-post__text\">\n\t\t\t\t<h3 class=\"elementor-post__title\">\n\t\t\t<a href=\"https:\/\/furzo-marketplace.com\/de\/comment-gerer-les-commissions-sur-furzo\/\" >\n\t\t\t\tWie man Provisionen auf Furzo verwaltet\t\t\t<\/a>\n\t\t<\/h3>\n\t\t\t\t<div class=\"elementor-post__excerpt\">\n\t\t\t<p>Furzo erm\u00f6glicht es dir, Kommissionen flexibel und intuitiv zu verwalten. Dieser Leitfaden erkl\u00e4rt dir, wie du eine Provision erstellst, die Optionen f\u00fcr deine Kunden anpasst,<\/p>\n\t\t<\/div>\n\t\t\t\t\t<div class=\"elementor-post__read-more-wrapper\">\n\t\t\n\t\t<a class=\"elementor-post__read-more\" href=\"https:\/\/furzo-marketplace.com\/de\/comment-gerer-les-commissions-sur-furzo\/\" aria-label=\"Read more about Comment g\u00e9rer les commissions sur Furzo\" tabindex=\"-1\" >\n\t\t\tMehr erfahren \u00bb\t\t<\/a>\n\n\t\t\t\t\t<\/div>\n\t\t\t\t<\/div>\n\t\t\t\t<div class=\"elementor-post__meta-data\">\n\t\t\t\t\t<span class=\"elementor-post-date\">\n\t\t\t27. November 2024\t\t<\/span>\n\t\t\t\t<span class=\"elementor-post-time\">\n\t\t\t13h00\t\t<\/span>\n\t\t\t\t<\/div>\n\t\t\t\t\t<\/div>\n\t\t<\/article>\n\t\t\t\t<article class=\"elementor-post elementor-grid-item post-3751 post type-post status-publish format-standard hentry category-dashboard category-vendeur\" role=\"listitem\">\n\t\t\t<div class=\"elementor-post__card\">\n\t\t\t\t<div class=\"elementor-post__text\">\n\t\t\t\t<h3 class=\"elementor-post__title\">\n\t\t\t<a href=\"https:\/\/furzo-marketplace.com\/de\/guide-creation-de-produits-sur-furzo\/\" >\n\t\t\t\tLeitfaden: Erstellen von Produkten auf Furzo\t\t\t<\/a>\n\t\t<\/h3>\n\t\t\t\t<div class=\"elementor-post__excerpt\">\n\t\t\t<p>Leitfaden: Erstellen von Produkten auf Furzo Willkommen auf Furzo! Dieser Leitfaden soll dir helfen, deine Produkte zu erstellen und sie auf<\/p>\n\t\t<\/div>\n\t\t\t\t\t<div class=\"elementor-post__read-more-wrapper\">\n\t\t\n\t\t<a class=\"elementor-post__read-more\" href=\"https:\/\/furzo-marketplace.com\/de\/guide-creation-de-produits-sur-furzo\/\" aria-label=\"Read more about Guide : Cr\u00e9ation de Produits sur Furzo\" tabindex=\"-1\" >\n\t\t\tMehr erfahren \u00bb\t\t<\/a>\n\n\t\t\t\t\t<\/div>\n\t\t\t\t<\/div>\n\t\t\t\t<div class=\"elementor-post__meta-data\">\n\t\t\t\t\t<span class=\"elementor-post-date\">\n\t\t\t22. Oktober 2024\t\t<\/span>\n\t\t\t\t<span class=\"elementor-post-time\">\n\t\t\t15h13\t\t<\/span>\n\t\t\t\t<\/div>\n\t\t\t\t\t<\/div>\n\t\t<\/article>\n\t\t\t\t<\/div>\n\t\t\n\t\t\t\t\t\t<\/div>\n\t\t\t\t<\/div>\n\t\t\t\t<\/div>\n\t\t\t\t\t<\/div>\n\t\t\t\t<\/div>\n\t\t\t\t<\/div>","protected":false},"excerpt":{"rendered":"<p>Search Rechercher<\/p>","protected":false},"author":1,"featured_media":0,"parent":0,"menu_order":0,"comment_status":"closed","ping_status":"closed","template":"","meta":{"_acf_changed":false,"footnotes":""},"class_list":["post-3695","page","type-page","status-publish","hentry"],"aioseo_notices":[],"acf":[],"_links":{"self":[{"href":"https:\/\/furzo-marketplace.com\/de\/wp-json\/wp\/v2\/pages\/3695","targetHints":{"allow":["GET"]}}],"collection":[{"href":"https:\/\/furzo-marketplace.com\/de\/wp-json\/wp\/v2\/pages"}],"about":[{"href":"https:\/\/furzo-marketplace.com\/de\/wp-json\/wp\/v2\/types\/page"}],"author":[{"embeddable":true,"href":"https:\/\/furzo-marketplace.com\/de\/wp-json\/wp\/v2\/users\/1"}],"replies":[{"embeddable":true,"href":"https:\/\/furzo-marketplace.com\/de\/wp-json\/wp\/v2\/comments?post=3695"}],"version-history":[{"count":0,"href":"https:\/\/furzo-marketplace.com\/de\/wp-json\/wp\/v2\/pages\/3695\/revisions"}],"wp:attachment":[{"href":"https:\/\/furzo-marketplace.com\/de\/wp-json\/wp\/v2\/media?parent=3695"}],"curies":[{"name":"wp","href":"https:\/\/api.w.org\/{rel}","templated":true}]}}