{"id":3663,"date":"2024-10-16T11:56:18","date_gmt":"2024-10-16T09:56:18","guid":{"rendered":"https:\/\/furzo-marketplace.com\/?page_id=3663"},"modified":"2026-02-16T12:57:13","modified_gmt":"2026-02-16T11:57:13","slug":"cgv","status":"publish","type":"page","link":"https:\/\/furzo-marketplace.com\/de\/cgv\/","title":{"rendered":"Allgemeine Gesch\u00e4ftsbedingungen (AGB)"},"content":{"rendered":"<div data-elementor-type=\"wp-page\" data-elementor-id=\"3663\" class=\"elementor elementor-3663\" data-elementor-post-type=\"page\">\n\t\t\t\t<div class=\"elementor-element elementor-element-67415bd e-con-full e-flex e-con e-parent\" data-id=\"67415bd\" data-element_type=\"container\" data-e-type=\"container\">\n\t\t\t\t<div class=\"elementor-element elementor-element-c060cc8 elementor-widget elementor-widget-text-editor\" data-id=\"c060cc8\" data-element_type=\"widget\" data-e-type=\"widget\" data-widget_type=\"text-editor.default\">\n\t\t\t\t<div class=\"elementor-widget-container\">\n\t\t\t\t\t\t\t\t\t<h1>Allgemeine Gesch\u00e4ftsbedingungen (AGB) - Kundinnen und Kunden<\/h1>\n<hr>\n<h4><strong>Artikel 1 - Zweck<\/strong><\/h4>\n<p>Die vorliegenden Allgemeinen Gesch\u00e4ftsbedingungen (AGB) regeln die Beziehungen zwischen Furzo, einer Plattform, die K\u00fcnstler und K\u00e4ufer von Furry-Produkten zusammenbringt, und den Kunden, die die Plattform nutzen, um Eink\u00e4ufe zu t\u00e4tigen.<\/p>\n<hr>\n<h4><strong>Artikel 2 - Begriffsbestimmungen<\/strong><\/h4>\n<ul>\n<li><strong>Furzo<\/strong> : Die Plattform zur Vermittlung zwischen K\u00fcnstlern und K\u00e4ufern von Furry-Produkten, erreichbar unter https:\/\/furzo-marketplace.com\/.<\/li>\n<li><strong>Kunde<\/strong> : Jede nat\u00fcrliche oder juristische Person, die die Furzo-Plattform zum Kauf von Produkten nutzt.<\/li>\n<li><strong>K\u00fcnstlerin<\/strong> : Jede nat\u00fcrliche oder juristische Person, die die Furzo-Plattform zum Verkauf von Produkten nutzt.<\/li>\n<li><strong>Produkt<\/strong> : Jede Ware oder Dienstleistung, die von einem K\u00fcnstler auf Furzo zum Verkauf angeboten wird.<\/li>\n<li><strong>Bestellung<\/strong> : Akt, durch den sich der Kunde verpflichtet, ein Produkt \u00fcber Furzo zu kaufen.<\/li>\n<\/ul>\n<hr>\n<h4><strong>Artikel 3 - Annahme der AGB<\/strong><\/h4>\n<p>Jede Bestellung auf der Furzo-Plattform gilt als vorbehaltlose Annahme der vorliegenden AGB.<\/p>\n<hr>\n<h4><strong>Artikel 4 - Produkte<\/strong><\/h4>\n<ul>\n<li>Bei den auf Furzo angebotenen Produkten handelt es sich um k\u00fcnstlerische Dienstleistungen (Herstellung von Werken auf Bestellung) oder um Kultur- und Kunstg\u00fcter (Drucke, Goodies, digitale Dateien).<\/li>\n<li>Furzo fungiert als technischer Vermittler, der die Verbindung und die Sicherung der finanziellen Transaktion im Zusammenhang mit diesem k\u00fcnstlerischen Auftrag sicherstellt.<\/li>\n<\/ul>\n<hr>\n<h4><strong>Artikel 5 - Bestellung<\/strong><\/h4>\n<ul>\n<li>Die Kundinnen und Kunden k\u00f6nnen eine Bestellung aufgeben, indem sie den Anweisungen auf der Plattform folgen.<\/li>\n<li>Eine Bestellung ist verbindlich, sobald die vollst\u00e4ndige Zahlung erfolgt ist.<\/li>\n<li>Aus technischen Gr\u00fcnden und aus Gr\u00fcnden der Transaktionssicherheit kann jeweils nur ein Produkt des Typs \u00abKommission\u00bb in den Warenkorb gelegt werden, und es kann nicht mit anderen herk\u00f6mmlichen Produkten in einer Bestellung kombiniert werden.<\/li>\n<\/ul>\n<h6>5.1 Best\u00e4tigung durch den K\u00fcnstler bei personalisierten Produkten<\/h6>\n<ul>\n<li>Sobald der Kunde die Zahlung geleistet hat, wird die Bestellung in die Warteschleife zur Best\u00e4tigung gestellt. Der K\u00fcnstler hat sechs Tage Zeit, um die Bestellung anzunehmen.<\/li>\n<li>Wenn der K\u00fcnstler zustimmt : Der Auftrag wechselt in den Status \u00abBearbeitet\u00bb und die Ausf\u00fchrung beginnt.<\/li>\n<li>Wenn der K\u00fcnstler ablehnt oder nicht innerhalb von 6 Tagen antwortet: Die Bestellung wird automatisch storniert und der Kunde erh\u00e4lt den vollen Betrag geb\u00fchrenfrei zur\u00fcckerstattet.<\/li>\n<\/ul>\n<hr>\n<h4><strong>Artikel 6 - Preis<\/strong><\/h4>\n<ul>\n<li>Die Preise sind in Euro angegeben und beinhalten alle Steuern (TTC).<\/li>\n<li>Die Versandkosten werden vor der Best\u00e4tigung der Bestellung angegeben.<\/li>\n<\/ul>\n<hr>\n<h4><strong>Artikel 7 - Zahlung<\/strong><\/h4>\n<p>Bestellungen k\u00f6nnen per Kreditkarte (\u00fcber Stripe) bezahlt werden.<\/p>\n<h6>7.1 Beschlagnahme von Geldern<\/h6>\n<p data-path-to-node=\"16,1\">Die Bezahlung der Bestellungen erfolgt per Kreditkarte \u00fcber den sicheren Zahlungsdienstleister Stripe. Die Bezahlung der Bestellungen erfolgt per Kreditkarte \u00fcber den zugelassenen Zahlungsdienstleister Stripe. Stripe gew\u00e4hrleistet die Sicherheit der Gelder und fungiert als Drittanbieter. Bei der Bezahlung eines Produkts wird der Betrag dem Kunden belastet und von Stripe sicher aufbewahrt. Furzo \u00fcbermittelt Stripe lediglich technisch die Anweisung, die Gelder an den Verk\u00e4ufer freizugeben, sobald die Bestellung als \u00abAbgeschlossen\u00bb markiert wurde.<\/p>\n<p data-path-to-node=\"16,1\"><span style=\"color: rgb(243, 118, 74); font-family: inherit; font-size: 16px; font-style: inherit; font-weight: 700;\">7.2 Anpassung des Preises<\/span><\/p>\n<p>W\u00e4hrend der Ausf\u00fchrung der Bestellung (insbesondere bei personalisierten Bestellungen) kann sich der urspr\u00fcngliche Preis in Absprache mit dem Kunden \u00e4ndern:<\/p>\n<ul>\n<li>Erg\u00e4nzungen: Wenn der vom K\u00fcnstler festgelegte Endpreis h\u00f6her ist als der urspr\u00fcngliche Bankabdruck, wird die urspr\u00fcngliche Zahlung storniert und eine neue Zahlungsaufforderung mit dem neuen Betrag an den Kunden gesendet.<\/li>\n<li>Teilr\u00fcckerstattungen: Wenn die Dienstleistung nach unten korrigiert oder im gegenseitigen Einvernehmen teilweise storniert wird, wird eine Teilr\u00fcckerstattung auf das urspr\u00fcngliche Zahlungsmittel des Kunden gutgeschrieben.<\/li>\n<\/ul>\n<h4 data-pm-slice=\"1 1 []\">Artikel 8 - Lieferung und Versand \u00fcber Furzo<\/h4>\n<p><strong>8.1. Modalit\u00e4ten des Versands<\/strong> Die Furzo-Plattform erleichtert die Verwaltung der Sendungen, indem sie den K\u00fcnstlern (Verk\u00e4ufern) die im Voraus bezahlten Transportetiketten zur Verf\u00fcgung stellt. Der K\u00fcnstler bleibt jedoch allein verantwortlich f\u00fcr die physische Vorbereitung des Pakets, seine Verpackung und die \u00dcbergabe an den Spediteur.<\/p>\n<p><strong>8.2. Kosten und Versandkosten<\/strong>&nbsp;: Die H\u00f6he der Lieferkosten wird bei der Bestellung automatisch anhand des vom K\u00fcnstler angegebenen Gewichts und der Abmessungen berechnet und beinhaltet die Kosten f\u00fcr den Spediteur, die Verwaltungsgeb\u00fchren der Plattform und gegebenenfalls eine Versicherung. <em>ad valorem<\/em> f\u00fcr Bestellungen mit einem Wert von \u00fcber 150\u20ac.<\/p>\n<p><strong>8.3. Lieferzeiten (Herstellung + Transport)<\/strong> Die Gesamtlieferzeit umfasst zwei verschiedene Phasen:<\/p>\n<ol>\n<li>\n<p><strong>Herstellungs- und Bearbeitungszeit :<\/strong> Bei Produkten, die auf Lager sind, erfolgt der Versand in der Regel innerhalb von 48 bis 72 Stunden. Bei <strong>personalisierte Bestellungen (Provisionen)<\/strong>, Der Kunde muss sich auf die vom K\u00fcnstler auf der Produktkarte oder in seinen eigenen Verkaufsbedingungen angegebene Herstellungsfrist beziehen. Der K\u00fcnstler ist allein f\u00fcr die Einhaltung dieser Erstellungsfrist verantwortlich.<\/p>\n<\/li>\n<li>\n<p><strong>Lieferzeit :<\/strong> Sobald das Produkt fertiggestellt und der Bestellstatus auf \u00abLieferung\u00bb gesetzt wurde, gelten die Fristen des Spediteurs (normalerweise 3 bis 5 Werktage, je nach gew\u00e4hltem Service).<\/p>\n<\/li>\n<\/ol>\n<p><strong>8.4. Verpflichtung zur Versendung<\/strong> Sobald die Bestellung fertig ist und das Versandetikett vom K\u00fcnstler erstellt wurde, hat dieser eine maximale Frist von <strong>7 Kalendertage<\/strong> um das Paket dem Spediteur zu \u00fcbergeben. Furzo kann nicht f\u00fcr Verz\u00f6gerungen verantwortlich gemacht werden, die mit der Herstellung durch den K\u00fcnstler oder mit den Unw\u00e4gbarkeiten des Transports zusammenh\u00e4ngen.<\/p>\n<p><strong>8.5. Nachbereitung und Empfang<\/strong> Der Kunde erh\u00e4lt eine Tracking-Nummer, sobald das Paket vom Transportnetz \u00fcbernommen wurde. Im Falle eines bei der Annahme besch\u00e4digten Pakets muss der Kunde unbedingt schriftliche Vorbehalte beim Spediteur anmelden oder das Paket ablehnen und den K\u00fcnstler \u00fcber den internen Nachrichtendienst innerhalb von 48 Stunden dar\u00fcber informieren, um die Er\u00f6ffnung eines Versicherungsstreits zu erm\u00f6glichen.<\/p>\n<p><b data-path-to-node=\"18,0\" data-index-in-node=\"0\">8.6 Abschluss der Bestellung (Freigabe der Gelder)<\/b> Bei physischen Produkten gilt die Bestellung bei best\u00e4tigtem Erhalt oder nach Ablauf der Versandfrist als abgeschlossen. Bei digitalen Dienstleistungen und Provisionen markiert der K\u00fcnstler die Bestellung als \u00abAbgeschlossen\u00bb, sobald die Dateien geliefert wurden. Diese Aktion l\u00f6st die Freigabe der beschlagnahmten Gelder auf das Konto des K\u00fcnstlers aus. Im Falle einer nachgewiesenen Nichtlieferung kann der Kunde den Streitfall Furzo melden, um die R\u00fcckerstattung der blockierten Gelder zu erhalten.<\/p>\n<hr>\n<h4><strong>Artikel 9 - Widerruf<\/strong><\/h4>\n<p>Gem\u00e4\u00df dem Gesetz hat der Kunde vierzehn (14) Tage nach Erhalt der Ware Zeit, um sein Widerrufsrecht ohne Angabe von Gr\u00fcnden und ohne Strafzahlung auszu\u00fcben.<\/p>\n<ul>\n<li>Benachrichtigung des K\u00fcnstlers in schriftlicher Form (E-Mail oder Post).<\/li>\n<li>R\u00fccksendung des Produkts in der Originalverpackung und in einwandfreiem Zustand innerhalb von 14 Tagen nach dem Widerruf. Die Kosten f\u00fcr die R\u00fccksendung tr\u00e4gt der Kunde.<\/li>\n<li>Der K\u00fcnstler erstattet den Betrag innerhalb von 14 Tagen nach Erhalt des zur\u00fcckgesandten Produkts.<\/li>\n<\/ul>\n<p><strong>WICHTIGE AUSNAHME - Benutzerdefinierte Befehle und Digitale Inhalte :<\/strong> Gem\u00e4\u00df Artikel L.221-28 des Verbraucherschutzgesetzes kann das Widerrufsrecht NICHT ausge\u00fcbt werden f\u00fcr :<\/p>\n<ol>\n<li>Produkte, die nach den Spezifikationen des Verbrauchers angefertigt werden oder deutlich personalisiert sind (z. B. Kunstkommissionen, personalisierte Anstecknadeln, YCH).<\/li>\n<li>Die Lieferung von digitalen Inhalten, die nicht auf einem materiellen Tr\u00e4ger geliefert werden (sofortiger Download), deren Ausf\u00fchrung nach der vorherigen Zustimmung des Verbrauchers und dem ausdr\u00fccklichen Verzicht auf sein Widerrufsrecht begonnen hat.<\/li>\n<\/ol>\n<p>Mit der Best\u00e4tigung einer Bestellung des Typs \u00abKommission\u00bb oder \u00abDigitaler Download\u00bb verzichtet der Kunde ausdr\u00fccklich auf sein Widerrufsrecht, sobald der K\u00fcnstler mit der Arbeit begonnen hat oder die Datei heruntergeladen wurde.<\/p>\n<hr>\n<h4><strong>Artikel 10 - Gesetzliche Garantien<\/strong><\/h4>\n<p>Der Kunde profitiert von den gesetzlichen Garantien f\u00fcr Konformit\u00e4t und versteckte M\u00e4ngel, die zwei Jahre lang g\u00fcltig sind:<\/p>\n<ul>\n<li><strong>Garantie der Konformit\u00e4t<\/strong> : Produkt entspricht nicht der Beschreibung oder den angemessenen Erwartungen.<\/li>\n<li><strong>Garantie gegen versteckte M\u00e4ngel<\/strong> : Vorbestehender, nicht sichtbarer Fehler, der das Produkt f\u00fcr den vorgesehenen Zweck ungeeignet macht. Im Falle eines Problems muss der Kunde den K\u00fcnstler kontaktieren, um eine einvernehmliche L\u00f6sung zu finden (Reparatur, Ersatz, R\u00fcckerstattung).<\/li>\n<\/ul>\n<hr>\n<h4><strong>Artikel 11 - Beilegung von Streitigkeiten<\/strong><\/h4>\n<ul>\n<li>Die Parteien verpflichten sich, \u00fcber den internen Nachrichtendienst von Furzo eine g\u00fctliche L\u00f6sung zu suchen.<\/li>\n<li>Wenn keine Einigung erzielt wird, kann Furzo eingeschaltet werden, um den Austausch auf der Plattform zu untersuchen und eine faire L\u00f6sung anzustreben.<\/li>\n<\/ul>\n<hr>\n<h4><strong>Artikel 12 - Haftung von Furzo<\/strong><\/h4>\n<p>Furzo ist ein Vermittler und keine Partei der Kaufvertr\u00e4ge. Die Haftung von Furzo ist beschr\u00e4nkt :<\/p>\n<ul>\n<li>Auf die Zuverl\u00e4ssigkeit der Plattform.<\/li>\n<li>Auf die H\u00f6he der f\u00fcr die betreffenden Transaktionen erhaltenen Provisionen bzw. auf die anteilige H\u00f6he des abgeschlossenen Abonnements f\u00fcr K\u00fcnstler, die von einem provisionsfreien Angebot profitieren.<\/li>\n<li>Versp\u00e4tete oder fehlende Lieferung.<\/li>\n<li>Nicht konforme Produkte.<\/li>\n<li>Technische Probleme oder externe Streitigkeiten.<\/li>\n<\/ul>\n<hr>\n<h4><strong>Artikel 13 - Geistiges Eigentum<\/strong><\/h4>\n<p>Die Inhalte von Furzo (Logo, Texte, Bilder usw.) sind gesch\u00fctzt. Jede Vervielf\u00e4ltigung oder Ver\u00e4nderung ist ohne vorherige Genehmigung untersagt.<\/p>\n<hr>\n<h4><strong>Artikel 14 - Pers\u00f6nliche Daten<\/strong><\/h4>\n<p>Furzo sammelt und verarbeitet personenbezogene Daten in \u00dcbereinstimmung mit der DSGVO :<\/p>\n<ul>\n<li>Zweck: Einrichtung von Konten, Verwaltung von Bestellungen, Kommunikation.<\/li>\n<li>Rechte: Zugang, Berichtigung, L\u00f6schung, Einschr\u00e4nkung. Wenden Sie sich an Furzo, um diese Rechte auszu\u00fcben.<\/li>\n<\/ul>\n<hr>\n<h4><strong>Artikel 15 - Anwendbares Recht und Gerichtsbarkeit<\/strong><\/h4>\n<p>Die AGB unterliegen dem franz\u00f6sischen Recht. Im Falle eines Rechtsstreits sind ausschlie\u00dflich die franz\u00f6sischen Gerichte zust\u00e4ndig.<\/p>\n<hr>\n<h4><strong>Artikel 16 - Dauer und \u00c4nderungen<\/strong><\/h4>\n<ul>\n<li>Die AGB treten am 1. Februar 2024 in Kraft und gelten auf unbestimmte Zeit.<\/li>\n<li>Furzo beh\u00e4lt sich das Recht vor, diese zu \u00e4ndern. Die Kunden werden dar\u00fcber per E-Mail oder Benachrichtigung informiert.<\/li>\n<\/ul>\n<hr>\n<h4><strong>Artikel 17 - Notifizierungen<\/strong><\/h4>\n<p>Die Kundinnen und Kunden sollten die AGB regelm\u00e4\u00dfig \u00fcberpr\u00fcfen, um \u00c4nderungen zur Kenntnis zu nehmen. Benachrichtigungen werden per E-Mail oder auf der Furzo-Plattform verschickt.<\/p>\n<h4 data-sourcepos=\"5:1-5:57\"><strong>Artikel 18 - Externe Links und Affiliate-Produkte<\/strong><\/h4>\n<p data-sourcepos=\"7:1-7:226\">Furzo kann K\u00fcnstlern erlauben, \u00abexterne Produkte\/Affiliate\u00bb auf der Plattform anzubieten. Diese Produkte werden au\u00dferhalb von Furzo verkauft und der K\u00fcnstler leitet die Kunden auf eine externe Website weiter, um den Kauf abzuschlie\u00dfen.<\/p>\n<p data-sourcepos=\"9:1-9:164\">Furzo ist nicht verantwortlich f\u00fcr den Inhalt, die Produkte, Dienstleistungen oder Praktiken externer Websites, auf die die K\u00fcnstler die Kunden weiterleiten k\u00f6nnen.<\/p>\n<p data-sourcepos=\"11:1-11:241\">Der Kauf von externen Produkten\/Affiliate-Produkten erfolgt unter der alleinigen Verantwortung des Kunden und des betreffenden K\u00fcnstlers. Furzo kann im Falle von Streitigkeiten, Zahlungs- oder Lieferproblemen oder der Nichtkonformit\u00e4t des Produkts nicht haftbar gemacht werden.<\/p>\n<p data-sourcepos=\"13:1-13:168\">Es liegt in der Verantwortung des Kunden, die Allgemeinen Gesch\u00e4ftsbedingungen und die Datenschutzrichtlinie der externen Website zu \u00fcberpr\u00fcfen, bevor er einen Kauf t\u00e4tigt.<\/p>\n<hr>\n<p><em>Letzte \u00c4nderung: 18.01.2026<\/em><\/p>\t\t\t\t\t\t\t\t<\/div>\n\t\t\t\t<\/div>\n\t\t\t\t<\/div>\n\t\t\t\t<\/div>","protected":false},"excerpt":{"rendered":"<p>Conditions G\u00e9n\u00e9rales de Vente (CGV) &#8211; Clients Article 1 &#8211; Objet Les pr\u00e9sentes Conditions G\u00e9n\u00e9rales de Vente (CGV) encadrent les relations entre Furzo, plateforme de mise en relation entre artistes et acheteurs de produits furry, et les clients utilisant la plateforme pour effectuer des achats. Article 2 &#8211; D\u00e9finitions Furzo : La plateforme de mise &#8230; <a title=\"Allgemeine Gesch\u00e4ftsbedingungen (AGB)\" class=\"read-more\" href=\"https:\/\/furzo-marketplace.com\/de\/cgv\/\">Read more<span class=\"screen-reader-text\">Allgemeine Gesch\u00e4ftsbedingungen (AGB)<\/span><\/a><\/p>","protected":false},"author":1,"featured_media":0,"parent":0,"menu_order":0,"comment_status":"closed","ping_status":"closed","template":"","meta":{"_acf_changed":false,"footnotes":""},"class_list":["post-3663","page","type-page","status-publish"],"aioseo_notices":[],"acf":[],"_links":{"self":[{"href":"https:\/\/furzo-marketplace.com\/de\/wp-json\/wp\/v2\/pages\/3663","targetHints":{"allow":["GET"]}}],"collection":[{"href":"https:\/\/furzo-marketplace.com\/de\/wp-json\/wp\/v2\/pages"}],"about":[{"href":"https:\/\/furzo-marketplace.com\/de\/wp-json\/wp\/v2\/types\/page"}],"author":[{"embeddable":true,"href":"https:\/\/furzo-marketplace.com\/de\/wp-json\/wp\/v2\/users\/1"}],"replies":[{"embeddable":true,"href":"https:\/\/furzo-marketplace.com\/de\/wp-json\/wp\/v2\/comments?post=3663"}],"version-history":[{"count":0,"href":"https:\/\/furzo-marketplace.com\/de\/wp-json\/wp\/v2\/pages\/3663\/revisions"}],"wp:attachment":[{"href":"https:\/\/furzo-marketplace.com\/de\/wp-json\/wp\/v2\/media?parent=3663"}],"curies":[{"name":"wp","href":"https:\/\/api.w.org\/{rel}","templated":true}]}}