{"id":3317,"date":"2024-10-07T12:33:20","date_gmt":"2024-10-07T10:33:20","guid":{"rendered":"https:\/\/furzo-marketplace.com\/?page_id=3317"},"modified":"2025-07-07T10:49:49","modified_gmt":"2025-07-07T09:49:49","slug":"a-propos","status":"publish","type":"page","link":"https:\/\/furzo-marketplace.com\/de\/a-propos\/","title":{"rendered":"\u00dcber uns"},"content":{"rendered":"<div data-elementor-type=\"wp-page\" data-elementor-id=\"3317\" class=\"elementor elementor-3317\" data-elementor-post-type=\"page\">\n\t\t\t\t<div class=\"elementor-element elementor-element-627e9f8e e-con-full e-flex e-con e-parent\" data-id=\"627e9f8e\" data-element_type=\"container\" data-e-type=\"container\">\n\t\t\t\t<div class=\"elementor-element elementor-element-7cccc92 elementor-widget elementor-widget-heading\" data-id=\"7cccc92\" data-element_type=\"widget\" data-e-type=\"widget\" data-widget_type=\"heading.default\">\n\t\t\t\t<div class=\"elementor-widget-container\">\n\t\t\t\t\t<h1 class=\"elementor-heading-title elementor-size-default\">\u00dcber Furzo<\/h1>\t\t\t\t<\/div>\n\t\t\t\t<\/div>\n\t\t<div class=\"elementor-element elementor-element-dac4d60 e-grid e-con-full e-con e-child\" data-id=\"dac4d60\" data-element_type=\"container\" data-e-type=\"container\">\n\t\t\t\t<div class=\"elementor-element elementor-element-df50632 elementor-widget elementor-widget-image\" data-id=\"df50632\" data-element_type=\"widget\" data-e-type=\"widget\" data-widget_type=\"image.default\">\n\t\t\t\t<div class=\"elementor-widget-container\">\n\t\t\t\t\t\t\t\t\t\t\t\t\t\t\t<img fetchpriority=\"high\" decoding=\"async\" width=\"2560\" height=\"1440\" src=\"https:\/\/furzo-marketplace.com\/wp-content\/uploads\/2025\/05\/Banniere-Furzo-2.png\" class=\"attachment-full size-full wp-image-5776\" alt=\"\" srcset=\"https:\/\/furzo-marketplace.com\/wp-content\/uploads\/2025\/05\/Banniere-Furzo-2.png 2560w, https:\/\/furzo-marketplace.com\/wp-content\/uploads\/2025\/05\/Banniere-Furzo-2-500x281.png 500w, https:\/\/furzo-marketplace.com\/wp-content\/uploads\/2025\/05\/Banniere-Furzo-2-1024x576.png 1024w, https:\/\/furzo-marketplace.com\/wp-content\/uploads\/2025\/05\/Banniere-Furzo-2-768x432.png 768w, https:\/\/furzo-marketplace.com\/wp-content\/uploads\/2025\/05\/Banniere-Furzo-2-1536x864.png 1536w, https:\/\/furzo-marketplace.com\/wp-content\/uploads\/2025\/05\/Banniere-Furzo-2-2048x1152.png 2048w, https:\/\/furzo-marketplace.com\/wp-content\/uploads\/2025\/05\/Banniere-Furzo-2-1920x1080.png 1920w\" sizes=\"(max-width: 2560px) 100vw, 2560px\" \/>\t\t\t\t\t\t\t\t\t\t\t\t\t\t\t<\/div>\n\t\t\t\t<\/div>\n\t\t\t\t<div class=\"elementor-element elementor-element-2c05e7a elementor-widget elementor-widget-text-editor\" data-id=\"2c05e7a\" data-element_type=\"widget\" data-e-type=\"widget\" data-widget_type=\"text-editor.default\">\n\t\t\t\t<div class=\"elementor-widget-container\">\n\t\t\t\t\t\t\t\t\t<div class=\"wp-block-uagb-container uagb-block-8c116979 alignwide uagb-is-root-container\"><div class=\"wp-block-uagb-container uagb-block-0e87eb6f\"><p class=\"has-medium-font-size\">Willkommen auf <strong>Furzo<\/strong>, Der Ort, an dem Pinsel, Pixel und Fursuits miteinander verschmelzen! Mein Name ist AzOwO, und ich habe diese Plattform geschaffen, damit Furry-K\u00fcnstler wie du ihre Werke ausstellen k\u00f6nnen, ohne sich den Kopf zerbrechen zu m\u00fcssen. Hier geht es um Kunst und Kreativit\u00e4t. Furzo wurde gegr\u00fcndet, um den Bed\u00fcrfnissen von K\u00fcnstlern, Kunden zu finden, gerecht zu werden.<\/p><\/div><\/div>\t\t\t\t\t\t\t\t<\/div>\n\t\t\t\t<\/div>\n\t\t\t\t<\/div>\n\t\t\t\t<div class=\"elementor-element elementor-element-39a44b0 elementor-widget elementor-widget-heading\" data-id=\"39a44b0\" data-element_type=\"widget\" data-e-type=\"widget\" data-widget_type=\"heading.default\">\n\t\t\t\t<div class=\"elementor-widget-container\">\n\t\t\t\t\t<h1 class=\"elementor-heading-title elementor-size-default\"><h2><strong>Meine Mission (und es ist keine unm\u00f6gliche Mission)<\/strong><span style=\"color: var( --e-global-color-primary );font-family: var( --e-global-typography-primary-font-family ), Sans-serif;font-size: 40px;font-style: inherit;font-weight: var( --e-global-typography-primary-font-weight )\"><\/span><\/h2><\/h1>\t\t\t\t<\/div>\n\t\t\t\t<\/div>\n\t\t\t\t<\/div>\n\t\t<div class=\"elementor-element elementor-element-4beaf10 e-grid e-con-full e-con e-parent\" data-id=\"4beaf10\" data-element_type=\"container\" data-e-type=\"container\">\n\t\t\t\t<div class=\"elementor-element elementor-element-617e567 elementor-widget elementor-widget-text-editor\" data-id=\"617e567\" data-element_type=\"widget\" data-e-type=\"widget\" data-widget_type=\"text-editor.default\">\n\t\t\t\t<div class=\"elementor-widget-container\">\n\t\t\t\t\t\t\t\t\t<div class=\"wp-block-uagb-container uagb-block-461cdd03\"><p class=\"has-medium-font-size\">Ich habe ein klares Ziel: Ich m\u00f6chte Ihnen einen Raum bieten, in dem jeder Furry-K\u00fcnstler seine Kreationen und Kommissionen verkaufen kann und gleichzeitig flexibel ist. Auf <strong>Furzo<\/strong>, Sie k\u00f6nnen sich also auf Ihre Kritzeleien, Animationen oder Fursuit konzentrieren.<\/p><\/div>\t\t\t\t\t\t\t\t<\/div>\n\t\t\t\t<\/div>\n\t\t\t\t<div class=\"elementor-element elementor-element-2f58ead elementor-widget elementor-widget-image\" data-id=\"2f58ead\" data-element_type=\"widget\" data-e-type=\"widget\" data-widget_type=\"image.default\">\n\t\t\t\t<div class=\"elementor-widget-container\">\n\t\t\t\t\t\t\t\t\t\t\t\t\t\t\t<img decoding=\"async\" width=\"1024\" height=\"1024\" src=\"https:\/\/furzo-marketplace.com\/wp-content\/uploads\/2025\/07\/Furzo-Presentation-by-Morgane.png\" class=\"attachment-large size-large wp-image-6100\" alt=\"\" srcset=\"https:\/\/furzo-marketplace.com\/wp-content\/uploads\/2025\/07\/Furzo-Presentation-by-Morgane.png 1024w, https:\/\/furzo-marketplace.com\/wp-content\/uploads\/2025\/07\/Furzo-Presentation-by-Morgane-500x500.png 500w, https:\/\/furzo-marketplace.com\/wp-content\/uploads\/2025\/07\/Furzo-Presentation-by-Morgane-150x150.png 150w, https:\/\/furzo-marketplace.com\/wp-content\/uploads\/2025\/07\/Furzo-Presentation-by-Morgane-768x768.png 768w, https:\/\/furzo-marketplace.com\/wp-content\/uploads\/2025\/07\/Furzo-Presentation-by-Morgane-64x64.png 64w, https:\/\/furzo-marketplace.com\/wp-content\/uploads\/2025\/07\/Furzo-Presentation-by-Morgane-260x260.png 260w, https:\/\/furzo-marketplace.com\/wp-content\/uploads\/2025\/07\/Furzo-Presentation-by-Morgane-100x100.png 100w\" sizes=\"(max-width: 1024px) 100vw, 1024px\" \/>\t\t\t\t\t\t\t\t\t\t\t\t\t\t\t<\/div>\n\t\t\t\t<\/div>\n\t\t\t\t<\/div>\n\t\t<div class=\"elementor-element elementor-element-8647bbb e-con-full e-flex e-con e-parent\" data-id=\"8647bbb\" data-element_type=\"container\" data-e-type=\"container\">\n\t\t\t\t<div class=\"elementor-element elementor-element-0afe1b1 elementor-widget elementor-widget-heading\" data-id=\"0afe1b1\" data-element_type=\"widget\" data-e-type=\"widget\" data-widget_type=\"heading.default\">\n\t\t\t\t<div class=\"elementor-widget-container\">\n\t\t\t\t\t<h1 class=\"elementor-heading-title elementor-size-default\">Die Werte von Furzo<\/h1>\t\t\t\t<\/div>\n\t\t\t\t<\/div>\n\t\t<div class=\"elementor-element elementor-element-8d8108f e-grid e-con-full e-con e-child\" data-id=\"8d8108f\" data-element_type=\"container\" data-e-type=\"container\">\n\t\t\t\t<div class=\"elementor-element elementor-element-0cb2fb1 elementor-widget elementor-widget-image\" data-id=\"0cb2fb1\" data-element_type=\"widget\" data-e-type=\"widget\" data-widget_type=\"image.default\">\n\t\t\t\t<div class=\"elementor-widget-container\">\n\t\t\t\t\t\t\t\t\t\t\t\t\t\t\t<img decoding=\"async\" width=\"1024\" height=\"683\" src=\"https:\/\/furzo-marketplace.com\/wp-content\/uploads\/2024\/10\/MG_0464-scaled-1024x683.jpg\" class=\"attachment-large size-large wp-image-3343\" alt=\"\" srcset=\"https:\/\/furzo-marketplace.com\/wp-content\/uploads\/2024\/10\/MG_0464-scaled-1024x683.jpg 1024w, https:\/\/furzo-marketplace.com\/wp-content\/uploads\/2024\/10\/MG_0464-scaled-500x333.jpg 500w, https:\/\/furzo-marketplace.com\/wp-content\/uploads\/2024\/10\/MG_0464-scaled-768x512.jpg 768w, https:\/\/furzo-marketplace.com\/wp-content\/uploads\/2024\/10\/MG_0464-scaled-1536x1024.jpg 1536w, https:\/\/furzo-marketplace.com\/wp-content\/uploads\/2024\/10\/MG_0464-scaled-2048x1366.jpg 2048w, https:\/\/furzo-marketplace.com\/wp-content\/uploads\/2024\/10\/MG_0464-scaled-1920x1280.jpg 1920w\" sizes=\"(max-width: 1024px) 100vw, 1024px\" \/>\t\t\t\t\t\t\t\t\t\t\t\t\t\t\t<\/div>\n\t\t\t\t<\/div>\n\t\t\t\t<div class=\"elementor-element elementor-element-b5a6b11 elementor-widget elementor-widget-text-editor\" data-id=\"b5a6b11\" data-element_type=\"widget\" data-e-type=\"widget\" data-widget_type=\"text-editor.default\">\n\t\t\t\t<div class=\"elementor-widget-container\">\n\t\t\t\t\t\t\t\t\t<p>Auf <strong>Furzo<\/strong>, Hier ist jeder willkommen, egal ob Sie ein bekannter K\u00fcnstler, Anf\u00e4nger oder Profi sind. Hier treffen Anf\u00e4nger auf Profis, und jeder findet seinen Platz. Ich w\u00fcnsche mir, dass jeder furry-K\u00fcnstler seine Kunst pr\u00e4sentieren kann.\u00a0<\/p>\t\t\t\t\t\t\t\t<\/div>\n\t\t\t\t<\/div>\n\t\t\t\t<\/div>\n\t\t\t\t<\/div>\n\t\t<div class=\"elementor-element elementor-element-826b693 e-flex e-con-boxed e-con e-parent\" data-id=\"826b693\" data-element_type=\"container\" data-e-type=\"container\">\n\t\t\t\t\t<div class=\"e-con-inner\">\n\t\t\t\t<div class=\"elementor-element elementor-element-745dc8b elementor-widget elementor-widget-heading\" data-id=\"745dc8b\" data-element_type=\"widget\" data-e-type=\"widget\" data-widget_type=\"heading.default\">\n\t\t\t\t<div class=\"elementor-widget-container\">\n\t\t\t\t\t<h1 class=\"elementor-heading-title elementor-size-default\"><h2><strong>Wer bin ich? (Kommen Sie, seien wir ehrlich)<\/strong><span style=\"color: var( --e-global-color-primary );font-family: var( --e-global-typography-primary-font-family ), Sans-serif;font-style: inherit;font-weight: var( --e-global-typography-primary-font-weight )\"><\/span><\/h2><\/h1>\t\t\t\t<\/div>\n\t\t\t\t<\/div>\n\t\t\t\t\t<\/div>\n\t\t\t\t<\/div>\n\t\t<div class=\"elementor-element elementor-element-933b660 e-grid e-con-full e-con e-parent\" data-id=\"933b660\" data-element_type=\"container\" data-e-type=\"container\">\n\t\t\t\t<div class=\"elementor-element elementor-element-25c765a elementor-widget elementor-widget-text-editor\" data-id=\"25c765a\" data-element_type=\"widget\" data-e-type=\"widget\" data-widget_type=\"text-editor.default\">\n\t\t\t\t<div class=\"elementor-widget-container\">\n\t\t\t\t\t\t\t\t\t<p class=\"has-medium-font-size\">Ich bin AzOwO, Ersteller von <strong>Furzo<\/strong>. Ich bin seit 2020 im Fandom t\u00e4tig und war ein Jahr lang Pr\u00e4sident von La Meute Normande. W\u00e4hrend meiner Zeit als Leiter habe ich festgestellt, dass viele K\u00fcnstler talentiert sind, aber nicht in der Lage sind, sich selbst zu vermarkten, also habe ich einen Raum geschaffen, in dem K\u00fcnstler und K\u00e4ufer zusammenkommen k\u00f6nnen. Kein Team, keine gro\u00dfe Struktur dahinter, nur ich und meine Leidenschaft f\u00fcr das Projekt.<\/p>\t\t\t\t\t\t\t\t<\/div>\n\t\t\t\t<\/div>\n\t\t\t\t<div class=\"elementor-element elementor-element-4035504 elementor-widget elementor-widget-image\" data-id=\"4035504\" data-element_type=\"widget\" data-e-type=\"widget\" data-widget_type=\"image.default\">\n\t\t\t\t<div class=\"elementor-widget-container\">\n\t\t\t\t\t\t\t\t\t\t\t\t\t\t\t<img loading=\"lazy\" decoding=\"async\" width=\"1024\" height=\"1024\" src=\"https:\/\/furzo-marketplace.com\/wp-content\/uploads\/2025\/07\/Furzo-Salut-by-Morgane.png\" class=\"attachment-large size-large wp-image-6101\" alt=\"\" srcset=\"https:\/\/furzo-marketplace.com\/wp-content\/uploads\/2025\/07\/Furzo-Salut-by-Morgane.png 1024w, https:\/\/furzo-marketplace.com\/wp-content\/uploads\/2025\/07\/Furzo-Salut-by-Morgane-500x500.png 500w, https:\/\/furzo-marketplace.com\/wp-content\/uploads\/2025\/07\/Furzo-Salut-by-Morgane-150x150.png 150w, https:\/\/furzo-marketplace.com\/wp-content\/uploads\/2025\/07\/Furzo-Salut-by-Morgane-768x768.png 768w, https:\/\/furzo-marketplace.com\/wp-content\/uploads\/2025\/07\/Furzo-Salut-by-Morgane-64x64.png 64w, https:\/\/furzo-marketplace.com\/wp-content\/uploads\/2025\/07\/Furzo-Salut-by-Morgane-260x260.png 260w, https:\/\/furzo-marketplace.com\/wp-content\/uploads\/2025\/07\/Furzo-Salut-by-Morgane-100x100.png 100w\" sizes=\"(max-width: 1024px) 100vw, 1024px\" \/>\t\t\t\t\t\t\t\t\t\t\t\t\t\t\t<\/div>\n\t\t\t\t<\/div>\n\t\t\t\t<\/div>\n\t\t<div class=\"elementor-element elementor-element-419fe21 e-flex e-con-boxed e-con e-parent\" data-id=\"419fe21\" data-element_type=\"container\" data-e-type=\"container\">\n\t\t\t\t\t<div class=\"e-con-inner\">\n\t\t\t\t<div class=\"elementor-element elementor-element-5798710 elementor-widget elementor-widget-heading\" data-id=\"5798710\" data-element_type=\"widget\" data-e-type=\"widget\" data-widget_type=\"heading.default\">\n\t\t\t\t<div class=\"elementor-widget-container\">\n\t\t\t\t\t<h1 class=\"elementor-heading-title elementor-size-default\">Die Geschichte von Furzo (ein kleines Projekt, das gro\u00df wurde)<\/h1>\t\t\t\t<\/div>\n\t\t\t\t<\/div>\n\t\t\t\t\t<\/div>\n\t\t\t\t<\/div>\n\t\t<div class=\"elementor-element elementor-element-c5918bb e-grid e-con-full e-con e-parent\" data-id=\"c5918bb\" data-element_type=\"container\" data-e-type=\"container\">\n\t\t\t\t<div class=\"elementor-element elementor-element-61ca141 elementor-widget elementor-widget-image\" data-id=\"61ca141\" data-element_type=\"widget\" data-e-type=\"widget\" data-widget_type=\"image.default\">\n\t\t\t\t<div class=\"elementor-widget-container\">\n\t\t\t\t\t\t\t\t\t\t\t\t\t\t\t<img loading=\"lazy\" decoding=\"async\" width=\"1024\" height=\"1024\" src=\"https:\/\/furzo-marketplace.com\/wp-content\/uploads\/2025\/07\/Furzo-Drapeau-by-Morgane.png\" class=\"attachment-large size-large wp-image-6099\" alt=\"\" srcset=\"https:\/\/furzo-marketplace.com\/wp-content\/uploads\/2025\/07\/Furzo-Drapeau-by-Morgane.png 1024w, https:\/\/furzo-marketplace.com\/wp-content\/uploads\/2025\/07\/Furzo-Drapeau-by-Morgane-500x500.png 500w, https:\/\/furzo-marketplace.com\/wp-content\/uploads\/2025\/07\/Furzo-Drapeau-by-Morgane-150x150.png 150w, https:\/\/furzo-marketplace.com\/wp-content\/uploads\/2025\/07\/Furzo-Drapeau-by-Morgane-768x768.png 768w, https:\/\/furzo-marketplace.com\/wp-content\/uploads\/2025\/07\/Furzo-Drapeau-by-Morgane-64x64.png 64w, https:\/\/furzo-marketplace.com\/wp-content\/uploads\/2025\/07\/Furzo-Drapeau-by-Morgane-260x260.png 260w, https:\/\/furzo-marketplace.com\/wp-content\/uploads\/2025\/07\/Furzo-Drapeau-by-Morgane-100x100.png 100w\" sizes=\"(max-width: 1024px) 100vw, 1024px\" \/>\t\t\t\t\t\t\t\t\t\t\t\t\t\t\t<\/div>\n\t\t\t\t<\/div>\n\t\t\t\t<div class=\"elementor-element elementor-element-ae01c0c elementor-widget elementor-widget-text-editor\" data-id=\"ae01c0c\" data-element_type=\"widget\" data-e-type=\"widget\" data-widget_type=\"text-editor.default\">\n\t\t\t\t<div class=\"elementor-widget-container\">\n\t\t\t\t\t\t\t\t\t<p>Furzo entstand aus einer einfachen Feststellung heraus: Es fehlte eine Plattform f\u00fcr Furry-K\u00fcnstler, ein Ort, an dem jeder seine Werke verkaufen konnte, ohne durch administrative Labyrinthe zu gehen. Au\u00dferdem haben einige K\u00fcnstler viel Talent, schaffen es aber nicht, in den Netzwerken bekannt zu werden. Also beschloss ich, diesen Marketplace zu gr\u00fcnden. Es hat mich einiges an Kaffee, Arbeit, Hinterfragen und Nachdenken gekostet, aber hier bin ich nun, bereit, Ihnen eine Plattform zu bieten, die zu Ihnen passt.<\/p>\t\t\t\t\t\t\t\t<\/div>\n\t\t\t\t<\/div>\n\t\t\t\t<\/div>\n\t\t<div class=\"elementor-element elementor-element-d071b6d e-flex e-con-boxed e-con e-parent\" data-id=\"d071b6d\" data-element_type=\"container\" data-e-type=\"container\">\n\t\t\t\t\t<div class=\"e-con-inner\">\n\t\t\t\t<div class=\"elementor-element elementor-element-8839e98 elementor-widget elementor-widget-heading\" data-id=\"8839e98\" data-element_type=\"widget\" data-e-type=\"widget\" data-widget_type=\"heading.default\">\n\t\t\t\t<div class=\"elementor-widget-container\">\n\t\t\t\t\t<h1 class=\"elementor-heading-title elementor-size-default\">Schlie\u00dfen Sie sich dem Abenteuer an (versprochen, es ist bissfrei)<\/h1>\t\t\t\t<\/div>\n\t\t\t\t<\/div>\n\t\t\t\t\t<\/div>\n\t\t\t\t<\/div>\n\t\t<div class=\"elementor-element elementor-element-333d633 e-flex e-con-boxed e-con e-parent\" data-id=\"333d633\" data-element_type=\"container\" data-e-type=\"container\">\n\t\t\t\t\t<div class=\"e-con-inner\">\n\t\t\t\t<div class=\"elementor-element elementor-element-9a01c11 elementor-widget elementor-widget-text-editor\" data-id=\"9a01c11\" data-element_type=\"widget\" data-e-type=\"widget\" data-widget_type=\"text-editor.default\">\n\t\t\t\t<div class=\"elementor-widget-container\">\n\t\t\t\t\t\t\t\t\t<p>Haben Sie Lust, sich mir in diesem Abenteuer anzuschlie\u00dfen? Erstellen Sie Ihr Konto, er\u00f6ffnen Sie Ihren Shop und fangen Sie an, Ihre Kreationen mit der Community zu teilen. Ich bin hier, um daf\u00fcr zu sorgen, dass alles wie am Schn\u00fcrchen l\u00e4uft und Ihnen die bestm\u00f6gliche Erfahrung zu bieten.<\/p>\t\t\t\t\t\t\t\t<\/div>\n\t\t\t\t<\/div>\n\t\t\t\t\t<\/div>\n\t\t\t\t<\/div>\n\t\t<div class=\"elementor-element elementor-element-caa04b8 e-flex e-con-boxed e-con e-parent\" data-id=\"caa04b8\" data-element_type=\"container\" data-e-type=\"container\">\n\t\t\t\t\t<div class=\"e-con-inner\">\n\t\t\t\t<div class=\"elementor-element elementor-element-a0ddca6 elementor-align-center elementor-widget elementor-widget-button\" data-id=\"a0ddca6\" data-element_type=\"widget\" data-e-type=\"widget\" data-widget_type=\"button.default\">\n\t\t\t\t<div class=\"elementor-widget-container\">\n\t\t\t\t\t\t\t\t\t<div class=\"elementor-button-wrapper\">\n\t\t\t\t\t<a class=\"elementor-button elementor-button-link elementor-size-sm elementor-animation-grow\" href=\"https:\/\/furzo-marketplace.com\/de\/my-account\/\">\n\t\t\t\t\t\t<span class=\"elementor-button-content-wrapper\">\n\t\t\t\t\t\t\t\t\t<span class=\"elementor-button-text\">Schlie\u00dfen Sie sich dem Abenteuer an<\/span>\n\t\t\t\t\t<\/span>\n\t\t\t\t\t<\/a>\n\t\t\t\t<\/div>\n\t\t\t\t\t\t\t\t<\/div>\n\t\t\t\t<\/div>\n\t\t\t\t\t<\/div>\n\t\t\t\t<\/div>\n\t\t<div class=\"elementor-element elementor-element-134e431 e-flex e-con-boxed e-con e-parent\" data-id=\"134e431\" data-element_type=\"container\" data-e-type=\"container\">\n\t\t\t\t\t<div class=\"e-con-inner\">\n\t\t\t\t<div class=\"elementor-element elementor-element-4270d62 elementor-widget elementor-widget-text-editor\" data-id=\"4270d62\" data-element_type=\"widget\" data-e-type=\"widget\" data-widget_type=\"text-editor.default\">\n\t\t\t\t<div class=\"elementor-widget-container\">\n\t\t\t\t\t\t\t\t\t<p>Dank an <a href=\"https:\/\/www.instagram.com\/kuranaika\/\">Kuranaika<\/a> f\u00fcr das Logo von Furzo und <a href=\"https:\/\/www.instagram.com\/morgane_atelier.creatif\/\">Morgana<\/a> f\u00fcr Sticker<\/p>\t\t\t\t\t\t\t\t<\/div>\n\t\t\t\t<\/div>\n\t\t\t\t\t<\/div>\n\t\t\t\t<\/div>\n\t\t\t\t<\/div>","protected":false},"excerpt":{"rendered":"<p>\u00c0 propos de Furzo Bienvenue sur Furzo, l\u2019endroit o\u00f9 les pinceaux, les pixels et les fursuits s\u2019entrem\u00ealent ! Je m\u2019appelle AzOwO, et j\u2019ai cr\u00e9\u00e9 cette plateforme pour que les artistes furry, comme toi, puissent exposer leurs \u0153uvres sans se prendre la t\u00eate. Ici, c\u2019est de l\u2019art et de la cr\u00e9ativit\u00e9. Furzo a \u00e9t\u00e9 cr\u00e9\u00e9 pour &#8230; <a title=\"\u00dcber uns\" class=\"read-more\" href=\"https:\/\/furzo-marketplace.com\/de\/a-propos\/\">Read more<span class=\"screen-reader-text\">\u00dcber uns<\/span><\/a><\/p>","protected":false},"author":1,"featured_media":0,"parent":0,"menu_order":0,"comment_status":"closed","ping_status":"closed","template":"","meta":{"_acf_changed":false,"footnotes":""},"class_list":["post-3317","page","type-page","status-publish"],"aioseo_notices":[],"acf":[],"_links":{"self":[{"href":"https:\/\/furzo-marketplace.com\/de\/wp-json\/wp\/v2\/pages\/3317","targetHints":{"allow":["GET"]}}],"collection":[{"href":"https:\/\/furzo-marketplace.com\/de\/wp-json\/wp\/v2\/pages"}],"about":[{"href":"https:\/\/furzo-marketplace.com\/de\/wp-json\/wp\/v2\/types\/page"}],"author":[{"embeddable":true,"href":"https:\/\/furzo-marketplace.com\/de\/wp-json\/wp\/v2\/users\/1"}],"replies":[{"embeddable":true,"href":"https:\/\/furzo-marketplace.com\/de\/wp-json\/wp\/v2\/comments?post=3317"}],"version-history":[{"count":0,"href":"https:\/\/furzo-marketplace.com\/de\/wp-json\/wp\/v2\/pages\/3317\/revisions"}],"wp:attachment":[{"href":"https:\/\/furzo-marketplace.com\/de\/wp-json\/wp\/v2\/media?parent=3317"}],"curies":[{"name":"wp","href":"https:\/\/api.w.org\/{rel}","templated":true}]}}