{"id":3292,"date":"2024-10-07T09:56:07","date_gmt":"2024-10-07T07:56:07","guid":{"rendered":"https:\/\/furzo-marketplace.com\/?page_id=3292"},"modified":"2025-03-21T12:28:05","modified_gmt":"2025-03-21T11:28:05","slug":"contact","status":"publish","type":"page","link":"https:\/\/furzo-marketplace.com\/de\/contact\/","title":{"rendered":"Kontakt"},"content":{"rendered":"\t\t<div data-elementor-type=\"wp-page\" data-elementor-id=\"3292\" class=\"elementor elementor-3292\" data-elementor-post-type=\"page\">\n\t\t\t\t<div class=\"elementor-element elementor-element-dddc36a e-con-full e-flex e-con e-parent\" data-id=\"dddc36a\" data-element_type=\"container\" data-e-type=\"container\">\n\t\t\t\t<div class=\"elementor-element elementor-element-cab759b elementor-widget elementor-widget-heading\" data-id=\"cab759b\" data-element_type=\"widget\" data-e-type=\"widget\" data-widget_type=\"heading.default\">\n\t\t\t\t<div class=\"elementor-widget-container\">\n\t\t\t\t\t<h1 class=\"elementor-heading-title elementor-size-default\">Page de Contact<\/h1>\t\t\t\t<\/div>\n\t\t\t\t<\/div>\n\t\t\t\t<\/div>\n\t\t<div class=\"elementor-element elementor-element-bb5d722 e-flex e-con-boxed e-con e-parent\" data-id=\"bb5d722\" data-element_type=\"container\" data-e-type=\"container\">\n\t\t\t\t\t<div class=\"e-con-inner\">\n\t\t<div class=\"elementor-element elementor-element-c5e0cdf e-con-full e-flex e-con e-child\" data-id=\"c5e0cdf\" data-element_type=\"container\" data-e-type=\"container\">\n\t\t\t\t<div class=\"elementor-element elementor-element-b7713d4 elementor-widget__width-initial elementor-widget elementor-widget-text-editor\" data-id=\"b7713d4\" data-element_type=\"widget\" data-e-type=\"widget\" data-widget_type=\"text-editor.default\">\n\t\t\t\t<div class=\"elementor-widget-container\">\n\t\t\t\t\t\t\t\t\t<p><strong>Avant de nous contacter, consultez nos r\u00e9ponses aux questions courantes :<\/strong><\/p>\t\t\t\t\t\t\t\t<\/div>\n\t\t\t\t<\/div>\n\t\t\t\t<\/div>\n\t\t<div class=\"elementor-element elementor-element-124116d e-con-full e-flex e-con e-child\" data-id=\"124116d\" data-element_type=\"container\" data-e-type=\"container\">\n\t\t\t\t<div class=\"elementor-element elementor-element-1b424a9 elementor-widget elementor-widget-heading\" data-id=\"1b424a9\" data-element_type=\"widget\" data-e-type=\"widget\" data-widget_type=\"heading.default\">\n\t\t\t\t<div class=\"elementor-widget-container\">\n\t\t\t\t\t<h2 class=\"elementor-heading-title elementor-size-default\"><h2 style=\"font-style: normal;width: 525px;position: relative;min-width: unset !important\">Formulaire de contact<span style=\"font-family: inherit;font-style: inherit;text-align: var(--text-align)\"><\/span><\/h2><\/h2>\t\t\t\t<\/div>\n\t\t\t\t<\/div>\n\t\t\t\t<\/div>\n\t\t<div class=\"elementor-element elementor-element-442d012 e-con-full e-flex e-con e-child\" data-id=\"442d012\" data-element_type=\"container\" data-e-type=\"container\">\n\t\t\t\t<div class=\"elementor-element elementor-element-6c52193 elementor-widget elementor-widget-heading\" data-id=\"6c52193\" data-element_type=\"widget\" data-e-type=\"widget\" data-widget_type=\"heading.default\">\n\t\t\t\t<div class=\"elementor-widget-container\">\n\t\t\t\t\t<h3 class=\"elementor-heading-title elementor-size-default\">Questions Fr\u00e9quemment Pos\u00e9es (FAQ)<\/h3>\t\t\t\t<\/div>\n\t\t\t\t<\/div>\n\t\t<div class=\"elementor-element elementor-element-85a177b e-con-full e-flex e-con e-child\" data-id=\"85a177b\" data-element_type=\"container\" data-e-type=\"container\">\n\t\t\t\t<\/div>\n\t\t\t\t<\/div>\n\t\t<div class=\"elementor-element elementor-element-c9960d3 e-con-full e-flex e-con e-child\" data-id=\"c9960d3\" data-element_type=\"container\" data-e-type=\"container\">\n\t\t\t\t<div class=\"elementor-element elementor-element-6bbcd59 elementor-button-align-stretch elementor-widget elementor-widget-form\" data-id=\"6bbcd59\" data-element_type=\"widget\" data-e-type=\"widget\" data-settings=\"{&quot;step_next_label&quot;:&quot;Suivant&quot;,&quot;step_previous_label&quot;:&quot;Pr\\u00e9c\\u00e9dent&quot;,&quot;button_width&quot;:&quot;100&quot;,&quot;step_type&quot;:&quot;number_text&quot;,&quot;step_icon_shape&quot;:&quot;circle&quot;}\" data-widget_type=\"form.default\">\n\t\t\t\t<div class=\"elementor-widget-container\">\n\t\t\t\t\t\t\t<form class=\"elementor-form\" method=\"post\" name=\"Formulaire de contact\" aria-label=\"Formulaire de contact\" novalidate=\"\">\n\t\t\t<input type=\"hidden\" name=\"post_id\" value=\"3292\"\/>\n\t\t\t<input type=\"hidden\" name=\"form_id\" value=\"6bbcd59\"\/>\n\t\t\t<input type=\"hidden\" name=\"referer_title\" value=\"\" \/>\n\n\t\t\t\n\t\t\t<div class=\"elementor-form-fields-wrapper elementor-labels-above\">\n\t\t\t\t\t\t\t\t<div class=\"elementor-field-type-text elementor-field-group elementor-column elementor-field-group-name elementor-col-100 elementor-field-required elementor-mark-required\">\n\t\t\t\t\t\t\t\t\t\t\t\t<label for=\"form-field-name\" class=\"elementor-field-label\">\n\t\t\t\t\t\t\t\tNom\t\t\t\t\t\t\t<\/label>\n\t\t\t\t\t\t\t\t\t\t\t\t\t\t<input size=\"1\" type=\"text\" name=\"form_fields[name]\" id=\"form-field-name\" class=\"elementor-field elementor-size-md  elementor-field-textual\" placeholder=\"Pard\" required=\"required\">\n\t\t\t\t\t\t\t\t\t\t\t<\/div>\n\t\t\t\t\t\t\t\t<div class=\"elementor-field-type-text elementor-field-group elementor-column elementor-field-group-field_a43483a elementor-col-100\">\n\t\t\t\t\t\t\t\t\t\t\t\t<label for=\"form-field-field_a43483a\" class=\"elementor-field-label\">\n\t\t\t\t\t\t\t\tPr\u00e9nom\t\t\t\t\t\t\t<\/label>\n\t\t\t\t\t\t\t\t\t\t\t\t\t\t<input size=\"1\" type=\"text\" name=\"form_fields[field_a43483a]\" id=\"form-field-field_a43483a\" class=\"elementor-field elementor-size-md  elementor-field-textual\" placeholder=\"L\u00e9o\">\n\t\t\t\t\t\t\t\t\t\t\t<\/div>\n\t\t\t\t\t\t\t\t<div class=\"elementor-field-type-email elementor-field-group elementor-column elementor-field-group-email elementor-col-100 elementor-field-required elementor-mark-required\">\n\t\t\t\t\t\t\t\t\t\t\t\t<label for=\"form-field-email\" class=\"elementor-field-label\">\n\t\t\t\t\t\t\t\tEmail\t\t\t\t\t\t\t<\/label>\n\t\t\t\t\t\t\t\t\t\t\t\t\t\t<input size=\"1\" type=\"email\" name=\"form_fields[email]\" id=\"form-field-email\" class=\"elementor-field elementor-size-md  elementor-field-textual\" placeholder=\"Email\" required=\"required\">\n\t\t\t\t\t\t\t\t\t\t\t<\/div>\n\t\t\t\t\t\t\t\t<div class=\"elementor-field-type-radio elementor-field-group elementor-column elementor-field-group-field_369a05a elementor-col-100 elementor-field-required elementor-mark-required\">\n\t\t\t\t\t\t\t\t\t\t\t\t<label for=\"form-field-field_369a05a\" class=\"elementor-field-label\">\n\t\t\t\t\t\t\t\tS\u00e9lection\t\t\t\t\t\t\t<\/label>\n\t\t\t\t\t\t<div class=\"elementor-field-subgroup  \"><span class=\"elementor-field-option\"><input type=\"radio\" value=\"Impossible de cr\u00e9er mon compte \" id=\"form-field-field_369a05a-0\" name=\"form_fields[field_369a05a]\" required=\"required\"> <label for=\"form-field-field_369a05a-0\">Impossible de cr\u00e9er mon compte <\/label><\/span><span class=\"elementor-field-option\"><input type=\"radio\" value=\"Modification de compte utilisateur\" id=\"form-field-field_369a05a-1\" name=\"form_fields[field_369a05a]\" required=\"required\"> <label for=\"form-field-field_369a05a-1\">Modification de compte utilisateur<\/label><\/span><span class=\"elementor-field-option\"><input type=\"radio\" value=\"Signaler un bug\" id=\"form-field-field_369a05a-2\" name=\"form_fields[field_369a05a]\" required=\"required\"> <label for=\"form-field-field_369a05a-2\">Signaler un bug<\/label><\/span><span class=\"elementor-field-option\"><input type=\"radio\" value=\"Suggestions d&#039;am\u00e9lioration\" id=\"form-field-field_369a05a-3\" name=\"form_fields[field_369a05a]\" required=\"required\"> <label for=\"form-field-field_369a05a-3\">Suggestions d'am\u00e9lioration<\/label><\/span><span class=\"elementor-field-option\"><input type=\"radio\" value=\"Erreur de traduction\" id=\"form-field-field_369a05a-4\" name=\"form_fields[field_369a05a]\" required=\"required\"> <label for=\"form-field-field_369a05a-4\">Erreur de traduction<\/label><\/span><span class=\"elementor-field-option\"><input type=\"radio\" value=\"Demande li\u00e9e aux informations personnelles\" id=\"form-field-field_369a05a-5\" name=\"form_fields[field_369a05a]\" required=\"required\"> <label for=\"form-field-field_369a05a-5\">Demande li\u00e9e aux informations personnelles<\/label><\/span><span class=\"elementor-field-option\"><input type=\"radio\" value=\"Offre \" id=\"form-field-field_369a05a-6\" name=\"form_fields[field_369a05a]\" required=\"required\"> <label for=\"form-field-field_369a05a-6\">Offre <\/label><\/span><span class=\"elementor-field-option\"><input type=\"radio\" value=\"Autre\" id=\"form-field-field_369a05a-7\" name=\"form_fields[field_369a05a]\" required=\"required\"> <label for=\"form-field-field_369a05a-7\">Autre<\/label><\/span><\/div>\t\t\t\t<\/div>\n\t\t\t\t\t\t\t\t<div class=\"elementor-field-type-textarea elementor-field-group elementor-column elementor-field-group-message elementor-col-100\">\n\t\t\t\t\t\t\t\t\t\t\t\t<label for=\"form-field-message\" class=\"elementor-field-label\">\n\t\t\t\t\t\t\t\tMessage\t\t\t\t\t\t\t<\/label>\n\t\t\t\t\t\t<textarea class=\"elementor-field-textual elementor-field  elementor-size-md\" name=\"form_fields[message]\" id=\"form-field-message\" rows=\"4\" placeholder=\"Message\"><\/textarea>\t\t\t\t<\/div>\n\t\t\t\t\t\t\t\t<div class=\"elementor-field-group elementor-column elementor-field-type-submit elementor-col-100 e-form__buttons\">\n\t\t\t\t\t<button class=\"elementor-button elementor-size-md\" type=\"submit\">\n\t\t\t\t\t\t<span class=\"elementor-button-content-wrapper\">\n\t\t\t\t\t\t\t\t\t\t\t\t\t\t\t\t\t\t\t\t\t\t<span class=\"elementor-button-text\">Envoyer<\/span>\n\t\t\t\t\t\t\t\t\t\t\t\t\t<\/span>\n\t\t\t\t\t<\/button>\n\t\t\t\t<\/div>\n\t\t\t<\/div>\n\t\t<\/form>\n\t\t\t\t\t\t<\/div>\n\t\t\t\t<\/div>\n\t\t\t\t<\/div>\n\t\t\t\t\t<\/div>\n\t\t\t\t<\/div>\n\t\t\t\t<\/div>\n\t\t","protected":false},"excerpt":{"rendered":"<p>Page de Contact Avant de nous contacter, consultez nos r\u00e9ponses aux questions courantes : Formulaire de contact Questions Fr\u00e9quemment Pos\u00e9es (FAQ) Comment r\u00e9initialiser mon mot de passe ? Cliquez sur \u201cMot de passe oubli\u00e9 ?\u201d sur la page de connexion et suivez les instructions pour r\u00e9initialiser votre mot de passe par email. Que faire si &#8230; <a title=\"Kontakt\" class=\"read-more\" href=\"https:\/\/furzo-marketplace.com\/de\/contact\/\">Read more<span class=\"screen-reader-text\">Kontakt<\/span><\/a><\/p>","protected":false},"author":1,"featured_media":0,"parent":0,"menu_order":0,"comment_status":"closed","ping_status":"closed","template":"","meta":{"_acf_changed":false,"footnotes":""},"class_list":["post-3292","page","type-page","status-publish"],"aioseo_notices":[],"acf":[],"_links":{"self":[{"href":"https:\/\/furzo-marketplace.com\/de\/wp-json\/wp\/v2\/pages\/3292","targetHints":{"allow":["GET"]}}],"collection":[{"href":"https:\/\/furzo-marketplace.com\/de\/wp-json\/wp\/v2\/pages"}],"about":[{"href":"https:\/\/furzo-marketplace.com\/de\/wp-json\/wp\/v2\/types\/page"}],"author":[{"embeddable":true,"href":"https:\/\/furzo-marketplace.com\/de\/wp-json\/wp\/v2\/users\/1"}],"replies":[{"embeddable":true,"href":"https:\/\/furzo-marketplace.com\/de\/wp-json\/wp\/v2\/comments?post=3292"}],"version-history":[{"count":0,"href":"https:\/\/furzo-marketplace.com\/de\/wp-json\/wp\/v2\/pages\/3292\/revisions"}],"wp:attachment":[{"href":"https:\/\/furzo-marketplace.com\/de\/wp-json\/wp\/v2\/media?parent=3292"}],"curies":[{"name":"wp","href":"https:\/\/api.w.org\/{rel}","templated":true}]}}